{"id":6372,"date":"2026-02-05T15:43:11","date_gmt":"2026-02-05T14:43:11","guid":{"rendered":"https:\/\/hlinar.sk\/?post_type=product&#038;p=6372"},"modified":"2026-02-05T15:47:43","modified_gmt":"2026-02-05T14:47:43","slug":"vzorky-pigmentov-velka-sada","status":"publish","type":"product","link":"https:\/\/hlinar.sk\/sk\/produkt\/vzorky-pigmentov-velka-sada\/","title":{"rendered":"Vzorky pigmentov (ve\u013ek\u00e1 sada)"},"content":{"rendered":"<p>&nbsp;<\/p>\n<div>&nbsp;<\/div>\n<div>&nbsp;<\/div>\n<div>&nbsp;<\/div>\n<div>&nbsp;<\/div>\n","protected":false},"excerpt":{"rendered":"<div class=\"product-details-module__content\">\n<div id=\"productDescription\" class=\"product-details__product-description\">\n<div class=\"product-details-module__content\">\n<div id=\"productDescription\" class=\"product-details__product-description\">\n<p>Sada pigmentov okrov, hliniek a oxidov, ktor\u00e9 moment\u00e1lne pon\u00fakame. Je vhodn\u00e1 pre remeseln\u00edkov, ktor\u00ed si chc\u00fa urobi\u0165 svoj vlastn\u00fd vzorkovn\u00edk s r\u00f4znymi kombin\u00e1ciami farieb a rovnako aj pre umelcov, ktor\u00fd si radi tvoria svoje vlastn\u00e9 farby. Pigmenty s\u00fa balen\u00e9 v sklen\u00fdch poh\u00e1rikoch s uzatv\u00e1rate\u013en\u00fdm v\u00ed\u010dkom.<\/p>\n<p>Sada pigmentov obsahuje:<\/p>\n<ol>\n<li>umbra Cypersk\u00e1 80g<\/li>\n<li>hned\u00fd oker 60g<\/li>\n<li>hned\u00e1 umbra 60g<\/li>\n<li>\u010dierny oxid 100g<\/li>\n<li>zelen\u00e1 umbra 80g<\/li>\n<li>zelen\u00e1 zemn\u00e1 100g<\/li>\n<li>zelen\u00e1 80g<\/li>\n<li>veronsk\u00e1 zelen\u00e1 80g<\/li>\n<li>ultramar\u00ednov\u00e1 modr\u00e1 60g<\/li>\n<li>kobaltov\u00e1 modr\u00e1 70g<\/li>\n<li>nebesky modr\u00e1 100g<\/li>\n<li>tyrkysov\u00e1 100g<\/li>\n<li>pr\u00edrodn\u00e1 siena 80g<\/li>\n<li>\u017elt\u00fd oker 60g<\/li>\n<li>havana oker 60g<\/li>\n<li>siena z B\u00e1die 60g<\/li>\n<li>\u017elt\u00fd oxid svetl\u00fd 40g<\/li>\n<li>\u017elt\u00fd oxid tmav\u00fd 40g<\/li>\n<li>\u017elt\u00e9 kari 60g<\/li>\n<li>oker jals 60g<\/li>\n<li>\u010derven\u00fd oxid 100g<\/li>\n<li>ru\u017eov\u00e9 drevo 60g<\/li>\n<li>oran\u017eov\u00fd oxid 70g<\/li>\n<li>anglick\u00e1 \u010derven\u00e1 100 g<\/li>\n<\/ol>\n<\/div>\n<\/div>\n<\/div>\n<\/div>\n","protected":false},"featured_media":6374,"comment_status":"open","ping_status":"closed","template":"","meta":{"ngg_post_thumbnail":0},"product_brand":[],"product_cat":[309],"product_tag":[],"class_list":{"0":"post-6372","1":"product","2":"type-product","3":"status-publish","4":"has-post-thumbnail","6":"product_cat-pigmenty","8":"first","9":"onbackorder","10":"taxable","11":"shipping-taxable","12":"purchasable","13":"product-type-simple"},"supplier_id":null,"supplier_sku":"","barcode":null,"atum_controlled":true,"out_stock_date":"2026-02-05 15:43:11","out_stock_threshold":null,"inheritable":false,"inbound_stock":0,"stock_on_hold":0,"sold_today":0,"sales_last_days":0,"out_stock_days":79,"lost_sales":0,"has_location":false,"update_date":"2026-04-26T00:39:17","atum_locations":[],"atum_stock_status":"onbackorder","restock_status":false,"low_stock_amount":1,"sales_update_date":"2026-04-26T00:39:17","calc_backorders":0,"yoast_head":"<!-- This site is optimized with the Yoast SEO plugin v27.2 - https:\/\/yoast.com\/product\/yoast-seo-wordpress\/ -->\n<title>Vzorky pigmentov (ve\u013ek\u00e1 sada) - HLIN\u00c1R Stano Prorok<\/title>\n<meta name=\"description\" content=\"Sada je vhodn\u00e1 pre remeseln\u00edkov, ktor\u00ed si chc\u00fa urobi\u0165 svoj vlastn\u00fd vzorkovn\u00edk hlinen\u00fdch omietok ako aj pre umelcov, ktor\u00fd radi tvoria svoje vlastn\u00e9 farby.\" \/>\n<meta name=\"robots\" content=\"index, follow, max-snippet:-1, max-image-preview:large, max-video-preview:-1\" \/>\n<link rel=\"canonical\" href=\"https:\/\/hlinar.sk\/sk\/produkt\/vzorky-pigmentov-velka-sada\/\" \/>\n<meta property=\"og:locale\" content=\"sk_SK\" \/>\n<meta property=\"og:type\" content=\"article\" \/>\n<meta property=\"og:title\" content=\"Vzorky pigmentov (ve\u013ek\u00e1 sada) - HLIN\u00c1R Stano Prorok\" \/>\n<meta property=\"og:description\" content=\"Sada je vhodn\u00e1 pre remeseln\u00edkov, ktor\u00ed si chc\u00fa urobi\u0165 svoj vlastn\u00fd vzorkovn\u00edk hlinen\u00fdch omietok ako aj pre umelcov, ktor\u00fd radi tvoria svoje vlastn\u00e9 farby.\" \/>\n<meta property=\"og:url\" content=\"https:\/\/hlinar.sk\/sk\/produkt\/vzorky-pigmentov-velka-sada\/\" \/>\n<meta property=\"og:site_name\" content=\"HLIN\u00c1R Stano Prorok\" \/>\n<meta property=\"article:modified_time\" content=\"2026-02-05T14:47:43+00:00\" \/>\n<meta property=\"og:image\" content=\"https:\/\/hlinar.sk\/sk\/wp-content\/uploads\/2026\/02\/2235912272.jpg\" \/>\n\t<meta property=\"og:image:width\" content=\"1024\" \/>\n\t<meta property=\"og:image:height\" content=\"768\" \/>\n\t<meta property=\"og:image:type\" content=\"image\/jpeg\" \/>\n<meta name=\"twitter:card\" content=\"summary_large_image\" \/>\n<meta name=\"twitter:label1\" content=\"Predpokladan\u00fd \u010das \u010d\u00edtania\" \/>\n\t<meta name=\"twitter:data1\" content=\"1 min\u00fata\" \/>\n<script type=\"application\/ld+json\" class=\"yoast-schema-graph\">{\"@context\":\"https:\/\/schema.org\",\"@graph\":[{\"@type\":\"WebPage\",\"@id\":\"https:\/\/hlinar.sk\/produkt\/vzorky-pigmentov-velka-sada\/\",\"url\":\"https:\/\/hlinar.sk\/produkt\/vzorky-pigmentov-velka-sada\/\",\"name\":\"Vzorky pigmentov (ve\u013ek\u00e1 sada) - HLIN\u00c1R Stano Prorok\",\"isPartOf\":{\"@id\":\"https:\/\/hlinar.sk\/#website\"},\"primaryImageOfPage\":{\"@id\":\"https:\/\/hlinar.sk\/produkt\/vzorky-pigmentov-velka-sada\/#primaryimage\"},\"image\":{\"@id\":\"https:\/\/hlinar.sk\/produkt\/vzorky-pigmentov-velka-sada\/#primaryimage\"},\"thumbnailUrl\":\"https:\/\/hlinar.sk\/sk\/wp-content\/uploads\/2026\/02\/2235912272.jpg\",\"datePublished\":\"2026-02-05T14:43:11+00:00\",\"dateModified\":\"2026-02-05T14:47:43+00:00\",\"description\":\"Sada je vhodn\u00e1 pre remeseln\u00edkov, ktor\u00ed si chc\u00fa urobi\u0165 svoj vlastn\u00fd vzorkovn\u00edk hlinen\u00fdch omietok ako aj pre umelcov, ktor\u00fd radi tvoria svoje vlastn\u00e9 farby.\",\"breadcrumb\":{\"@id\":\"https:\/\/hlinar.sk\/produkt\/vzorky-pigmentov-velka-sada\/#breadcrumb\"},\"inLanguage\":\"sk-SK\",\"potentialAction\":[{\"@type\":\"ReadAction\",\"target\":[\"https:\/\/hlinar.sk\/produkt\/vzorky-pigmentov-velka-sada\/\"]}]},{\"@type\":\"ImageObject\",\"inLanguage\":\"sk-SK\",\"@id\":\"https:\/\/hlinar.sk\/produkt\/vzorky-pigmentov-velka-sada\/#primaryimage\",\"url\":\"https:\/\/hlinar.sk\/sk\/wp-content\/uploads\/2026\/02\/2235912272.jpg\",\"contentUrl\":\"https:\/\/hlinar.sk\/sk\/wp-content\/uploads\/2026\/02\/2235912272.jpg\",\"width\":1024,\"height\":768},{\"@type\":\"BreadcrumbList\",\"@id\":\"https:\/\/hlinar.sk\/produkt\/vzorky-pigmentov-velka-sada\/#breadcrumb\",\"itemListElement\":[{\"@type\":\"ListItem\",\"position\":1,\"name\":\"Home\",\"item\":\"https:\/\/hlinar.sk\/\"},{\"@type\":\"ListItem\",\"position\":2,\"name\":\"Vzorky pigmentov (ve\u013ek\u00e1 sada)\"}]},{\"@type\":\"WebSite\",\"@id\":\"https:\/\/hlinar.sk\/#website\",\"url\":\"https:\/\/hlinar.sk\/\",\"name\":\"HLIN\u00c1R Stano Prorok\",\"description\":\"Stavebniny od pr\u00edrody.\",\"publisher\":{\"@id\":\"https:\/\/hlinar.sk\/#organization\"},\"potentialAction\":[{\"@type\":\"SearchAction\",\"target\":{\"@type\":\"EntryPoint\",\"urlTemplate\":\"https:\/\/hlinar.sk\/?s={search_term_string}\"},\"query-input\":{\"@type\":\"PropertyValueSpecification\",\"valueRequired\":true,\"valueName\":\"search_term_string\"}}],\"inLanguage\":\"sk-SK\"},{\"@type\":\"Organization\",\"@id\":\"https:\/\/hlinar.sk\/#organization\",\"name\":\"HLIN\u00c1R Stano Prorok\",\"url\":\"https:\/\/hlinar.sk\/\",\"logo\":{\"@type\":\"ImageObject\",\"inLanguage\":\"sk-SK\",\"@id\":\"https:\/\/hlinar.sk\/#\/schema\/logo\/image\/\",\"url\":\"https:\/\/hlinar.sk\/sk\/wp-content\/uploads\/2020\/11\/logo-na-stranku-s-nazvom-priesvit-biele.png\",\"contentUrl\":\"https:\/\/hlinar.sk\/sk\/wp-content\/uploads\/2020\/11\/logo-na-stranku-s-nazvom-priesvit-biele.png\",\"width\":8048,\"height\":1432,\"caption\":\"HLIN\u00c1R Stano Prorok\"},\"image\":{\"@id\":\"https:\/\/hlinar.sk\/#\/schema\/logo\/image\/\"}}]}<\/script>\n<!-- \/ Yoast SEO plugin. -->","yoast_head_json":{"title":"Vzorky pigmentov (ve\u013ek\u00e1 sada) - HLIN\u00c1R Stano Prorok","description":"Sada je vhodn\u00e1 pre remeseln\u00edkov, ktor\u00ed si chc\u00fa urobi\u0165 svoj vlastn\u00fd vzorkovn\u00edk hlinen\u00fdch omietok ako aj pre umelcov, ktor\u00fd radi tvoria svoje vlastn\u00e9 farby.","robots":{"index":"index","follow":"follow","max-snippet":"max-snippet:-1","max-image-preview":"max-image-preview:large","max-video-preview":"max-video-preview:-1"},"canonical":"https:\/\/hlinar.sk\/sk\/produkt\/vzorky-pigmentov-velka-sada\/","og_locale":"sk_SK","og_type":"article","og_title":"Vzorky pigmentov (ve\u013ek\u00e1 sada) - HLIN\u00c1R Stano Prorok","og_description":"Sada je vhodn\u00e1 pre remeseln\u00edkov, ktor\u00ed si chc\u00fa urobi\u0165 svoj vlastn\u00fd vzorkovn\u00edk hlinen\u00fdch omietok ako aj pre umelcov, ktor\u00fd radi tvoria svoje vlastn\u00e9 farby.","og_url":"https:\/\/hlinar.sk\/sk\/produkt\/vzorky-pigmentov-velka-sada\/","og_site_name":"HLIN\u00c1R Stano Prorok","article_modified_time":"2026-02-05T14:47:43+00:00","og_image":[{"width":1024,"height":768,"url":"https:\/\/hlinar.sk\/sk\/wp-content\/uploads\/2026\/02\/2235912272.jpg","type":"image\/jpeg"}],"twitter_card":"summary_large_image","twitter_misc":{"Predpokladan\u00fd \u010das \u010d\u00edtania":"1 min\u00fata"},"schema":{"@context":"https:\/\/schema.org","@graph":[{"@type":"WebPage","@id":"https:\/\/hlinar.sk\/produkt\/vzorky-pigmentov-velka-sada\/","url":"https:\/\/hlinar.sk\/produkt\/vzorky-pigmentov-velka-sada\/","name":"Vzorky pigmentov (ve\u013ek\u00e1 sada) - HLIN\u00c1R Stano Prorok","isPartOf":{"@id":"https:\/\/hlinar.sk\/#website"},"primaryImageOfPage":{"@id":"https:\/\/hlinar.sk\/produkt\/vzorky-pigmentov-velka-sada\/#primaryimage"},"image":{"@id":"https:\/\/hlinar.sk\/produkt\/vzorky-pigmentov-velka-sada\/#primaryimage"},"thumbnailUrl":"https:\/\/hlinar.sk\/sk\/wp-content\/uploads\/2026\/02\/2235912272.jpg","datePublished":"2026-02-05T14:43:11+00:00","dateModified":"2026-02-05T14:47:43+00:00","description":"Sada je vhodn\u00e1 pre remeseln\u00edkov, ktor\u00ed si chc\u00fa urobi\u0165 svoj vlastn\u00fd vzorkovn\u00edk hlinen\u00fdch omietok ako aj pre umelcov, ktor\u00fd radi tvoria svoje vlastn\u00e9 farby.","breadcrumb":{"@id":"https:\/\/hlinar.sk\/produkt\/vzorky-pigmentov-velka-sada\/#breadcrumb"},"inLanguage":"sk-SK","potentialAction":[{"@type":"ReadAction","target":["https:\/\/hlinar.sk\/produkt\/vzorky-pigmentov-velka-sada\/"]}]},{"@type":"ImageObject","inLanguage":"sk-SK","@id":"https:\/\/hlinar.sk\/produkt\/vzorky-pigmentov-velka-sada\/#primaryimage","url":"https:\/\/hlinar.sk\/sk\/wp-content\/uploads\/2026\/02\/2235912272.jpg","contentUrl":"https:\/\/hlinar.sk\/sk\/wp-content\/uploads\/2026\/02\/2235912272.jpg","width":1024,"height":768},{"@type":"BreadcrumbList","@id":"https:\/\/hlinar.sk\/produkt\/vzorky-pigmentov-velka-sada\/#breadcrumb","itemListElement":[{"@type":"ListItem","position":1,"name":"Home","item":"https:\/\/hlinar.sk\/"},{"@type":"ListItem","position":2,"name":"Vzorky pigmentov (ve\u013ek\u00e1 sada)"}]},{"@type":"WebSite","@id":"https:\/\/hlinar.sk\/#website","url":"https:\/\/hlinar.sk\/","name":"HLIN\u00c1R Stano Prorok","description":"Stavebniny od pr\u00edrody.","publisher":{"@id":"https:\/\/hlinar.sk\/#organization"},"potentialAction":[{"@type":"SearchAction","target":{"@type":"EntryPoint","urlTemplate":"https:\/\/hlinar.sk\/?s={search_term_string}"},"query-input":{"@type":"PropertyValueSpecification","valueRequired":true,"valueName":"search_term_string"}}],"inLanguage":"sk-SK"},{"@type":"Organization","@id":"https:\/\/hlinar.sk\/#organization","name":"HLIN\u00c1R Stano Prorok","url":"https:\/\/hlinar.sk\/","logo":{"@type":"ImageObject","inLanguage":"sk-SK","@id":"https:\/\/hlinar.sk\/#\/schema\/logo\/image\/","url":"https:\/\/hlinar.sk\/sk\/wp-content\/uploads\/2020\/11\/logo-na-stranku-s-nazvom-priesvit-biele.png","contentUrl":"https:\/\/hlinar.sk\/sk\/wp-content\/uploads\/2020\/11\/logo-na-stranku-s-nazvom-priesvit-biele.png","width":8048,"height":1432,"caption":"HLIN\u00c1R Stano Prorok"},"image":{"@id":"https:\/\/hlinar.sk\/#\/schema\/logo\/image\/"}}]}},"_links":{"self":[{"href":"https:\/\/hlinar.sk\/sk\/wp-json\/wp\/v2\/product\/6372","targetHints":{"allow":["GET"]}}],"collection":[{"href":"https:\/\/hlinar.sk\/sk\/wp-json\/wp\/v2\/product"}],"about":[{"href":"https:\/\/hlinar.sk\/sk\/wp-json\/wp\/v2\/types\/product"}],"replies":[{"embeddable":true,"href":"https:\/\/hlinar.sk\/sk\/wp-json\/wp\/v2\/comments?post=6372"}],"wp:featuredmedia":[{"embeddable":true,"href":"https:\/\/hlinar.sk\/sk\/wp-json\/wp\/v2\/media\/6374"}],"wp:attachment":[{"href":"https:\/\/hlinar.sk\/sk\/wp-json\/wp\/v2\/media?parent=6372"}],"wp:term":[{"taxonomy":"product_brand","embeddable":true,"href":"https:\/\/hlinar.sk\/sk\/wp-json\/wp\/v2\/product_brand?post=6372"},{"taxonomy":"product_cat","embeddable":true,"href":"https:\/\/hlinar.sk\/sk\/wp-json\/wp\/v2\/product_cat?post=6372"},{"taxonomy":"product_tag","embeddable":true,"href":"https:\/\/hlinar.sk\/sk\/wp-json\/wp\/v2\/product_tag?post=6372"}],"curies":[{"name":"wp","href":"https:\/\/api.w.org\/{rel}","templated":true}]}}