{"id":6370,"date":"2026-02-05T15:41:49","date_gmt":"2026-02-05T14:41:49","guid":{"rendered":"https:\/\/hlinar.sk\/?post_type=product&#038;p=6370"},"modified":"2026-02-05T15:43:02","modified_gmt":"2026-02-05T14:43:02","slug":"hlinene-omietky-pigmenty","status":"publish","type":"product","link":"https:\/\/hlinar.sk\/sk\/produkt\/hlinene-omietky-pigmenty\/","title":{"rendered":"Vzorky pigmentov (mal\u00e1 sada)"},"content":{"rendered":"<p>&nbsp;<\/p>\n<div>&nbsp;<\/div>\n<div>&nbsp;<\/div>\n","protected":false},"excerpt":{"rendered":"<div class=\"product-details-module__content\">\n<div id=\"productDescription\" class=\"product-details__product-description\">\n<p>Vzorky pigmentov s\u00fa balen\u00e9 pribli\u017ene po 10 ml z ka\u017edej farby, ktor\u00fa moment\u00e1lne pon\u00fakame. Jeden s\u00e1\u010dok z pigmentu teda vysta\u010d\u00ed na minim\u00e1lne na dve vzorky z dan\u00e9ho odtie\u0148u (1% a 10% objemu ) ve\u013ekosti 10&#215;20 cm.<\/p>\n<p>Vo vzorkovn\u00edku n\u00e1jdete 24 odtie\u0148ov:<\/p>\n<p>\u017dlt\u00fd oker, \u017elt\u00fd oxid svetl\u00fd, \u017elt\u00fd oxid tmav\u00fd, \u017elt\u00e9 kari, pr\u00edrodn\u00e1 siena, siena z B\u00e1die, Havana oker, Oker Jals, oran\u017eov\u00fd oxid, ru\u017eov\u00e9 drevo, anglick\u00e1 \u010derven\u00e1, \u010derven\u00fd oxid, nebesk\u00e1 modr\u00e1, kobaltov\u00e1 modr\u00e1, ultramar\u00ednov\u00e1 modr\u00e1, tyrkys, zelen\u00e1, zelen\u00e1 zemn\u00e1, Veronsk\u00e1 zelen\u00e1, zelen\u00e1 umbra, hned\u00fd oker, umbra Cypersk\u00e1, umbra hned\u00e1, \u010dierny oxid<\/p>\n<\/div>\n<\/div>\n","protected":false},"featured_media":6371,"comment_status":"open","ping_status":"closed","template":"","meta":{"ngg_post_thumbnail":0},"product_brand":[],"product_cat":[28],"product_tag":[],"class_list":{"0":"post-6370","1":"product","2":"type-product","3":"status-publish","4":"has-post-thumbnail","6":"product_cat-hlinene-omietky","8":"first","9":"onbackorder","10":"taxable","11":"shipping-taxable","12":"purchasable","13":"product-type-simple"},"supplier_id":null,"supplier_sku":"","barcode":null,"atum_controlled":true,"out_stock_date":"2026-02-05 15:41:50","out_stock_threshold":null,"inheritable":false,"inbound_stock":0,"stock_on_hold":0,"sold_today":0,"sales_last_days":0,"out_stock_days":79,"lost_sales":0,"has_location":false,"update_date":"2026-04-26T00:39:17","atum_locations":[],"atum_stock_status":"onbackorder","restock_status":false,"low_stock_amount":1,"sales_update_date":"2026-04-26T00:39:17","calc_backorders":0,"yoast_head":"<!-- This site is optimized with the Yoast SEO plugin v27.2 - https:\/\/yoast.com\/product\/yoast-seo-wordpress\/ -->\n<title>Vzorky pigmentov (mal\u00e1 sada) - HLIN\u00c1R Stano Prorok<\/title>\n<meta name=\"description\" content=\"Jeden s\u00e1\u010dok z pigmentu teda vysta\u010d\u00ed na minim\u00e1lne na dve vzorky hlinenej omietky z dan\u00e9ho odtie\u0148u pigmentu (1% a 10% objemu ) ve\u013ekosti 10x20 cm.\" \/>\n<meta name=\"robots\" content=\"index, follow, max-snippet:-1, max-image-preview:large, max-video-preview:-1\" \/>\n<link rel=\"canonical\" href=\"https:\/\/hlinar.sk\/sk\/produkt\/hlinene-omietky-pigmenty\/\" \/>\n<meta property=\"og:locale\" content=\"sk_SK\" \/>\n<meta property=\"og:type\" content=\"article\" \/>\n<meta property=\"og:title\" content=\"Vzorky pigmentov (mal\u00e1 sada) - HLIN\u00c1R Stano Prorok\" \/>\n<meta property=\"og:description\" content=\"Jeden s\u00e1\u010dok z pigmentu teda vysta\u010d\u00ed na minim\u00e1lne na dve vzorky hlinenej omietky z dan\u00e9ho odtie\u0148u pigmentu (1% a 10% objemu ) ve\u013ekosti 10x20 cm.\" \/>\n<meta property=\"og:url\" content=\"https:\/\/hlinar.sk\/sk\/produkt\/hlinene-omietky-pigmenty\/\" \/>\n<meta property=\"og:site_name\" content=\"HLIN\u00c1R Stano Prorok\" \/>\n<meta property=\"article:modified_time\" content=\"2026-02-05T14:43:02+00:00\" \/>\n<meta property=\"og:image\" content=\"https:\/\/hlinar.sk\/sk\/wp-content\/uploads\/2026\/02\/2150425482.jpg\" \/>\n\t<meta property=\"og:image:width\" content=\"1500\" \/>\n\t<meta property=\"og:image:height\" content=\"1500\" \/>\n\t<meta property=\"og:image:type\" content=\"image\/jpeg\" \/>\n<meta name=\"twitter:card\" content=\"summary_large_image\" \/>\n<meta name=\"twitter:label1\" content=\"Predpokladan\u00fd \u010das \u010d\u00edtania\" \/>\n\t<meta name=\"twitter:data1\" content=\"1 min\u00fata\" \/>\n<script type=\"application\/ld+json\" class=\"yoast-schema-graph\">{\"@context\":\"https:\/\/schema.org\",\"@graph\":[{\"@type\":\"WebPage\",\"@id\":\"https:\/\/hlinar.sk\/produkt\/hlinene-omietky-pigmenty\/\",\"url\":\"https:\/\/hlinar.sk\/produkt\/hlinene-omietky-pigmenty\/\",\"name\":\"Vzorky pigmentov (mal\u00e1 sada) - HLIN\u00c1R Stano Prorok\",\"isPartOf\":{\"@id\":\"https:\/\/hlinar.sk\/#website\"},\"primaryImageOfPage\":{\"@id\":\"https:\/\/hlinar.sk\/produkt\/hlinene-omietky-pigmenty\/#primaryimage\"},\"image\":{\"@id\":\"https:\/\/hlinar.sk\/produkt\/hlinene-omietky-pigmenty\/#primaryimage\"},\"thumbnailUrl\":\"https:\/\/hlinar.sk\/sk\/wp-content\/uploads\/2026\/02\/2150425482.jpg\",\"datePublished\":\"2026-02-05T14:41:49+00:00\",\"dateModified\":\"2026-02-05T14:43:02+00:00\",\"description\":\"Jeden s\u00e1\u010dok z pigmentu teda vysta\u010d\u00ed na minim\u00e1lne na dve vzorky hlinenej omietky z dan\u00e9ho odtie\u0148u pigmentu (1% a 10% objemu ) ve\u013ekosti 10x20 cm.\",\"breadcrumb\":{\"@id\":\"https:\/\/hlinar.sk\/produkt\/hlinene-omietky-pigmenty\/#breadcrumb\"},\"inLanguage\":\"sk-SK\",\"potentialAction\":[{\"@type\":\"ReadAction\",\"target\":[\"https:\/\/hlinar.sk\/produkt\/hlinene-omietky-pigmenty\/\"]}]},{\"@type\":\"ImageObject\",\"inLanguage\":\"sk-SK\",\"@id\":\"https:\/\/hlinar.sk\/produkt\/hlinene-omietky-pigmenty\/#primaryimage\",\"url\":\"https:\/\/hlinar.sk\/sk\/wp-content\/uploads\/2026\/02\/2150425482.jpg\",\"contentUrl\":\"https:\/\/hlinar.sk\/sk\/wp-content\/uploads\/2026\/02\/2150425482.jpg\",\"width\":1500,\"height\":1500},{\"@type\":\"BreadcrumbList\",\"@id\":\"https:\/\/hlinar.sk\/produkt\/hlinene-omietky-pigmenty\/#breadcrumb\",\"itemListElement\":[{\"@type\":\"ListItem\",\"position\":1,\"name\":\"Home\",\"item\":\"https:\/\/hlinar.sk\/\"},{\"@type\":\"ListItem\",\"position\":2,\"name\":\"Vzorky pigmentov (mal\u00e1 sada)\"}]},{\"@type\":\"WebSite\",\"@id\":\"https:\/\/hlinar.sk\/#website\",\"url\":\"https:\/\/hlinar.sk\/\",\"name\":\"HLIN\u00c1R Stano Prorok\",\"description\":\"Stavebniny od pr\u00edrody.\",\"publisher\":{\"@id\":\"https:\/\/hlinar.sk\/#organization\"},\"potentialAction\":[{\"@type\":\"SearchAction\",\"target\":{\"@type\":\"EntryPoint\",\"urlTemplate\":\"https:\/\/hlinar.sk\/?s={search_term_string}\"},\"query-input\":{\"@type\":\"PropertyValueSpecification\",\"valueRequired\":true,\"valueName\":\"search_term_string\"}}],\"inLanguage\":\"sk-SK\"},{\"@type\":\"Organization\",\"@id\":\"https:\/\/hlinar.sk\/#organization\",\"name\":\"HLIN\u00c1R Stano Prorok\",\"url\":\"https:\/\/hlinar.sk\/\",\"logo\":{\"@type\":\"ImageObject\",\"inLanguage\":\"sk-SK\",\"@id\":\"https:\/\/hlinar.sk\/#\/schema\/logo\/image\/\",\"url\":\"https:\/\/hlinar.sk\/sk\/wp-content\/uploads\/2020\/11\/logo-na-stranku-s-nazvom-priesvit-biele.png\",\"contentUrl\":\"https:\/\/hlinar.sk\/sk\/wp-content\/uploads\/2020\/11\/logo-na-stranku-s-nazvom-priesvit-biele.png\",\"width\":8048,\"height\":1432,\"caption\":\"HLIN\u00c1R Stano Prorok\"},\"image\":{\"@id\":\"https:\/\/hlinar.sk\/#\/schema\/logo\/image\/\"}}]}<\/script>\n<!-- \/ Yoast SEO plugin. -->","yoast_head_json":{"title":"Vzorky pigmentov (mal\u00e1 sada) - HLIN\u00c1R Stano Prorok","description":"Jeden s\u00e1\u010dok z pigmentu teda vysta\u010d\u00ed na minim\u00e1lne na dve vzorky hlinenej omietky z dan\u00e9ho odtie\u0148u pigmentu (1% a 10% objemu ) ve\u013ekosti 10x20 cm.","robots":{"index":"index","follow":"follow","max-snippet":"max-snippet:-1","max-image-preview":"max-image-preview:large","max-video-preview":"max-video-preview:-1"},"canonical":"https:\/\/hlinar.sk\/sk\/produkt\/hlinene-omietky-pigmenty\/","og_locale":"sk_SK","og_type":"article","og_title":"Vzorky pigmentov (mal\u00e1 sada) - HLIN\u00c1R Stano Prorok","og_description":"Jeden s\u00e1\u010dok z pigmentu teda vysta\u010d\u00ed na minim\u00e1lne na dve vzorky hlinenej omietky z dan\u00e9ho odtie\u0148u pigmentu (1% a 10% objemu ) ve\u013ekosti 10x20 cm.","og_url":"https:\/\/hlinar.sk\/sk\/produkt\/hlinene-omietky-pigmenty\/","og_site_name":"HLIN\u00c1R Stano Prorok","article_modified_time":"2026-02-05T14:43:02+00:00","og_image":[{"width":1500,"height":1500,"url":"https:\/\/hlinar.sk\/sk\/wp-content\/uploads\/2026\/02\/2150425482.jpg","type":"image\/jpeg"}],"twitter_card":"summary_large_image","twitter_misc":{"Predpokladan\u00fd \u010das \u010d\u00edtania":"1 min\u00fata"},"schema":{"@context":"https:\/\/schema.org","@graph":[{"@type":"WebPage","@id":"https:\/\/hlinar.sk\/produkt\/hlinene-omietky-pigmenty\/","url":"https:\/\/hlinar.sk\/produkt\/hlinene-omietky-pigmenty\/","name":"Vzorky pigmentov (mal\u00e1 sada) - HLIN\u00c1R Stano Prorok","isPartOf":{"@id":"https:\/\/hlinar.sk\/#website"},"primaryImageOfPage":{"@id":"https:\/\/hlinar.sk\/produkt\/hlinene-omietky-pigmenty\/#primaryimage"},"image":{"@id":"https:\/\/hlinar.sk\/produkt\/hlinene-omietky-pigmenty\/#primaryimage"},"thumbnailUrl":"https:\/\/hlinar.sk\/sk\/wp-content\/uploads\/2026\/02\/2150425482.jpg","datePublished":"2026-02-05T14:41:49+00:00","dateModified":"2026-02-05T14:43:02+00:00","description":"Jeden s\u00e1\u010dok z pigmentu teda vysta\u010d\u00ed na minim\u00e1lne na dve vzorky hlinenej omietky z dan\u00e9ho odtie\u0148u pigmentu (1% a 10% objemu ) ve\u013ekosti 10x20 cm.","breadcrumb":{"@id":"https:\/\/hlinar.sk\/produkt\/hlinene-omietky-pigmenty\/#breadcrumb"},"inLanguage":"sk-SK","potentialAction":[{"@type":"ReadAction","target":["https:\/\/hlinar.sk\/produkt\/hlinene-omietky-pigmenty\/"]}]},{"@type":"ImageObject","inLanguage":"sk-SK","@id":"https:\/\/hlinar.sk\/produkt\/hlinene-omietky-pigmenty\/#primaryimage","url":"https:\/\/hlinar.sk\/sk\/wp-content\/uploads\/2026\/02\/2150425482.jpg","contentUrl":"https:\/\/hlinar.sk\/sk\/wp-content\/uploads\/2026\/02\/2150425482.jpg","width":1500,"height":1500},{"@type":"BreadcrumbList","@id":"https:\/\/hlinar.sk\/produkt\/hlinene-omietky-pigmenty\/#breadcrumb","itemListElement":[{"@type":"ListItem","position":1,"name":"Home","item":"https:\/\/hlinar.sk\/"},{"@type":"ListItem","position":2,"name":"Vzorky pigmentov (mal\u00e1 sada)"}]},{"@type":"WebSite","@id":"https:\/\/hlinar.sk\/#website","url":"https:\/\/hlinar.sk\/","name":"HLIN\u00c1R Stano Prorok","description":"Stavebniny od pr\u00edrody.","publisher":{"@id":"https:\/\/hlinar.sk\/#organization"},"potentialAction":[{"@type":"SearchAction","target":{"@type":"EntryPoint","urlTemplate":"https:\/\/hlinar.sk\/?s={search_term_string}"},"query-input":{"@type":"PropertyValueSpecification","valueRequired":true,"valueName":"search_term_string"}}],"inLanguage":"sk-SK"},{"@type":"Organization","@id":"https:\/\/hlinar.sk\/#organization","name":"HLIN\u00c1R Stano Prorok","url":"https:\/\/hlinar.sk\/","logo":{"@type":"ImageObject","inLanguage":"sk-SK","@id":"https:\/\/hlinar.sk\/#\/schema\/logo\/image\/","url":"https:\/\/hlinar.sk\/sk\/wp-content\/uploads\/2020\/11\/logo-na-stranku-s-nazvom-priesvit-biele.png","contentUrl":"https:\/\/hlinar.sk\/sk\/wp-content\/uploads\/2020\/11\/logo-na-stranku-s-nazvom-priesvit-biele.png","width":8048,"height":1432,"caption":"HLIN\u00c1R Stano Prorok"},"image":{"@id":"https:\/\/hlinar.sk\/#\/schema\/logo\/image\/"}}]}},"_links":{"self":[{"href":"https:\/\/hlinar.sk\/sk\/wp-json\/wp\/v2\/product\/6370","targetHints":{"allow":["GET"]}}],"collection":[{"href":"https:\/\/hlinar.sk\/sk\/wp-json\/wp\/v2\/product"}],"about":[{"href":"https:\/\/hlinar.sk\/sk\/wp-json\/wp\/v2\/types\/product"}],"replies":[{"embeddable":true,"href":"https:\/\/hlinar.sk\/sk\/wp-json\/wp\/v2\/comments?post=6370"}],"wp:featuredmedia":[{"embeddable":true,"href":"https:\/\/hlinar.sk\/sk\/wp-json\/wp\/v2\/media\/6371"}],"wp:attachment":[{"href":"https:\/\/hlinar.sk\/sk\/wp-json\/wp\/v2\/media?parent=6370"}],"wp:term":[{"taxonomy":"product_brand","embeddable":true,"href":"https:\/\/hlinar.sk\/sk\/wp-json\/wp\/v2\/product_brand?post=6370"},{"taxonomy":"product_cat","embeddable":true,"href":"https:\/\/hlinar.sk\/sk\/wp-json\/wp\/v2\/product_cat?post=6370"},{"taxonomy":"product_tag","embeddable":true,"href":"https:\/\/hlinar.sk\/sk\/wp-json\/wp\/v2\/product_tag?post=6370"}],"curies":[{"name":"wp","href":"https:\/\/api.w.org\/{rel}","templated":true}]}}