{"id":5623,"date":"2023-03-20T09:35:38","date_gmt":"2023-03-20T08:35:38","guid":{"rendered":"https:\/\/hlinar.sk\/?post_type=product&#038;p=5623"},"modified":"2026-04-09T09:19:01","modified_gmt":"2026-04-09T07:19:01","slug":"konopny-beton-hempcrete","status":"publish","type":"product","link":"https:\/\/hlinar.sk\/sk\/produkt\/konopny-beton-hempcrete\/","title":{"rendered":"Konopn\u00fd bet\u00f3n (hempcrete) &#8211; tv\u00e1rnice"},"content":{"rendered":"","protected":false},"excerpt":{"rendered":"<p>Konopn\u00fd blok Blocco Ambiente\u00ae je pr\u00edrodn\u00fd stavebn\u00fd materi\u00e1l, ktor\u00fd kombinuje izola\u010dn\u00e9 vlastnosti konopy a tepeln\u00fa kapacitu i zdraviu prospe\u0161n\u00e9 vlastnosti v\u00e1pna. Sklad\u00e1 sa z konopn\u00e9ho pazderia, \u010do je drevnat\u00e1 \u010das\u0165 stonky technickej konopy certifikovan\u00e9ho franc\u00fazskym zdru\u017een\u00edm CenC pre stavebn\u00e9 \u00fa\u010dely, a spojiva na b\u00e1ze dolomitick\u00e9ho v\u00e1pna. Sp\u013a\u0148a v\u0161etky po\u017eiadavky na stavebn\u00fd materi\u00e1l vytv\u00e1raj\u00faci zdrav\u00e9 vn\u00fatorn\u00e9 prostredie a je v s\u00falade s princ\u00edpmi trvalo udr\u017eate\u013en\u00fdch stavieb &#8211; dosahova\u0165 nielen v\u00fdnimo\u010dn\u00e9 tepelnoizola\u010dn\u00e9 schopnosti, ale aj zni\u017eova\u0165 mno\u017estvo zabudovanej energie (PEI) v materi\u00e1loch + viaza\u0165 CO\u2082 z atmosf\u00e9ry.<\/p>\n<p><strong>Pou\u017eitie:<\/strong><br \/>\n\u2022 murovanie tepelnoizola\u010dn\u00fdch a dif\u00fazne otvoren\u00fdch<br \/>\nv\u00fdpl\u0148ov\u00fdch stien;<br \/>\n\u2022 vonkaj\u0161ie \u201eopl\u00e1\u0161tenie\u201c, izola\u010dn\u00e1 pr\u00edmurovka nov\u00fdch aj<br \/>\nexistuj\u00facich budov \u010di historick\u00fdch objektov;<br \/>\n\u2022 vn\u00fatorn\u00e1 izol\u00e1cia existuj\u00facich budov (steny, podlahy);<br \/>\n\u2022 deliace prie\u010dky s akustickou izol\u00e1ciou.<\/p>\n<p><strong>Vlastnosti:<\/strong><br \/>\n\u2022 akustick\u00fd a hygrotermick\u00fd &#8211; nielen &#8222;d\u00fdcha&#8220; ale popri<br \/>\nregul\u00e1cii vlhkosti z\u00e1rove\u0148 udr\u017eiava stabiln\u00fa teplotu,<br \/>\na v\u010faka v\u00e1pnu dezinfikuje a ionizuje ovzdu\u0161ie;<br \/>\n\u2022 antialergick\u00fd, bez toxick\u00fdch v\u00fdparov;<br \/>\n\u2022 odoln\u00fd vo\u010di oh\u0148u, hmyzu aj hlodavcom;<br \/>\n\u2022 n\u00edzka spotreba energie po\u010das v\u00fdroby;<br \/>\n\u2022 plne recyklovate\u013en\u00fd a biologicky rozlo\u017eite\u013en\u00fd.<\/p>\n<p><strong>Spracovanie:<\/strong><br \/>\n\u2022 prebieha kladen\u00edm blokov na tenk\u00fa vrstvu konopno-v\u00e1pennej malty (pomery vid. mont\u00e1\u017eny n\u00e1vod).<br \/>\n\u2022 bloky je mo\u017en\u00e9 reza\u0165 ru\u010dnou alebo elektrickou p\u00edlou (podobne ako p\u00f3robet\u00f3nov\u00e9 tv\u00e1rnice).<br \/>\n\u2022 vn\u00fatorn\u00e9 a deliace prie\u010dky je mo\u017en\u00e9 povrchovo upravi\u0165 v\u00e1pennou, hlinenou omietkou alebo in\u00fdmi priedu\u0161n\u00fdmi n\u00e1termi.<br \/>\n\u2022 vonkaj\u0161ie povrchy m\u00f4\u017eu zosta\u0165 poh\u013eadov\u00e9 (transparentn\u00fd n\u00e1ter) alebo rie\u0161en\u00e9 priedu\u0161n\u00fdmi povrchov\u00fdmi \u00fapravami.<\/p>\n<p><img loading=\"lazy\" decoding=\"async\" class=\"wp-image-5628 size-full\" src=\"https:\/\/hlinar.sk\/sk\/wp-content\/uploads\/2023\/02\/tabulka-k-blokom.jpg\" alt=\"konopn\u00fd bet\u00f3n - bloky\" width=\"750\" height=\"491\" srcset=\"https:\/\/hlinar.sk\/sk\/wp-content\/uploads\/2023\/02\/tabulka-k-blokom.jpg 750w, https:\/\/hlinar.sk\/sk\/wp-content\/uploads\/2023\/02\/tabulka-k-blokom-300x196.jpg 300w, https:\/\/hlinar.sk\/sk\/wp-content\/uploads\/2023\/02\/tabulka-k-blokom-18x12.jpg 18w, https:\/\/hlinar.sk\/sk\/wp-content\/uploads\/2023\/02\/tabulka-k-blokom-324x212.jpg 324w, https:\/\/hlinar.sk\/sk\/wp-content\/uploads\/2023\/02\/tabulka-k-blokom-416x272.jpg 416w\" sizes=\"auto, (max-width: 750px) 100vw, 750px\" \/><\/p>\n","protected":false},"featured_media":5627,"comment_status":"open","ping_status":"closed","template":"","meta":{"ngg_post_thumbnail":0},"product_brand":[],"product_cat":[547],"product_tag":[],"class_list":{"0":"post-5623","1":"product","2":"type-product","3":"status-publish","4":"has-post-thumbnail","6":"product_cat-konopne-produkty","8":"first","9":"onbackorder","10":"taxable","11":"shipping-taxable","12":"purchasable","13":"product-type-variable"},"supplier_id":null,"supplier_sku":"","barcode":null,"atum_controlled":true,"out_stock_date":"2023-02-11 15:30:34","out_stock_threshold":null,"inheritable":true,"inbound_stock":0,"stock_on_hold":12,"sold_today":0,"sales_last_days":0,"out_stock_days":1168,"lost_sales":0,"has_location":false,"update_date":"2026-04-25T00:38:17","atum_locations":[],"atum_stock_status":"onbackorder","restock_status":false,"low_stock_amount":"","sales_update_date":"2026-04-25T00:38:17","calc_backorders":0,"yoast_head":"<!-- This site is optimized with the Yoast SEO plugin v27.2 - https:\/\/yoast.com\/product\/yoast-seo-wordpress\/ -->\n<title>Konopn\u00fd bet\u00f3n (hempcrete) - tv\u00e1rnice - HLIN\u00c1R Stano Prorok<\/title>\n<meta name=\"description\" content=\"Konopn\u00fd blok je pr\u00edrodn\u00fd stavebn\u00fd materi\u00e1l, ktor\u00fd kombinuje izola\u010dn\u00e9 vlastnosti konopy a tepeln\u00fa kapacitu i zdraviu prospe\u0161n\u00e9 vlastnosti v\u00e1pna.\" \/>\n<meta name=\"robots\" content=\"index, follow, max-snippet:-1, max-image-preview:large, max-video-preview:-1\" \/>\n<link rel=\"canonical\" href=\"https:\/\/hlinar.sk\/sk\/produkt\/konopny-beton-hempcrete\/\" \/>\n<meta property=\"og:locale\" content=\"sk_SK\" \/>\n<meta property=\"og:type\" content=\"article\" \/>\n<meta property=\"og:title\" content=\"Konopn\u00fd bet\u00f3n (hempcrete) - tv\u00e1rnice - HLIN\u00c1R Stano Prorok\" \/>\n<meta property=\"og:description\" content=\"Konopn\u00fd blok je pr\u00edrodn\u00fd stavebn\u00fd materi\u00e1l, ktor\u00fd kombinuje izola\u010dn\u00e9 vlastnosti konopy a tepeln\u00fa kapacitu i zdraviu prospe\u0161n\u00e9 vlastnosti v\u00e1pna.\" \/>\n<meta property=\"og:url\" content=\"https:\/\/hlinar.sk\/sk\/produkt\/konopny-beton-hempcrete\/\" \/>\n<meta property=\"og:site_name\" content=\"HLIN\u00c1R Stano Prorok\" \/>\n<meta property=\"article:modified_time\" content=\"2026-04-09T07:19:01+00:00\" \/>\n<meta property=\"og:image\" content=\"https:\/\/hlinar.sk\/sk\/wp-content\/uploads\/2023\/02\/konop.BLOKY_tech.list_-1.png\" \/>\n\t<meta property=\"og:image:width\" content=\"1025\" \/>\n\t<meta property=\"og:image:height\" content=\"308\" \/>\n\t<meta property=\"og:image:type\" content=\"image\/png\" \/>\n<meta name=\"twitter:card\" content=\"summary_large_image\" \/>\n<script type=\"application\/ld+json\" class=\"yoast-schema-graph\">{\"@context\":\"https:\/\/schema.org\",\"@graph\":[{\"@type\":\"WebPage\",\"@id\":\"https:\/\/hlinar.sk\/produkt\/konopny-beton-hempcrete\/\",\"url\":\"https:\/\/hlinar.sk\/produkt\/konopny-beton-hempcrete\/\",\"name\":\"Konopn\u00fd bet\u00f3n (hempcrete) - tv\u00e1rnice - HLIN\u00c1R Stano Prorok\",\"isPartOf\":{\"@id\":\"https:\/\/hlinar.sk\/#website\"},\"primaryImageOfPage\":{\"@id\":\"https:\/\/hlinar.sk\/produkt\/konopny-beton-hempcrete\/#primaryimage\"},\"image\":{\"@id\":\"https:\/\/hlinar.sk\/produkt\/konopny-beton-hempcrete\/#primaryimage\"},\"thumbnailUrl\":\"https:\/\/hlinar.sk\/sk\/wp-content\/uploads\/2023\/02\/konop.BLOKY_tech.list_-1.png\",\"datePublished\":\"2023-03-20T08:35:38+00:00\",\"dateModified\":\"2026-04-09T07:19:01+00:00\",\"description\":\"Konopn\u00fd blok je pr\u00edrodn\u00fd stavebn\u00fd materi\u00e1l, ktor\u00fd kombinuje izola\u010dn\u00e9 vlastnosti konopy a tepeln\u00fa kapacitu i zdraviu prospe\u0161n\u00e9 vlastnosti v\u00e1pna.\",\"breadcrumb\":{\"@id\":\"https:\/\/hlinar.sk\/produkt\/konopny-beton-hempcrete\/#breadcrumb\"},\"inLanguage\":\"sk-SK\",\"potentialAction\":[{\"@type\":\"ReadAction\",\"target\":[\"https:\/\/hlinar.sk\/produkt\/konopny-beton-hempcrete\/\"]}]},{\"@type\":\"ImageObject\",\"inLanguage\":\"sk-SK\",\"@id\":\"https:\/\/hlinar.sk\/produkt\/konopny-beton-hempcrete\/#primaryimage\",\"url\":\"https:\/\/hlinar.sk\/sk\/wp-content\/uploads\/2023\/02\/konop.BLOKY_tech.list_-1.png\",\"contentUrl\":\"https:\/\/hlinar.sk\/sk\/wp-content\/uploads\/2023\/02\/konop.BLOKY_tech.list_-1.png\",\"width\":1025,\"height\":308,\"caption\":\"konopn\u00fd bet\u00f3n - bloky\"},{\"@type\":\"BreadcrumbList\",\"@id\":\"https:\/\/hlinar.sk\/produkt\/konopny-beton-hempcrete\/#breadcrumb\",\"itemListElement\":[{\"@type\":\"ListItem\",\"position\":1,\"name\":\"Home\",\"item\":\"https:\/\/hlinar.sk\/\"},{\"@type\":\"ListItem\",\"position\":2,\"name\":\"Konopn\u00fd bet\u00f3n (hempcrete) &#8211; tv\u00e1rnice\"}]},{\"@type\":\"WebSite\",\"@id\":\"https:\/\/hlinar.sk\/#website\",\"url\":\"https:\/\/hlinar.sk\/\",\"name\":\"HLIN\u00c1R Stano Prorok\",\"description\":\"Stavebniny od pr\u00edrody.\",\"publisher\":{\"@id\":\"https:\/\/hlinar.sk\/#organization\"},\"potentialAction\":[{\"@type\":\"SearchAction\",\"target\":{\"@type\":\"EntryPoint\",\"urlTemplate\":\"https:\/\/hlinar.sk\/?s={search_term_string}\"},\"query-input\":{\"@type\":\"PropertyValueSpecification\",\"valueRequired\":true,\"valueName\":\"search_term_string\"}}],\"inLanguage\":\"sk-SK\"},{\"@type\":\"Organization\",\"@id\":\"https:\/\/hlinar.sk\/#organization\",\"name\":\"HLIN\u00c1R Stano Prorok\",\"url\":\"https:\/\/hlinar.sk\/\",\"logo\":{\"@type\":\"ImageObject\",\"inLanguage\":\"sk-SK\",\"@id\":\"https:\/\/hlinar.sk\/#\/schema\/logo\/image\/\",\"url\":\"https:\/\/hlinar.sk\/sk\/wp-content\/uploads\/2020\/11\/logo-na-stranku-s-nazvom-priesvit-biele.png\",\"contentUrl\":\"https:\/\/hlinar.sk\/sk\/wp-content\/uploads\/2020\/11\/logo-na-stranku-s-nazvom-priesvit-biele.png\",\"width\":8048,\"height\":1432,\"caption\":\"HLIN\u00c1R Stano Prorok\"},\"image\":{\"@id\":\"https:\/\/hlinar.sk\/#\/schema\/logo\/image\/\"}}]}<\/script>\n<!-- \/ Yoast SEO plugin. -->","yoast_head_json":{"title":"Konopn\u00fd bet\u00f3n (hempcrete) - tv\u00e1rnice - HLIN\u00c1R Stano Prorok","description":"Konopn\u00fd blok je pr\u00edrodn\u00fd stavebn\u00fd materi\u00e1l, ktor\u00fd kombinuje izola\u010dn\u00e9 vlastnosti konopy a tepeln\u00fa kapacitu i zdraviu prospe\u0161n\u00e9 vlastnosti v\u00e1pna.","robots":{"index":"index","follow":"follow","max-snippet":"max-snippet:-1","max-image-preview":"max-image-preview:large","max-video-preview":"max-video-preview:-1"},"canonical":"https:\/\/hlinar.sk\/sk\/produkt\/konopny-beton-hempcrete\/","og_locale":"sk_SK","og_type":"article","og_title":"Konopn\u00fd bet\u00f3n (hempcrete) - tv\u00e1rnice - HLIN\u00c1R Stano Prorok","og_description":"Konopn\u00fd blok je pr\u00edrodn\u00fd stavebn\u00fd materi\u00e1l, ktor\u00fd kombinuje izola\u010dn\u00e9 vlastnosti konopy a tepeln\u00fa kapacitu i zdraviu prospe\u0161n\u00e9 vlastnosti v\u00e1pna.","og_url":"https:\/\/hlinar.sk\/sk\/produkt\/konopny-beton-hempcrete\/","og_site_name":"HLIN\u00c1R Stano Prorok","article_modified_time":"2026-04-09T07:19:01+00:00","og_image":[{"width":1025,"height":308,"url":"https:\/\/hlinar.sk\/sk\/wp-content\/uploads\/2023\/02\/konop.BLOKY_tech.list_-1.png","type":"image\/png"}],"twitter_card":"summary_large_image","schema":{"@context":"https:\/\/schema.org","@graph":[{"@type":"WebPage","@id":"https:\/\/hlinar.sk\/produkt\/konopny-beton-hempcrete\/","url":"https:\/\/hlinar.sk\/produkt\/konopny-beton-hempcrete\/","name":"Konopn\u00fd bet\u00f3n (hempcrete) - tv\u00e1rnice - HLIN\u00c1R Stano Prorok","isPartOf":{"@id":"https:\/\/hlinar.sk\/#website"},"primaryImageOfPage":{"@id":"https:\/\/hlinar.sk\/produkt\/konopny-beton-hempcrete\/#primaryimage"},"image":{"@id":"https:\/\/hlinar.sk\/produkt\/konopny-beton-hempcrete\/#primaryimage"},"thumbnailUrl":"https:\/\/hlinar.sk\/sk\/wp-content\/uploads\/2023\/02\/konop.BLOKY_tech.list_-1.png","datePublished":"2023-03-20T08:35:38+00:00","dateModified":"2026-04-09T07:19:01+00:00","description":"Konopn\u00fd blok je pr\u00edrodn\u00fd stavebn\u00fd materi\u00e1l, ktor\u00fd kombinuje izola\u010dn\u00e9 vlastnosti konopy a tepeln\u00fa kapacitu i zdraviu prospe\u0161n\u00e9 vlastnosti v\u00e1pna.","breadcrumb":{"@id":"https:\/\/hlinar.sk\/produkt\/konopny-beton-hempcrete\/#breadcrumb"},"inLanguage":"sk-SK","potentialAction":[{"@type":"ReadAction","target":["https:\/\/hlinar.sk\/produkt\/konopny-beton-hempcrete\/"]}]},{"@type":"ImageObject","inLanguage":"sk-SK","@id":"https:\/\/hlinar.sk\/produkt\/konopny-beton-hempcrete\/#primaryimage","url":"https:\/\/hlinar.sk\/sk\/wp-content\/uploads\/2023\/02\/konop.BLOKY_tech.list_-1.png","contentUrl":"https:\/\/hlinar.sk\/sk\/wp-content\/uploads\/2023\/02\/konop.BLOKY_tech.list_-1.png","width":1025,"height":308,"caption":"konopn\u00fd bet\u00f3n - bloky"},{"@type":"BreadcrumbList","@id":"https:\/\/hlinar.sk\/produkt\/konopny-beton-hempcrete\/#breadcrumb","itemListElement":[{"@type":"ListItem","position":1,"name":"Home","item":"https:\/\/hlinar.sk\/"},{"@type":"ListItem","position":2,"name":"Konopn\u00fd bet\u00f3n (hempcrete) &#8211; tv\u00e1rnice"}]},{"@type":"WebSite","@id":"https:\/\/hlinar.sk\/#website","url":"https:\/\/hlinar.sk\/","name":"HLIN\u00c1R Stano Prorok","description":"Stavebniny od pr\u00edrody.","publisher":{"@id":"https:\/\/hlinar.sk\/#organization"},"potentialAction":[{"@type":"SearchAction","target":{"@type":"EntryPoint","urlTemplate":"https:\/\/hlinar.sk\/?s={search_term_string}"},"query-input":{"@type":"PropertyValueSpecification","valueRequired":true,"valueName":"search_term_string"}}],"inLanguage":"sk-SK"},{"@type":"Organization","@id":"https:\/\/hlinar.sk\/#organization","name":"HLIN\u00c1R Stano Prorok","url":"https:\/\/hlinar.sk\/","logo":{"@type":"ImageObject","inLanguage":"sk-SK","@id":"https:\/\/hlinar.sk\/#\/schema\/logo\/image\/","url":"https:\/\/hlinar.sk\/sk\/wp-content\/uploads\/2020\/11\/logo-na-stranku-s-nazvom-priesvit-biele.png","contentUrl":"https:\/\/hlinar.sk\/sk\/wp-content\/uploads\/2020\/11\/logo-na-stranku-s-nazvom-priesvit-biele.png","width":8048,"height":1432,"caption":"HLIN\u00c1R Stano Prorok"},"image":{"@id":"https:\/\/hlinar.sk\/#\/schema\/logo\/image\/"}}]}},"_links":{"self":[{"href":"https:\/\/hlinar.sk\/sk\/wp-json\/wp\/v2\/product\/5623","targetHints":{"allow":["GET"]}}],"collection":[{"href":"https:\/\/hlinar.sk\/sk\/wp-json\/wp\/v2\/product"}],"about":[{"href":"https:\/\/hlinar.sk\/sk\/wp-json\/wp\/v2\/types\/product"}],"replies":[{"embeddable":true,"href":"https:\/\/hlinar.sk\/sk\/wp-json\/wp\/v2\/comments?post=5623"}],"wp:featuredmedia":[{"embeddable":true,"href":"https:\/\/hlinar.sk\/sk\/wp-json\/wp\/v2\/media\/5627"}],"wp:attachment":[{"href":"https:\/\/hlinar.sk\/sk\/wp-json\/wp\/v2\/media?parent=5623"}],"wp:term":[{"taxonomy":"product_brand","embeddable":true,"href":"https:\/\/hlinar.sk\/sk\/wp-json\/wp\/v2\/product_brand?post=5623"},{"taxonomy":"product_cat","embeddable":true,"href":"https:\/\/hlinar.sk\/sk\/wp-json\/wp\/v2\/product_cat?post=5623"},{"taxonomy":"product_tag","embeddable":true,"href":"https:\/\/hlinar.sk\/sk\/wp-json\/wp\/v2\/product_tag?post=5623"}],"curies":[{"name":"wp","href":"https:\/\/api.w.org\/{rel}","templated":true}]}}