{"id":5195,"date":"2022-05-01T11:16:10","date_gmt":"2022-05-01T09:16:10","guid":{"rendered":"https:\/\/hlinar.sk\/?post_type=product&#038;p=5195"},"modified":"2024-06-21T10:34:56","modified_gmt":"2024-06-21T08:34:56","slug":"stukateska-spachtla","status":"publish","type":"product","link":"https:\/\/hlinar.sk\/sk\/produkt\/stukateska-spachtla\/","title":{"rendered":"\u0160tukat\u00e9rska \u0161pacht\u013ea obojstrann\u00e1 10mm"},"content":{"rendered":"","protected":false},"excerpt":{"rendered":"<p>\u0160tukat\u00e9rska \u0161pacht\u013ea obojstrann\u00e1 na tvarovanie plast\u00edk z hlinenej omietky alebo na dokon\u010dovanie detailov, napr\u00edklad napojenie hlinenej omietky na drevo alebo \u0161k\u00e1rovanie tehlovej steny.<\/p>\n","protected":false},"featured_media":5200,"comment_status":"open","ping_status":"closed","template":"","meta":{"ngg_post_thumbnail":0},"product_brand":[],"product_cat":[431,79],"product_tag":[113,118,112,109,42,110,121,120],"class_list":{"0":"post-5195","1":"product","2":"type-product","3":"status-publish","4":"has-post-thumbnail","6":"product_cat-spachtle","7":"product_cat-stavebne-pomocky","8":"product_tag-dekorativna-hlinena-omietka","9":"product_tag-hladene-omietky","10":"product_tag-hlinena-omietka","11":"product_tag-hlinene-materialy","12":"product_tag-hlinene-omietky","13":"product_tag-prirodne-materialy","14":"product_tag-umelecke-naradie","15":"product_tag-umelecke-potreby","17":"first","18":"outofstock","19":"taxable","20":"shipping-taxable","21":"purchasable","22":"product-type-simple"},"supplier_id":4544,"supplier_sku":"11360010SB","barcode":null,"atum_controlled":true,"out_stock_date":"2024-06-21 08:34:56","out_stock_threshold":null,"inheritable":false,"inbound_stock":0,"stock_on_hold":0,"sold_today":0,"sales_last_days":0,"out_stock_days":672,"lost_sales":0,"has_location":false,"update_date":"2026-04-25T00:38:16","atum_locations":[],"atum_stock_status":"outofstock","restock_status":false,"low_stock_amount":2,"sales_update_date":"2026-04-25T00:38:16","calc_backorders":null,"yoast_head":"<!-- This site is optimized with the Yoast SEO plugin v27.2 - https:\/\/yoast.com\/product\/yoast-seo-wordpress\/ -->\n<title>PREDAJ - \u0160tukat\u00e9rska \u0161pacht\u013ea obojstrann\u00e1 10mm - HLIN\u00c1ROVIe-shop<\/title>\n<meta name=\"description\" content=\"\u0160tukat\u00e9rska \u0161pacht\u013ea na tvarovanie plast\u00edk z hlinenej omietky alebo napojenie hlinenej omietky na drevo \u010di \u0161k\u00e1rovanie teh\u00e1l.\" \/>\n<meta name=\"robots\" content=\"index, follow, max-snippet:-1, max-image-preview:large, max-video-preview:-1\" \/>\n<link rel=\"canonical\" href=\"http:\/\/hlinar.sk\/sk\/produkt\/stukateska-spachtla\/\" \/>\n<meta property=\"og:locale\" content=\"sk_SK\" \/>\n<meta property=\"og:type\" content=\"article\" \/>\n<meta property=\"og:title\" content=\"PREDAJ - \u0160tukat\u00e9rska \u0161pacht\u013ea obojstrann\u00e1 10mm - HLIN\u00c1ROVIe-shop\" \/>\n<meta property=\"og:description\" content=\"\u0160tukat\u00e9rska \u0161pacht\u013ea na tvarovanie plast\u00edk z hlinenej omietky alebo napojenie hlinenej omietky na drevo \u010di \u0161k\u00e1rovanie teh\u00e1l.\" \/>\n<meta property=\"og:url\" content=\"http:\/\/hlinar.sk\/sk\/produkt\/stukateska-spachtla\/\" \/>\n<meta property=\"og:site_name\" content=\"HLIN\u00c1R Stano Prorok\" \/>\n<meta property=\"article:modified_time\" content=\"2024-06-21T08:34:56+00:00\" \/>\n<meta property=\"og:image\" content=\"http:\/\/hlinar.sk\/sk\/wp-content\/uploads\/2022\/05\/1445-scaled.jpg\" \/>\n\t<meta property=\"og:image:width\" content=\"2560\" \/>\n\t<meta property=\"og:image:height\" content=\"1920\" \/>\n\t<meta property=\"og:image:type\" content=\"image\/jpeg\" \/>\n<meta name=\"twitter:card\" content=\"summary_large_image\" \/>\n<script type=\"application\/ld+json\" class=\"yoast-schema-graph\">{\"@context\":\"https:\/\/schema.org\",\"@graph\":[{\"@type\":\"WebPage\",\"@id\":\"http:\/\/hlinar.sk\/sk\/produkt\/stukateska-spachtla\/\",\"url\":\"http:\/\/hlinar.sk\/sk\/produkt\/stukateska-spachtla\/\",\"name\":\"PREDAJ - \u0160tukat\u00e9rska \u0161pacht\u013ea obojstrann\u00e1 10mm - HLIN\u00c1ROVIe-shop\",\"isPartOf\":{\"@id\":\"https:\/\/hlinar.sk\/#website\"},\"primaryImageOfPage\":{\"@id\":\"http:\/\/hlinar.sk\/sk\/produkt\/stukateska-spachtla\/#primaryimage\"},\"image\":{\"@id\":\"http:\/\/hlinar.sk\/sk\/produkt\/stukateska-spachtla\/#primaryimage\"},\"thumbnailUrl\":\"https:\/\/hlinar.sk\/sk\/wp-content\/uploads\/2022\/05\/1445-scaled.jpg\",\"datePublished\":\"2022-05-01T09:16:10+00:00\",\"dateModified\":\"2024-06-21T08:34:56+00:00\",\"description\":\"\u0160tukat\u00e9rska \u0161pacht\u013ea na tvarovanie plast\u00edk z hlinenej omietky alebo napojenie hlinenej omietky na drevo \u010di \u0161k\u00e1rovanie teh\u00e1l.\",\"breadcrumb\":{\"@id\":\"http:\/\/hlinar.sk\/sk\/produkt\/stukateska-spachtla\/#breadcrumb\"},\"inLanguage\":\"sk-SK\",\"potentialAction\":[{\"@type\":\"ReadAction\",\"target\":[\"http:\/\/hlinar.sk\/sk\/produkt\/stukateska-spachtla\/\"]}]},{\"@type\":\"ImageObject\",\"inLanguage\":\"sk-SK\",\"@id\":\"http:\/\/hlinar.sk\/sk\/produkt\/stukateska-spachtla\/#primaryimage\",\"url\":\"https:\/\/hlinar.sk\/sk\/wp-content\/uploads\/2022\/05\/1445-scaled.jpg\",\"contentUrl\":\"https:\/\/hlinar.sk\/sk\/wp-content\/uploads\/2022\/05\/1445-scaled.jpg\",\"width\":2560,\"height\":1920},{\"@type\":\"BreadcrumbList\",\"@id\":\"http:\/\/hlinar.sk\/sk\/produkt\/stukateska-spachtla\/#breadcrumb\",\"itemListElement\":[{\"@type\":\"ListItem\",\"position\":1,\"name\":\"Home\",\"item\":\"https:\/\/hlinar.sk\/\"},{\"@type\":\"ListItem\",\"position\":2,\"name\":\"\u0160tukat\u00e9rska \u0161pacht\u013ea obojstrann\u00e1 10mm\"}]},{\"@type\":\"WebSite\",\"@id\":\"https:\/\/hlinar.sk\/#website\",\"url\":\"https:\/\/hlinar.sk\/\",\"name\":\"HLIN\u00c1R Stano Prorok\",\"description\":\"Stavebniny od pr\u00edrody.\",\"publisher\":{\"@id\":\"https:\/\/hlinar.sk\/#organization\"},\"potentialAction\":[{\"@type\":\"SearchAction\",\"target\":{\"@type\":\"EntryPoint\",\"urlTemplate\":\"https:\/\/hlinar.sk\/?s={search_term_string}\"},\"query-input\":{\"@type\":\"PropertyValueSpecification\",\"valueRequired\":true,\"valueName\":\"search_term_string\"}}],\"inLanguage\":\"sk-SK\"},{\"@type\":\"Organization\",\"@id\":\"https:\/\/hlinar.sk\/#organization\",\"name\":\"HLIN\u00c1R Stano Prorok\",\"url\":\"https:\/\/hlinar.sk\/\",\"logo\":{\"@type\":\"ImageObject\",\"inLanguage\":\"sk-SK\",\"@id\":\"https:\/\/hlinar.sk\/#\/schema\/logo\/image\/\",\"url\":\"https:\/\/hlinar.sk\/sk\/wp-content\/uploads\/2020\/11\/logo-na-stranku-s-nazvom-priesvit-biele.png\",\"contentUrl\":\"https:\/\/hlinar.sk\/sk\/wp-content\/uploads\/2020\/11\/logo-na-stranku-s-nazvom-priesvit-biele.png\",\"width\":8048,\"height\":1432,\"caption\":\"HLIN\u00c1R Stano Prorok\"},\"image\":{\"@id\":\"https:\/\/hlinar.sk\/#\/schema\/logo\/image\/\"}}]}<\/script>\n<!-- \/ Yoast SEO plugin. -->","yoast_head_json":{"title":"PREDAJ - \u0160tukat\u00e9rska \u0161pacht\u013ea obojstrann\u00e1 10mm - HLIN\u00c1ROVIe-shop","description":"\u0160tukat\u00e9rska \u0161pacht\u013ea na tvarovanie plast\u00edk z hlinenej omietky alebo napojenie hlinenej omietky na drevo \u010di \u0161k\u00e1rovanie teh\u00e1l.","robots":{"index":"index","follow":"follow","max-snippet":"max-snippet:-1","max-image-preview":"max-image-preview:large","max-video-preview":"max-video-preview:-1"},"canonical":"http:\/\/hlinar.sk\/sk\/produkt\/stukateska-spachtla\/","og_locale":"sk_SK","og_type":"article","og_title":"PREDAJ - \u0160tukat\u00e9rska \u0161pacht\u013ea obojstrann\u00e1 10mm - HLIN\u00c1ROVIe-shop","og_description":"\u0160tukat\u00e9rska \u0161pacht\u013ea na tvarovanie plast\u00edk z hlinenej omietky alebo napojenie hlinenej omietky na drevo \u010di \u0161k\u00e1rovanie teh\u00e1l.","og_url":"http:\/\/hlinar.sk\/sk\/produkt\/stukateska-spachtla\/","og_site_name":"HLIN\u00c1R Stano Prorok","article_modified_time":"2024-06-21T08:34:56+00:00","og_image":[{"width":2560,"height":1920,"url":"http:\/\/hlinar.sk\/sk\/wp-content\/uploads\/2022\/05\/1445-scaled.jpg","type":"image\/jpeg"}],"twitter_card":"summary_large_image","schema":{"@context":"https:\/\/schema.org","@graph":[{"@type":"WebPage","@id":"http:\/\/hlinar.sk\/sk\/produkt\/stukateska-spachtla\/","url":"http:\/\/hlinar.sk\/sk\/produkt\/stukateska-spachtla\/","name":"PREDAJ - \u0160tukat\u00e9rska \u0161pacht\u013ea obojstrann\u00e1 10mm - HLIN\u00c1ROVIe-shop","isPartOf":{"@id":"https:\/\/hlinar.sk\/#website"},"primaryImageOfPage":{"@id":"http:\/\/hlinar.sk\/sk\/produkt\/stukateska-spachtla\/#primaryimage"},"image":{"@id":"http:\/\/hlinar.sk\/sk\/produkt\/stukateska-spachtla\/#primaryimage"},"thumbnailUrl":"https:\/\/hlinar.sk\/sk\/wp-content\/uploads\/2022\/05\/1445-scaled.jpg","datePublished":"2022-05-01T09:16:10+00:00","dateModified":"2024-06-21T08:34:56+00:00","description":"\u0160tukat\u00e9rska \u0161pacht\u013ea na tvarovanie plast\u00edk z hlinenej omietky alebo napojenie hlinenej omietky na drevo \u010di \u0161k\u00e1rovanie teh\u00e1l.","breadcrumb":{"@id":"http:\/\/hlinar.sk\/sk\/produkt\/stukateska-spachtla\/#breadcrumb"},"inLanguage":"sk-SK","potentialAction":[{"@type":"ReadAction","target":["http:\/\/hlinar.sk\/sk\/produkt\/stukateska-spachtla\/"]}]},{"@type":"ImageObject","inLanguage":"sk-SK","@id":"http:\/\/hlinar.sk\/sk\/produkt\/stukateska-spachtla\/#primaryimage","url":"https:\/\/hlinar.sk\/sk\/wp-content\/uploads\/2022\/05\/1445-scaled.jpg","contentUrl":"https:\/\/hlinar.sk\/sk\/wp-content\/uploads\/2022\/05\/1445-scaled.jpg","width":2560,"height":1920},{"@type":"BreadcrumbList","@id":"http:\/\/hlinar.sk\/sk\/produkt\/stukateska-spachtla\/#breadcrumb","itemListElement":[{"@type":"ListItem","position":1,"name":"Home","item":"https:\/\/hlinar.sk\/"},{"@type":"ListItem","position":2,"name":"\u0160tukat\u00e9rska \u0161pacht\u013ea obojstrann\u00e1 10mm"}]},{"@type":"WebSite","@id":"https:\/\/hlinar.sk\/#website","url":"https:\/\/hlinar.sk\/","name":"HLIN\u00c1R Stano Prorok","description":"Stavebniny od pr\u00edrody.","publisher":{"@id":"https:\/\/hlinar.sk\/#organization"},"potentialAction":[{"@type":"SearchAction","target":{"@type":"EntryPoint","urlTemplate":"https:\/\/hlinar.sk\/?s={search_term_string}"},"query-input":{"@type":"PropertyValueSpecification","valueRequired":true,"valueName":"search_term_string"}}],"inLanguage":"sk-SK"},{"@type":"Organization","@id":"https:\/\/hlinar.sk\/#organization","name":"HLIN\u00c1R Stano Prorok","url":"https:\/\/hlinar.sk\/","logo":{"@type":"ImageObject","inLanguage":"sk-SK","@id":"https:\/\/hlinar.sk\/#\/schema\/logo\/image\/","url":"https:\/\/hlinar.sk\/sk\/wp-content\/uploads\/2020\/11\/logo-na-stranku-s-nazvom-priesvit-biele.png","contentUrl":"https:\/\/hlinar.sk\/sk\/wp-content\/uploads\/2020\/11\/logo-na-stranku-s-nazvom-priesvit-biele.png","width":8048,"height":1432,"caption":"HLIN\u00c1R Stano Prorok"},"image":{"@id":"https:\/\/hlinar.sk\/#\/schema\/logo\/image\/"}}]}},"_links":{"self":[{"href":"https:\/\/hlinar.sk\/sk\/wp-json\/wp\/v2\/product\/5195","targetHints":{"allow":["GET"]}}],"collection":[{"href":"https:\/\/hlinar.sk\/sk\/wp-json\/wp\/v2\/product"}],"about":[{"href":"https:\/\/hlinar.sk\/sk\/wp-json\/wp\/v2\/types\/product"}],"replies":[{"embeddable":true,"href":"https:\/\/hlinar.sk\/sk\/wp-json\/wp\/v2\/comments?post=5195"}],"wp:featuredmedia":[{"embeddable":true,"href":"https:\/\/hlinar.sk\/sk\/wp-json\/wp\/v2\/media\/5200"}],"wp:attachment":[{"href":"https:\/\/hlinar.sk\/sk\/wp-json\/wp\/v2\/media?parent=5195"}],"wp:term":[{"taxonomy":"product_brand","embeddable":true,"href":"https:\/\/hlinar.sk\/sk\/wp-json\/wp\/v2\/product_brand?post=5195"},{"taxonomy":"product_cat","embeddable":true,"href":"https:\/\/hlinar.sk\/sk\/wp-json\/wp\/v2\/product_cat?post=5195"},{"taxonomy":"product_tag","embeddable":true,"href":"https:\/\/hlinar.sk\/sk\/wp-json\/wp\/v2\/product_tag?post=5195"}],"curies":[{"name":"wp","href":"https:\/\/api.w.org\/{rel}","templated":true}]}}