{"id":3751,"date":"2020-10-14T13:25:28","date_gmt":"2020-10-14T11:25:28","guid":{"rendered":"https:\/\/hlinar.sk\/?post_type=product&#038;p=3751"},"modified":"2026-04-04T20:30:46","modified_gmt":"2026-04-04T18:30:46","slug":"bentonit","status":"publish","type":"product","link":"https:\/\/hlinar.sk\/sk\/produkt\/bentonit\/","title":{"rendered":"\u00cdl bentonit (0,05 &#8211; 0,5mm) 25kg"},"content":{"rendered":"","protected":false},"excerpt":{"rendered":"<div class=\"woocommerce-product-details__short-description\">\n<p>Bentonit je na slovensku \u0165a\u017een\u00fd \u00edl s vysok\u00fdm podielom \u00edlov\u00e9ho miner\u00e1lu montmorillonitu, v\u010faka \u010domu m\u00e1 vysok\u00fa sorp\u010dn\u00fa schopnos\u0165. Natrifikovan\u00fd bentonit \u2013 su\u0161en\u00fd, trieden\u00fd sa vyzna\u010duje:<\/p>\n<ul>\n<li>zv\u00fd\u0161enou sorp\u010dnou schopnos\u0165ou<\/li>\n<li>zv\u00fd\u0161enou plasti\u010dnos\u0165ou<\/li>\n<li>zv\u00fd\u0161enou v\u00e4znos\u0165ou<\/li>\n<li>zv\u00fd\u0161enou pevnos\u0165ou v kondenza\u010dnej z\u00f3ne<\/li>\n<\/ul>\n<h3>Pou\u017eitie:<\/h3>\n<p>\u2013 polotovar na v\u00fdrobu bentonitov\u00fdch v\u00fdrobkov ur\u010den\u00fdch pre stavebn\u00e9 injekt\u00e1\u017ee, pa\u017eiace suspenzie, vrtn\u00e9 v\u00fdplachy, zlievarensk\u00e9 \u00fa\u010dely, potravin\u00e1rsky a farmaceutick\u00fd priemysel, budovanie skl\u00e1dok, pr\u00edmes do hlinen\u00fdch omietok&#8230;<\/p>\n<\/div>\n","protected":false},"featured_media":4433,"comment_status":"open","ping_status":"closed","template":"","meta":{"ngg_post_thumbnail":0},"product_brand":[],"product_cat":[81,167,320],"product_tag":[],"class_list":{"0":"post-3751","1":"product","2":"type-product","3":"status-publish","4":"has-post-thumbnail","6":"product_cat-doplnky-k-hlinenym-omietkam","7":"product_cat-ily","8":"product_cat-ily-ily-hlinene-omietky","10":"first","11":"outofstock","12":"taxable","13":"shipping-taxable","14":"purchasable","15":"product-type-simple"},"supplier_id":4445,"supplier_sku":"F","barcode":null,"atum_controlled":true,"out_stock_date":"2024-11-26 12:07:25","out_stock_threshold":null,"inheritable":false,"inbound_stock":0,"stock_on_hold":0,"sold_today":0,"sales_last_days":0,"out_stock_days":514,"lost_sales":13217,"has_location":false,"update_date":"2026-04-25T00:38:06","atum_locations":[],"atum_stock_status":"outofstock","restock_status":false,"low_stock_amount":5,"sales_update_date":"2026-04-25T00:38:06","calc_backorders":null,"yoast_head":"<!-- This site is optimized with the Yoast SEO plugin v27.2 - https:\/\/yoast.com\/product\/yoast-seo-wordpress\/ -->\n<title>\u00cdl bentonit (0,05 - 0,5mm) 25kg - HLIN\u00c1R Stano Prorok<\/title>\n<meta name=\"description\" content=\"Bentonit je na slovensku \u0165a\u017een\u00fd \u00edl s vysok\u00fdm podielom \u00edlov\u00e9ho miner\u00e1lu montmorillonitu, v\u010faka \u010domu m\u00e1 vysok\u00fa sorp\u010dn\u00fa schopnos\u0165.\" \/>\n<meta name=\"robots\" content=\"index, follow, max-snippet:-1, max-image-preview:large, max-video-preview:-1\" \/>\n<link rel=\"canonical\" href=\"https:\/\/hlinar.sk\/sk\/produkt\/bentonit\/\" \/>\n<meta property=\"og:locale\" content=\"sk_SK\" \/>\n<meta property=\"og:type\" content=\"article\" \/>\n<meta property=\"og:title\" content=\"\u00cdl bentonit (0,05 - 0,5mm) 25kg - HLIN\u00c1R Stano Prorok\" \/>\n<meta property=\"og:description\" content=\"Bentonit je na slovensku \u0165a\u017een\u00fd \u00edl s vysok\u00fdm podielom \u00edlov\u00e9ho miner\u00e1lu montmorillonitu, v\u010faka \u010domu m\u00e1 vysok\u00fa sorp\u010dn\u00fa schopnos\u0165.\" \/>\n<meta property=\"og:url\" content=\"https:\/\/hlinar.sk\/sk\/produkt\/bentonit\/\" \/>\n<meta property=\"og:site_name\" content=\"HLIN\u00c1R Stano Prorok\" \/>\n<meta property=\"article:modified_time\" content=\"2026-04-04T18:30:46+00:00\" \/>\n<meta property=\"og:image\" content=\"https:\/\/hlinar.sk\/sk\/wp-content\/uploads\/2021\/02\/Bentonit-005-05mm-scaled.jpeg\" \/>\n\t<meta property=\"og:image:width\" content=\"2560\" \/>\n\t<meta property=\"og:image:height\" content=\"1924\" \/>\n\t<meta property=\"og:image:type\" content=\"image\/jpeg\" \/>\n<meta name=\"twitter:card\" content=\"summary_large_image\" \/>\n<meta name=\"twitter:label1\" content=\"Predpokladan\u00fd \u010das \u010d\u00edtania\" \/>\n\t<meta name=\"twitter:data1\" content=\"1 min\u00fata\" \/>\n<script type=\"application\/ld+json\" class=\"yoast-schema-graph\">{\"@context\":\"https:\/\/schema.org\",\"@graph\":[{\"@type\":\"WebPage\",\"@id\":\"https:\/\/hlinar.sk\/produkt\/bentonit\/\",\"url\":\"https:\/\/hlinar.sk\/produkt\/bentonit\/\",\"name\":\"\u00cdl bentonit (0,05 - 0,5mm) 25kg - HLIN\u00c1R Stano Prorok\",\"isPartOf\":{\"@id\":\"https:\/\/hlinar.sk\/#website\"},\"primaryImageOfPage\":{\"@id\":\"https:\/\/hlinar.sk\/produkt\/bentonit\/#primaryimage\"},\"image\":{\"@id\":\"https:\/\/hlinar.sk\/produkt\/bentonit\/#primaryimage\"},\"thumbnailUrl\":\"https:\/\/hlinar.sk\/sk\/wp-content\/uploads\/2021\/02\/Bentonit-005-05mm-scaled.jpeg\",\"datePublished\":\"2020-10-14T11:25:28+00:00\",\"dateModified\":\"2026-04-04T18:30:46+00:00\",\"description\":\"Bentonit je na slovensku \u0165a\u017een\u00fd \u00edl s vysok\u00fdm podielom \u00edlov\u00e9ho miner\u00e1lu montmorillonitu, v\u010faka \u010domu m\u00e1 vysok\u00fa sorp\u010dn\u00fa schopnos\u0165.\",\"breadcrumb\":{\"@id\":\"https:\/\/hlinar.sk\/produkt\/bentonit\/#breadcrumb\"},\"inLanguage\":\"sk-SK\",\"potentialAction\":[{\"@type\":\"ReadAction\",\"target\":[\"https:\/\/hlinar.sk\/produkt\/bentonit\/\"]}]},{\"@type\":\"ImageObject\",\"inLanguage\":\"sk-SK\",\"@id\":\"https:\/\/hlinar.sk\/produkt\/bentonit\/#primaryimage\",\"url\":\"https:\/\/hlinar.sk\/sk\/wp-content\/uploads\/2021\/02\/Bentonit-005-05mm-scaled.jpeg\",\"contentUrl\":\"https:\/\/hlinar.sk\/sk\/wp-content\/uploads\/2021\/02\/Bentonit-005-05mm-scaled.jpeg\",\"width\":2560,\"height\":1924},{\"@type\":\"BreadcrumbList\",\"@id\":\"https:\/\/hlinar.sk\/produkt\/bentonit\/#breadcrumb\",\"itemListElement\":[{\"@type\":\"ListItem\",\"position\":1,\"name\":\"Home\",\"item\":\"https:\/\/hlinar.sk\/\"},{\"@type\":\"ListItem\",\"position\":2,\"name\":\"\u00cdl bentonit (0,05 &#8211; 0,5mm) 25kg\"}]},{\"@type\":\"WebSite\",\"@id\":\"https:\/\/hlinar.sk\/#website\",\"url\":\"https:\/\/hlinar.sk\/\",\"name\":\"HLIN\u00c1R Stano Prorok\",\"description\":\"Stavebniny od pr\u00edrody.\",\"publisher\":{\"@id\":\"https:\/\/hlinar.sk\/#organization\"},\"potentialAction\":[{\"@type\":\"SearchAction\",\"target\":{\"@type\":\"EntryPoint\",\"urlTemplate\":\"https:\/\/hlinar.sk\/?s={search_term_string}\"},\"query-input\":{\"@type\":\"PropertyValueSpecification\",\"valueRequired\":true,\"valueName\":\"search_term_string\"}}],\"inLanguage\":\"sk-SK\"},{\"@type\":\"Organization\",\"@id\":\"https:\/\/hlinar.sk\/#organization\",\"name\":\"HLIN\u00c1R Stano Prorok\",\"url\":\"https:\/\/hlinar.sk\/\",\"logo\":{\"@type\":\"ImageObject\",\"inLanguage\":\"sk-SK\",\"@id\":\"https:\/\/hlinar.sk\/#\/schema\/logo\/image\/\",\"url\":\"https:\/\/hlinar.sk\/sk\/wp-content\/uploads\/2020\/11\/logo-na-stranku-s-nazvom-priesvit-biele.png\",\"contentUrl\":\"https:\/\/hlinar.sk\/sk\/wp-content\/uploads\/2020\/11\/logo-na-stranku-s-nazvom-priesvit-biele.png\",\"width\":8048,\"height\":1432,\"caption\":\"HLIN\u00c1R Stano Prorok\"},\"image\":{\"@id\":\"https:\/\/hlinar.sk\/#\/schema\/logo\/image\/\"}}]}<\/script>\n<!-- \/ Yoast SEO plugin. -->","yoast_head_json":{"title":"\u00cdl bentonit (0,05 - 0,5mm) 25kg - HLIN\u00c1R Stano Prorok","description":"Bentonit je na slovensku \u0165a\u017een\u00fd \u00edl s vysok\u00fdm podielom \u00edlov\u00e9ho miner\u00e1lu montmorillonitu, v\u010faka \u010domu m\u00e1 vysok\u00fa sorp\u010dn\u00fa schopnos\u0165.","robots":{"index":"index","follow":"follow","max-snippet":"max-snippet:-1","max-image-preview":"max-image-preview:large","max-video-preview":"max-video-preview:-1"},"canonical":"https:\/\/hlinar.sk\/sk\/produkt\/bentonit\/","og_locale":"sk_SK","og_type":"article","og_title":"\u00cdl bentonit (0,05 - 0,5mm) 25kg - HLIN\u00c1R Stano Prorok","og_description":"Bentonit je na slovensku \u0165a\u017een\u00fd \u00edl s vysok\u00fdm podielom \u00edlov\u00e9ho miner\u00e1lu montmorillonitu, v\u010faka \u010domu m\u00e1 vysok\u00fa sorp\u010dn\u00fa schopnos\u0165.","og_url":"https:\/\/hlinar.sk\/sk\/produkt\/bentonit\/","og_site_name":"HLIN\u00c1R Stano Prorok","article_modified_time":"2026-04-04T18:30:46+00:00","og_image":[{"width":2560,"height":1924,"url":"https:\/\/hlinar.sk\/sk\/wp-content\/uploads\/2021\/02\/Bentonit-005-05mm-scaled.jpeg","type":"image\/jpeg"}],"twitter_card":"summary_large_image","twitter_misc":{"Predpokladan\u00fd \u010das \u010d\u00edtania":"1 min\u00fata"},"schema":{"@context":"https:\/\/schema.org","@graph":[{"@type":"WebPage","@id":"https:\/\/hlinar.sk\/produkt\/bentonit\/","url":"https:\/\/hlinar.sk\/produkt\/bentonit\/","name":"\u00cdl bentonit (0,05 - 0,5mm) 25kg - HLIN\u00c1R Stano Prorok","isPartOf":{"@id":"https:\/\/hlinar.sk\/#website"},"primaryImageOfPage":{"@id":"https:\/\/hlinar.sk\/produkt\/bentonit\/#primaryimage"},"image":{"@id":"https:\/\/hlinar.sk\/produkt\/bentonit\/#primaryimage"},"thumbnailUrl":"https:\/\/hlinar.sk\/sk\/wp-content\/uploads\/2021\/02\/Bentonit-005-05mm-scaled.jpeg","datePublished":"2020-10-14T11:25:28+00:00","dateModified":"2026-04-04T18:30:46+00:00","description":"Bentonit je na slovensku \u0165a\u017een\u00fd \u00edl s vysok\u00fdm podielom \u00edlov\u00e9ho miner\u00e1lu montmorillonitu, v\u010faka \u010domu m\u00e1 vysok\u00fa sorp\u010dn\u00fa schopnos\u0165.","breadcrumb":{"@id":"https:\/\/hlinar.sk\/produkt\/bentonit\/#breadcrumb"},"inLanguage":"sk-SK","potentialAction":[{"@type":"ReadAction","target":["https:\/\/hlinar.sk\/produkt\/bentonit\/"]}]},{"@type":"ImageObject","inLanguage":"sk-SK","@id":"https:\/\/hlinar.sk\/produkt\/bentonit\/#primaryimage","url":"https:\/\/hlinar.sk\/sk\/wp-content\/uploads\/2021\/02\/Bentonit-005-05mm-scaled.jpeg","contentUrl":"https:\/\/hlinar.sk\/sk\/wp-content\/uploads\/2021\/02\/Bentonit-005-05mm-scaled.jpeg","width":2560,"height":1924},{"@type":"BreadcrumbList","@id":"https:\/\/hlinar.sk\/produkt\/bentonit\/#breadcrumb","itemListElement":[{"@type":"ListItem","position":1,"name":"Home","item":"https:\/\/hlinar.sk\/"},{"@type":"ListItem","position":2,"name":"\u00cdl bentonit (0,05 &#8211; 0,5mm) 25kg"}]},{"@type":"WebSite","@id":"https:\/\/hlinar.sk\/#website","url":"https:\/\/hlinar.sk\/","name":"HLIN\u00c1R Stano Prorok","description":"Stavebniny od pr\u00edrody.","publisher":{"@id":"https:\/\/hlinar.sk\/#organization"},"potentialAction":[{"@type":"SearchAction","target":{"@type":"EntryPoint","urlTemplate":"https:\/\/hlinar.sk\/?s={search_term_string}"},"query-input":{"@type":"PropertyValueSpecification","valueRequired":true,"valueName":"search_term_string"}}],"inLanguage":"sk-SK"},{"@type":"Organization","@id":"https:\/\/hlinar.sk\/#organization","name":"HLIN\u00c1R Stano Prorok","url":"https:\/\/hlinar.sk\/","logo":{"@type":"ImageObject","inLanguage":"sk-SK","@id":"https:\/\/hlinar.sk\/#\/schema\/logo\/image\/","url":"https:\/\/hlinar.sk\/sk\/wp-content\/uploads\/2020\/11\/logo-na-stranku-s-nazvom-priesvit-biele.png","contentUrl":"https:\/\/hlinar.sk\/sk\/wp-content\/uploads\/2020\/11\/logo-na-stranku-s-nazvom-priesvit-biele.png","width":8048,"height":1432,"caption":"HLIN\u00c1R Stano Prorok"},"image":{"@id":"https:\/\/hlinar.sk\/#\/schema\/logo\/image\/"}}]}},"_links":{"self":[{"href":"https:\/\/hlinar.sk\/sk\/wp-json\/wp\/v2\/product\/3751","targetHints":{"allow":["GET"]}}],"collection":[{"href":"https:\/\/hlinar.sk\/sk\/wp-json\/wp\/v2\/product"}],"about":[{"href":"https:\/\/hlinar.sk\/sk\/wp-json\/wp\/v2\/types\/product"}],"replies":[{"embeddable":true,"href":"https:\/\/hlinar.sk\/sk\/wp-json\/wp\/v2\/comments?post=3751"}],"wp:featuredmedia":[{"embeddable":true,"href":"https:\/\/hlinar.sk\/sk\/wp-json\/wp\/v2\/media\/4433"}],"wp:attachment":[{"href":"https:\/\/hlinar.sk\/sk\/wp-json\/wp\/v2\/media?parent=3751"}],"wp:term":[{"taxonomy":"product_brand","embeddable":true,"href":"https:\/\/hlinar.sk\/sk\/wp-json\/wp\/v2\/product_brand?post=3751"},{"taxonomy":"product_cat","embeddable":true,"href":"https:\/\/hlinar.sk\/sk\/wp-json\/wp\/v2\/product_cat?post=3751"},{"taxonomy":"product_tag","embeddable":true,"href":"https:\/\/hlinar.sk\/sk\/wp-json\/wp\/v2\/product_tag?post=3751"}],"curies":[{"name":"wp","href":"https:\/\/api.w.org\/{rel}","templated":true}]}}