{"id":1523,"date":"2019-02-02T19:39:55","date_gmt":"2019-02-02T18:39:55","guid":{"rendered":"http:\/\/hlinar.sk\/sk\/produkt\/import-placeholder-for-879\/"},"modified":"2026-02-06T11:47:33","modified_gmt":"2026-02-06T10:47:33","slug":"trstinova-rohoz-stukaterska","status":"publish","type":"product","link":"https:\/\/hlinar.sk\/sk\/produkt\/trstinova-rohoz-stukaterska\/","title":{"rendered":"Trstinov\u00e1 roho\u017e \u0161tukat\u00e9rska 14m2"},"content":{"rendered":"<p>&nbsp;<\/p>\n<div>&nbsp;<\/div>\n<div>&nbsp;<\/div>\n","protected":false},"excerpt":{"rendered":"<ol>\n<li>Trstinov\u00e1 \u0161tukat\u00e9rska roho\u017e je vhodn\u00e1 ako nosi\u010d omietky. Nosi\u010de omietok sa pou\u017e\u00edvaj\u00fa predov\u0161etk\u00fdm na podklady z dreva (drevenice, osb dosky, clt panely&#8230;), pr\u00edpadne in\u00e9 nenasiakav\u00e9 alebo pr\u00edli\u0161 hladk\u00e9 povrchy. Roho\u017e sa na podklad kotv\u00ed najlep\u0161ie pneumatickou alebo elektrickou sponkova\u010dkou sponkami r\u00f4znych d\u013a\u017eok, pod\u013ea potreby. Rovnako sa m\u00f4\u017ee kotvi\u0165 aj skrutkami \u010di klincami.<\/li>\n<\/ol>\n<p>Trstinov\u00e1 roho\u017e je tkan\u00e1 pozinkovan\u00fdm dr\u00f4tom ka\u017ed\u00fdch 10cm, \u010do v\u00fdrazne ur\u00fdch\u013euje pr\u00e1cu s kotven\u00edm roho\u017ee. Stebl\u00e1 s\u00fa od seba vzdialen\u00e9 v priemere 2cm, \u010d\u00edm vznik\u00e1 priestor na omietku, ktor\u00e1 mus\u00ed by\u0165 medzi steblami aby ich obalila, \u010d\u00edm sa zabezpe\u010d\u00ed jej pevn\u00e9 spojenie s nosi\u010dom &#8211; roho\u017eou. Z tohoto d\u00f4vodu nie s\u00fa be\u017en\u00e9 okrasn\u00e9 husto tkan\u00e9 trstinov\u00e9 roho\u017ee vhodn\u00e9 ako nosi\u010d omietky.<\/p>\n","protected":false},"featured_media":2949,"comment_status":"open","ping_status":"closed","template":"","meta":{"ngg_post_thumbnail":0},"product_brand":[],"product_cat":[84,41],"product_tag":[42],"class_list":{"0":"post-1523","1":"product","2":"type-product","3":"status-publish","4":"has-post-thumbnail","6":"product_cat-hlinene-omietky-hrube","7":"product_cat-trstinove-rohoze-stukaterske","8":"product_tag-hlinene-omietky","10":"first","11":"outofstock","12":"featured","13":"taxable","14":"shipping-taxable","15":"purchasable","16":"product-type-simple"},"supplier_id":3812,"supplier_sku":"","barcode":null,"atum_controlled":true,"out_stock_date":"2025-09-18 10:55:44","out_stock_threshold":null,"inheritable":false,"inbound_stock":0,"stock_on_hold":6,"sold_today":0,"sales_last_days":0,"out_stock_days":218,"lost_sales":3643,"has_location":false,"update_date":"2026-04-25T00:38:01","atum_locations":[],"atum_stock_status":"outofstock","restock_status":false,"low_stock_amount":1,"sales_update_date":"2026-04-25T00:38:01","calc_backorders":null,"yoast_head":"<!-- This site is optimized with the Yoast SEO plugin v27.2 - https:\/\/yoast.com\/product\/yoast-seo-wordpress\/ -->\n<title>PREDAJ - Trstinov\u00e1 roho\u017e \u0161tukat\u00e9rska 14m2 - HLIN\u00c1Rovie-shop<\/title>\n<meta name=\"description\" content=\"Trstinov\u00e1 \u0161tukat\u00e9rska roho\u017e je vhodn\u00e1 ako nosi\u010d hlinenej omietky. Nosi\u010de omietok sa pou\u017e\u00edvaj\u00fa predov\u0161etk\u00fdm na podklady z dreva.\" \/>\n<meta name=\"robots\" content=\"index, follow, max-snippet:-1, max-image-preview:large, max-video-preview:-1\" \/>\n<link rel=\"canonical\" href=\"https:\/\/hlinar.sk\/sk\/produkt\/trstinova-rohoz-stukaterska\/\" \/>\n<meta property=\"og:locale\" content=\"sk_SK\" \/>\n<meta property=\"og:type\" content=\"article\" \/>\n<meta property=\"og:title\" content=\"PREDAJ - Trstinov\u00e1 roho\u017e \u0161tukat\u00e9rska 14m2 - HLIN\u00c1Rovie-shop\" \/>\n<meta property=\"og:description\" content=\"Trstinov\u00e1 \u0161tukat\u00e9rska roho\u017e je vhodn\u00e1 ako nosi\u010d hlinenej omietky. Nosi\u010de omietok sa pou\u017e\u00edvaj\u00fa predov\u0161etk\u00fdm na podklady z dreva.\" \/>\n<meta property=\"og:url\" content=\"https:\/\/hlinar.sk\/sk\/produkt\/trstinova-rohoz-stukaterska\/\" \/>\n<meta property=\"og:site_name\" content=\"HLIN\u00c1R Stano Prorok\" \/>\n<meta property=\"article:modified_time\" content=\"2026-02-06T10:47:33+00:00\" \/>\n<meta property=\"og:image\" content=\"https:\/\/hlinar.sk\/sk\/wp-content\/uploads\/2019\/02\/R\u00e1kosov\u00e1-roho\u017e-\u0161tukat\u00e9rska-7-scaled.jpg\" \/>\n\t<meta property=\"og:image:width\" content=\"2560\" \/>\n\t<meta property=\"og:image:height\" content=\"1920\" \/>\n\t<meta property=\"og:image:type\" content=\"image\/jpeg\" \/>\n<meta name=\"twitter:card\" content=\"summary_large_image\" \/>\n<meta name=\"twitter:label1\" content=\"Predpokladan\u00fd \u010das \u010d\u00edtania\" \/>\n\t<meta name=\"twitter:data1\" content=\"1 min\u00fata\" \/>\n<script type=\"application\/ld+json\" class=\"yoast-schema-graph\">{\"@context\":\"https:\/\/schema.org\",\"@graph\":[{\"@type\":\"WebPage\",\"@id\":\"https:\/\/hlinar.sk\/produkt\/trstinova-rohoz-stukaterska\/\",\"url\":\"https:\/\/hlinar.sk\/produkt\/trstinova-rohoz-stukaterska\/\",\"name\":\"PREDAJ - Trstinov\u00e1 roho\u017e \u0161tukat\u00e9rska 14m2 - HLIN\u00c1Rovie-shop\",\"isPartOf\":{\"@id\":\"https:\/\/hlinar.sk\/#website\"},\"primaryImageOfPage\":{\"@id\":\"https:\/\/hlinar.sk\/produkt\/trstinova-rohoz-stukaterska\/#primaryimage\"},\"image\":{\"@id\":\"https:\/\/hlinar.sk\/produkt\/trstinova-rohoz-stukaterska\/#primaryimage\"},\"thumbnailUrl\":\"https:\/\/hlinar.sk\/sk\/wp-content\/uploads\/2019\/02\/R\u00e1kosov\u00e1-roho\u017e-\u0161tukat\u00e9rska-7-scaled.jpg\",\"datePublished\":\"2019-02-02T18:39:55+00:00\",\"dateModified\":\"2026-02-06T10:47:33+00:00\",\"description\":\"Trstinov\u00e1 \u0161tukat\u00e9rska roho\u017e je vhodn\u00e1 ako nosi\u010d hlinenej omietky. Nosi\u010de omietok sa pou\u017e\u00edvaj\u00fa predov\u0161etk\u00fdm na podklady z dreva.\",\"breadcrumb\":{\"@id\":\"https:\/\/hlinar.sk\/produkt\/trstinova-rohoz-stukaterska\/#breadcrumb\"},\"inLanguage\":\"sk-SK\",\"potentialAction\":[{\"@type\":\"ReadAction\",\"target\":[\"https:\/\/hlinar.sk\/produkt\/trstinova-rohoz-stukaterska\/\"]}]},{\"@type\":\"ImageObject\",\"inLanguage\":\"sk-SK\",\"@id\":\"https:\/\/hlinar.sk\/produkt\/trstinova-rohoz-stukaterska\/#primaryimage\",\"url\":\"https:\/\/hlinar.sk\/sk\/wp-content\/uploads\/2019\/02\/R\u00e1kosov\u00e1-roho\u017e-\u0161tukat\u00e9rska-7-scaled.jpg\",\"contentUrl\":\"https:\/\/hlinar.sk\/sk\/wp-content\/uploads\/2019\/02\/R\u00e1kosov\u00e1-roho\u017e-\u0161tukat\u00e9rska-7-scaled.jpg\",\"width\":2560,\"height\":1920},{\"@type\":\"BreadcrumbList\",\"@id\":\"https:\/\/hlinar.sk\/produkt\/trstinova-rohoz-stukaterska\/#breadcrumb\",\"itemListElement\":[{\"@type\":\"ListItem\",\"position\":1,\"name\":\"Home\",\"item\":\"https:\/\/hlinar.sk\/\"},{\"@type\":\"ListItem\",\"position\":2,\"name\":\"Trstinov\u00e1 roho\u017e \u0161tukat\u00e9rska 14m2\"}]},{\"@type\":\"WebSite\",\"@id\":\"https:\/\/hlinar.sk\/#website\",\"url\":\"https:\/\/hlinar.sk\/\",\"name\":\"HLIN\u00c1R Stano Prorok\",\"description\":\"Stavebniny od pr\u00edrody.\",\"publisher\":{\"@id\":\"https:\/\/hlinar.sk\/#organization\"},\"potentialAction\":[{\"@type\":\"SearchAction\",\"target\":{\"@type\":\"EntryPoint\",\"urlTemplate\":\"https:\/\/hlinar.sk\/?s={search_term_string}\"},\"query-input\":{\"@type\":\"PropertyValueSpecification\",\"valueRequired\":true,\"valueName\":\"search_term_string\"}}],\"inLanguage\":\"sk-SK\"},{\"@type\":\"Organization\",\"@id\":\"https:\/\/hlinar.sk\/#organization\",\"name\":\"HLIN\u00c1R Stano Prorok\",\"url\":\"https:\/\/hlinar.sk\/\",\"logo\":{\"@type\":\"ImageObject\",\"inLanguage\":\"sk-SK\",\"@id\":\"https:\/\/hlinar.sk\/#\/schema\/logo\/image\/\",\"url\":\"https:\/\/hlinar.sk\/sk\/wp-content\/uploads\/2020\/11\/logo-na-stranku-s-nazvom-priesvit-biele.png\",\"contentUrl\":\"https:\/\/hlinar.sk\/sk\/wp-content\/uploads\/2020\/11\/logo-na-stranku-s-nazvom-priesvit-biele.png\",\"width\":8048,\"height\":1432,\"caption\":\"HLIN\u00c1R Stano Prorok\"},\"image\":{\"@id\":\"https:\/\/hlinar.sk\/#\/schema\/logo\/image\/\"}}]}<\/script>\n<!-- \/ Yoast SEO plugin. -->","yoast_head_json":{"title":"PREDAJ - Trstinov\u00e1 roho\u017e \u0161tukat\u00e9rska 14m2 - HLIN\u00c1Rovie-shop","description":"Trstinov\u00e1 \u0161tukat\u00e9rska roho\u017e je vhodn\u00e1 ako nosi\u010d hlinenej omietky. Nosi\u010de omietok sa pou\u017e\u00edvaj\u00fa predov\u0161etk\u00fdm na podklady z dreva.","robots":{"index":"index","follow":"follow","max-snippet":"max-snippet:-1","max-image-preview":"max-image-preview:large","max-video-preview":"max-video-preview:-1"},"canonical":"https:\/\/hlinar.sk\/sk\/produkt\/trstinova-rohoz-stukaterska\/","og_locale":"sk_SK","og_type":"article","og_title":"PREDAJ - Trstinov\u00e1 roho\u017e \u0161tukat\u00e9rska 14m2 - HLIN\u00c1Rovie-shop","og_description":"Trstinov\u00e1 \u0161tukat\u00e9rska roho\u017e je vhodn\u00e1 ako nosi\u010d hlinenej omietky. Nosi\u010de omietok sa pou\u017e\u00edvaj\u00fa predov\u0161etk\u00fdm na podklady z dreva.","og_url":"https:\/\/hlinar.sk\/sk\/produkt\/trstinova-rohoz-stukaterska\/","og_site_name":"HLIN\u00c1R Stano Prorok","article_modified_time":"2026-02-06T10:47:33+00:00","og_image":[{"width":2560,"height":1920,"url":"https:\/\/hlinar.sk\/sk\/wp-content\/uploads\/2019\/02\/R\u00e1kosov\u00e1-roho\u017e-\u0161tukat\u00e9rska-7-scaled.jpg","type":"image\/jpeg"}],"twitter_card":"summary_large_image","twitter_misc":{"Predpokladan\u00fd \u010das \u010d\u00edtania":"1 min\u00fata"},"schema":{"@context":"https:\/\/schema.org","@graph":[{"@type":"WebPage","@id":"https:\/\/hlinar.sk\/produkt\/trstinova-rohoz-stukaterska\/","url":"https:\/\/hlinar.sk\/produkt\/trstinova-rohoz-stukaterska\/","name":"PREDAJ - Trstinov\u00e1 roho\u017e \u0161tukat\u00e9rska 14m2 - HLIN\u00c1Rovie-shop","isPartOf":{"@id":"https:\/\/hlinar.sk\/#website"},"primaryImageOfPage":{"@id":"https:\/\/hlinar.sk\/produkt\/trstinova-rohoz-stukaterska\/#primaryimage"},"image":{"@id":"https:\/\/hlinar.sk\/produkt\/trstinova-rohoz-stukaterska\/#primaryimage"},"thumbnailUrl":"https:\/\/hlinar.sk\/sk\/wp-content\/uploads\/2019\/02\/R\u00e1kosov\u00e1-roho\u017e-\u0161tukat\u00e9rska-7-scaled.jpg","datePublished":"2019-02-02T18:39:55+00:00","dateModified":"2026-02-06T10:47:33+00:00","description":"Trstinov\u00e1 \u0161tukat\u00e9rska roho\u017e je vhodn\u00e1 ako nosi\u010d hlinenej omietky. Nosi\u010de omietok sa pou\u017e\u00edvaj\u00fa predov\u0161etk\u00fdm na podklady z dreva.","breadcrumb":{"@id":"https:\/\/hlinar.sk\/produkt\/trstinova-rohoz-stukaterska\/#breadcrumb"},"inLanguage":"sk-SK","potentialAction":[{"@type":"ReadAction","target":["https:\/\/hlinar.sk\/produkt\/trstinova-rohoz-stukaterska\/"]}]},{"@type":"ImageObject","inLanguage":"sk-SK","@id":"https:\/\/hlinar.sk\/produkt\/trstinova-rohoz-stukaterska\/#primaryimage","url":"https:\/\/hlinar.sk\/sk\/wp-content\/uploads\/2019\/02\/R\u00e1kosov\u00e1-roho\u017e-\u0161tukat\u00e9rska-7-scaled.jpg","contentUrl":"https:\/\/hlinar.sk\/sk\/wp-content\/uploads\/2019\/02\/R\u00e1kosov\u00e1-roho\u017e-\u0161tukat\u00e9rska-7-scaled.jpg","width":2560,"height":1920},{"@type":"BreadcrumbList","@id":"https:\/\/hlinar.sk\/produkt\/trstinova-rohoz-stukaterska\/#breadcrumb","itemListElement":[{"@type":"ListItem","position":1,"name":"Home","item":"https:\/\/hlinar.sk\/"},{"@type":"ListItem","position":2,"name":"Trstinov\u00e1 roho\u017e \u0161tukat\u00e9rska 14m2"}]},{"@type":"WebSite","@id":"https:\/\/hlinar.sk\/#website","url":"https:\/\/hlinar.sk\/","name":"HLIN\u00c1R Stano Prorok","description":"Stavebniny od pr\u00edrody.","publisher":{"@id":"https:\/\/hlinar.sk\/#organization"},"potentialAction":[{"@type":"SearchAction","target":{"@type":"EntryPoint","urlTemplate":"https:\/\/hlinar.sk\/?s={search_term_string}"},"query-input":{"@type":"PropertyValueSpecification","valueRequired":true,"valueName":"search_term_string"}}],"inLanguage":"sk-SK"},{"@type":"Organization","@id":"https:\/\/hlinar.sk\/#organization","name":"HLIN\u00c1R Stano Prorok","url":"https:\/\/hlinar.sk\/","logo":{"@type":"ImageObject","inLanguage":"sk-SK","@id":"https:\/\/hlinar.sk\/#\/schema\/logo\/image\/","url":"https:\/\/hlinar.sk\/sk\/wp-content\/uploads\/2020\/11\/logo-na-stranku-s-nazvom-priesvit-biele.png","contentUrl":"https:\/\/hlinar.sk\/sk\/wp-content\/uploads\/2020\/11\/logo-na-stranku-s-nazvom-priesvit-biele.png","width":8048,"height":1432,"caption":"HLIN\u00c1R Stano Prorok"},"image":{"@id":"https:\/\/hlinar.sk\/#\/schema\/logo\/image\/"}}]}},"_links":{"self":[{"href":"https:\/\/hlinar.sk\/sk\/wp-json\/wp\/v2\/product\/1523","targetHints":{"allow":["GET"]}}],"collection":[{"href":"https:\/\/hlinar.sk\/sk\/wp-json\/wp\/v2\/product"}],"about":[{"href":"https:\/\/hlinar.sk\/sk\/wp-json\/wp\/v2\/types\/product"}],"replies":[{"embeddable":true,"href":"https:\/\/hlinar.sk\/sk\/wp-json\/wp\/v2\/comments?post=1523"}],"wp:featuredmedia":[{"embeddable":true,"href":"https:\/\/hlinar.sk\/sk\/wp-json\/wp\/v2\/media\/2949"}],"wp:attachment":[{"href":"https:\/\/hlinar.sk\/sk\/wp-json\/wp\/v2\/media?parent=1523"}],"wp:term":[{"taxonomy":"product_brand","embeddable":true,"href":"https:\/\/hlinar.sk\/sk\/wp-json\/wp\/v2\/product_brand?post=1523"},{"taxonomy":"product_cat","embeddable":true,"href":"https:\/\/hlinar.sk\/sk\/wp-json\/wp\/v2\/product_cat?post=1523"},{"taxonomy":"product_tag","embeddable":true,"href":"https:\/\/hlinar.sk\/sk\/wp-json\/wp\/v2\/product_tag?post=1523"}],"curies":[{"name":"wp","href":"https:\/\/api.w.org\/{rel}","templated":true}]}}