{"id":875,"date":"2019-01-01T20:35:51","date_gmt":"2019-01-01T19:35:51","guid":{"rendered":"http:\/\/localhost\/hlinar\/?page_id=875"},"modified":"2020-08-11T17:11:01","modified_gmt":"2020-08-11T15:11:01","slug":"hlinena-podlaha","status":"publish","type":"page","link":"https:\/\/hlinar.sk\/sk\/hlinene-materialy\/hlinena-podlaha\/","title":{"rendered":"Hlinen\u00e1 podlaha"},"content":{"rendered":"<h4 style=\"text-align: center;\"><strong><span style=\"color: #87441c; font-family: Papyrus ok; font-size: 28px;\"><span style=\"font-family: papiruss;\">Hlinen\u00e9 podlahy<\/span><br \/>\n<\/span><\/strong><\/h4>\n<p style=\"text-align: center;\">Na tejto str\u00e1nke pracujem, pros\u00edm o strpenie.&nbsp; M\u00f4\u017eete si zatia\u013e pre\u010d\u00edta\u0165 m\u00f4j \u010dl\u00e1nok, alebo ma <a href=\"https:\/\/hlinar.sk\/sk\/kontakt\/\">kontaktova\u0165 tu.<\/a><\/p>\n<figure id=\"attachment_2026\" aria-describedby=\"caption-attachment-2026\" style=\"width: 720px\" class=\"wp-caption aligncenter\"><a href=\"https:\/\/hlinar.sk\/sk\/wp-content\/uploads\/2020\/01\/clanok-1-scaled.jpg\"><img loading=\"lazy\" decoding=\"async\" class=\"wp-image-2026 size-large\" title=\"hlinena podlaha\" src=\"https:\/\/hlinar.sk\/sk\/wp-content\/uploads\/2020\/01\/clanok-1-720x1024.jpg\" alt=\"hlinen\u00e1 podlaha - info\" width=\"720\" height=\"1024\" srcset=\"https:\/\/hlinar.sk\/sk\/wp-content\/uploads\/2020\/01\/clanok-1-720x1024.jpg 720w, https:\/\/hlinar.sk\/sk\/wp-content\/uploads\/2020\/01\/clanok-1-scaled-324x461.jpg 324w, https:\/\/hlinar.sk\/sk\/wp-content\/uploads\/2020\/01\/clanok-1-scaled-416x592.jpg 416w, https:\/\/hlinar.sk\/sk\/wp-content\/uploads\/2020\/01\/clanok-1-211x300.jpg 211w, https:\/\/hlinar.sk\/sk\/wp-content\/uploads\/2020\/01\/clanok-1-768x1092.jpg 768w, https:\/\/hlinar.sk\/sk\/wp-content\/uploads\/2020\/01\/clanok-1-1080x1536.jpg 1080w, https:\/\/hlinar.sk\/sk\/wp-content\/uploads\/2020\/01\/clanok-1-1440x2048.jpg 1440w, https:\/\/hlinar.sk\/sk\/wp-content\/uploads\/2020\/01\/clanok-1-scaled.jpg 1800w\" sizes=\"auto, (max-width: 720px) 100vw, 720px\" \/><\/a><figcaption id=\"caption-attachment-2026\" class=\"wp-caption-text\">Hlinen\u00e1 podlaha &#8211; \u010dl\u00e1nok 01<\/figcaption><\/figure>\n<figure id=\"attachment_2027\" aria-describedby=\"caption-attachment-2027\" style=\"width: 727px\" class=\"wp-caption aligncenter\"><a href=\"https:\/\/hlinar.sk\/sk\/wp-content\/uploads\/2020\/01\/clanok-2-scaled.jpg\"><img loading=\"lazy\" decoding=\"async\" class=\"wp-image-2027 size-large\" src=\"https:\/\/hlinar.sk\/sk\/wp-content\/uploads\/2020\/01\/clanok-2-727x1024.jpg\" alt=\"hlinen\u00e1 podlaha - info\" width=\"727\" height=\"1024\" srcset=\"https:\/\/hlinar.sk\/sk\/wp-content\/uploads\/2020\/01\/clanok-2-727x1024.jpg 727w, https:\/\/hlinar.sk\/sk\/wp-content\/uploads\/2020\/01\/clanok-2-scaled-324x456.jpg 324w, https:\/\/hlinar.sk\/sk\/wp-content\/uploads\/2020\/01\/clanok-2-scaled-416x586.jpg 416w, https:\/\/hlinar.sk\/sk\/wp-content\/uploads\/2020\/01\/clanok-2-213x300.jpg 213w, https:\/\/hlinar.sk\/sk\/wp-content\/uploads\/2020\/01\/clanok-2-768x1081.jpg 768w, https:\/\/hlinar.sk\/sk\/wp-content\/uploads\/2020\/01\/clanok-2-1091x1536.jpg 1091w, https:\/\/hlinar.sk\/sk\/wp-content\/uploads\/2020\/01\/clanok-2-1454x2048.jpg 1454w, https:\/\/hlinar.sk\/sk\/wp-content\/uploads\/2020\/01\/clanok-2-scaled.jpg 1818w\" sizes=\"auto, (max-width: 727px) 100vw, 727px\" \/><\/a><figcaption id=\"caption-attachment-2027\" class=\"wp-caption-text\">Hlinen\u00e1 podlaha &#8211; \u010dl\u00e1nok 02<\/figcaption><\/figure>\n<figure id=\"attachment_2028\" aria-describedby=\"caption-attachment-2028\" style=\"width: 727px\" class=\"wp-caption aligncenter\"><a href=\"https:\/\/hlinar.sk\/sk\/wp-content\/uploads\/2020\/01\/clanok-3-scaled.jpg\"><img loading=\"lazy\" decoding=\"async\" class=\"wp-image-2028 size-large\" src=\"https:\/\/hlinar.sk\/sk\/wp-content\/uploads\/2020\/01\/clanok-3-727x1024.jpg\" alt=\"hlinen\u00e1 podlaha - info\" width=\"727\" height=\"1024\" srcset=\"https:\/\/hlinar.sk\/sk\/wp-content\/uploads\/2020\/01\/clanok-3-727x1024.jpg 727w, https:\/\/hlinar.sk\/sk\/wp-content\/uploads\/2020\/01\/clanok-3-scaled-324x456.jpg 324w, https:\/\/hlinar.sk\/sk\/wp-content\/uploads\/2020\/01\/clanok-3-scaled-416x586.jpg 416w, https:\/\/hlinar.sk\/sk\/wp-content\/uploads\/2020\/01\/clanok-3-213x300.jpg 213w, https:\/\/hlinar.sk\/sk\/wp-content\/uploads\/2020\/01\/clanok-3-768x1081.jpg 768w, https:\/\/hlinar.sk\/sk\/wp-content\/uploads\/2020\/01\/clanok-3-1091x1536.jpg 1091w, https:\/\/hlinar.sk\/sk\/wp-content\/uploads\/2020\/01\/clanok-3-1454x2048.jpg 1454w, https:\/\/hlinar.sk\/sk\/wp-content\/uploads\/2020\/01\/clanok-3-scaled.jpg 1818w\" sizes=\"auto, (max-width: 727px) 100vw, 727px\" \/><\/a><figcaption id=\"caption-attachment-2028\" class=\"wp-caption-text\">Hlinen\u00e1 podlaha &#8211; \u010dl\u00e1nok 03<\/figcaption><\/figure>\n","protected":false},"excerpt":{"rendered":"<p>Hlinen\u00e9 podlahy Na tejto str\u00e1nke pracujem, pros\u00edm o strpenie.&nbsp; M\u00f4\u017eete si zatia\u013e pre\u010d\u00edta\u0165 m\u00f4j \u010dl\u00e1nok, alebo ma kontaktova\u0165 tu.<\/p>\n","protected":false},"author":2,"featured_media":0,"parent":2815,"menu_order":0,"comment_status":"closed","ping_status":"closed","template":"","meta":{"ngg_post_thumbnail":0,"footnotes":""},"class_list":["post-875","page","type-page","status-publish","hentry"],"yoast_head":"<!-- This site is optimized with the Yoast SEO plugin v27.2 - https:\/\/yoast.com\/product\/yoast-seo-wordpress\/ -->\n<title>Hlinen\u00e1 podlaha - HLIN\u00c1R Stano Prorok<\/title>\n<meta name=\"robots\" content=\"index, follow, max-snippet:-1, max-image-preview:large, max-video-preview:-1\" \/>\n<link rel=\"canonical\" href=\"https:\/\/hlinar.sk\/sk\/hlinene-materialy\/hlinena-podlaha\/\" \/>\n<meta property=\"og:locale\" content=\"sk_SK\" \/>\n<meta property=\"og:type\" content=\"article\" \/>\n<meta property=\"og:title\" content=\"Hlinen\u00e1 podlaha - HLIN\u00c1R Stano Prorok\" \/>\n<meta property=\"og:description\" content=\"Hlinen\u00e9 podlahy Na tejto str\u00e1nke pracujem, pros\u00edm o strpenie.&nbsp; M\u00f4\u017eete si zatia\u013e pre\u010d\u00edta\u0165 m\u00f4j \u010dl\u00e1nok, alebo ma kontaktova\u0165 tu.\" \/>\n<meta property=\"og:url\" content=\"https:\/\/hlinar.sk\/sk\/hlinene-materialy\/hlinena-podlaha\/\" \/>\n<meta property=\"og:site_name\" content=\"HLIN\u00c1R Stano Prorok\" \/>\n<meta property=\"article:modified_time\" content=\"2020-08-11T15:11:01+00:00\" \/>\n<meta property=\"og:image\" content=\"https:\/\/hlinar.sk\/sk\/wp-content\/uploads\/2020\/01\/clanok-1-720x1024.jpg\" \/>\n<meta name=\"twitter:card\" content=\"summary_large_image\" \/>\n<script type=\"application\/ld+json\" class=\"yoast-schema-graph\">{\"@context\":\"https:\/\/schema.org\",\"@graph\":[{\"@type\":\"WebPage\",\"@id\":\"https:\/\/hlinar.sk\/hlinene-materialy\/hlinena-podlaha\/\",\"url\":\"https:\/\/hlinar.sk\/hlinene-materialy\/hlinena-podlaha\/\",\"name\":\"Hlinen\u00e1 podlaha - HLIN\u00c1R Stano Prorok\",\"isPartOf\":{\"@id\":\"https:\/\/hlinar.sk\/#website\"},\"primaryImageOfPage\":{\"@id\":\"https:\/\/hlinar.sk\/hlinene-materialy\/hlinena-podlaha\/#primaryimage\"},\"image\":{\"@id\":\"https:\/\/hlinar.sk\/hlinene-materialy\/hlinena-podlaha\/#primaryimage\"},\"thumbnailUrl\":\"https:\/\/hlinar.sk\/sk\/wp-content\/uploads\/2020\/01\/clanok-1-720x1024.jpg\",\"datePublished\":\"2019-01-01T19:35:51+00:00\",\"dateModified\":\"2020-08-11T15:11:01+00:00\",\"breadcrumb\":{\"@id\":\"https:\/\/hlinar.sk\/hlinene-materialy\/hlinena-podlaha\/#breadcrumb\"},\"inLanguage\":\"sk-SK\",\"potentialAction\":[{\"@type\":\"ReadAction\",\"target\":[\"https:\/\/hlinar.sk\/hlinene-materialy\/hlinena-podlaha\/\"]}]},{\"@type\":\"ImageObject\",\"inLanguage\":\"sk-SK\",\"@id\":\"https:\/\/hlinar.sk\/hlinene-materialy\/hlinena-podlaha\/#primaryimage\",\"url\":\"https:\/\/hlinar.sk\/sk\/wp-content\/uploads\/2020\/01\/clanok-1-scaled.jpg\",\"contentUrl\":\"https:\/\/hlinar.sk\/sk\/wp-content\/uploads\/2020\/01\/clanok-1-scaled.jpg\",\"width\":1800,\"height\":2560,\"caption\":\"Hlinen\u00e1 podlaha - \u010dl\u00e1nok 01\"},{\"@type\":\"BreadcrumbList\",\"@id\":\"https:\/\/hlinar.sk\/hlinene-materialy\/hlinena-podlaha\/#breadcrumb\",\"itemListElement\":[{\"@type\":\"ListItem\",\"position\":1,\"name\":\"Home\",\"item\":\"https:\/\/hlinar.sk\/\"},{\"@type\":\"ListItem\",\"position\":2,\"name\":\"Hlinen\u00e9 materi\u00e1ly\",\"item\":\"https:\/\/hlinar.sk\/hlinene-materialy\/\"},{\"@type\":\"ListItem\",\"position\":3,\"name\":\"Hlinen\u00e1 podlaha\"}]},{\"@type\":\"WebSite\",\"@id\":\"https:\/\/hlinar.sk\/#website\",\"url\":\"https:\/\/hlinar.sk\/\",\"name\":\"HLIN\u00c1R Stano Prorok\",\"description\":\"Stavebniny od pr\u00edrody.\",\"publisher\":{\"@id\":\"https:\/\/hlinar.sk\/#organization\"},\"potentialAction\":[{\"@type\":\"SearchAction\",\"target\":{\"@type\":\"EntryPoint\",\"urlTemplate\":\"https:\/\/hlinar.sk\/?s={search_term_string}\"},\"query-input\":{\"@type\":\"PropertyValueSpecification\",\"valueRequired\":true,\"valueName\":\"search_term_string\"}}],\"inLanguage\":\"sk-SK\"},{\"@type\":\"Organization\",\"@id\":\"https:\/\/hlinar.sk\/#organization\",\"name\":\"HLIN\u00c1R Stano Prorok\",\"url\":\"https:\/\/hlinar.sk\/\",\"logo\":{\"@type\":\"ImageObject\",\"inLanguage\":\"sk-SK\",\"@id\":\"https:\/\/hlinar.sk\/#\/schema\/logo\/image\/\",\"url\":\"https:\/\/hlinar.sk\/sk\/wp-content\/uploads\/2020\/11\/logo-na-stranku-s-nazvom-priesvit-biele.png\",\"contentUrl\":\"https:\/\/hlinar.sk\/sk\/wp-content\/uploads\/2020\/11\/logo-na-stranku-s-nazvom-priesvit-biele.png\",\"width\":8048,\"height\":1432,\"caption\":\"HLIN\u00c1R Stano Prorok\"},\"image\":{\"@id\":\"https:\/\/hlinar.sk\/#\/schema\/logo\/image\/\"}}]}<\/script>\n<!-- \/ Yoast SEO plugin. -->","yoast_head_json":{"title":"Hlinen\u00e1 podlaha - HLIN\u00c1R Stano Prorok","robots":{"index":"index","follow":"follow","max-snippet":"max-snippet:-1","max-image-preview":"max-image-preview:large","max-video-preview":"max-video-preview:-1"},"canonical":"https:\/\/hlinar.sk\/sk\/hlinene-materialy\/hlinena-podlaha\/","og_locale":"sk_SK","og_type":"article","og_title":"Hlinen\u00e1 podlaha - HLIN\u00c1R Stano Prorok","og_description":"Hlinen\u00e9 podlahy Na tejto str\u00e1nke pracujem, pros\u00edm o strpenie.&nbsp; M\u00f4\u017eete si zatia\u013e pre\u010d\u00edta\u0165 m\u00f4j \u010dl\u00e1nok, alebo ma kontaktova\u0165 tu.","og_url":"https:\/\/hlinar.sk\/sk\/hlinene-materialy\/hlinena-podlaha\/","og_site_name":"HLIN\u00c1R Stano Prorok","article_modified_time":"2020-08-11T15:11:01+00:00","og_image":[{"url":"https:\/\/hlinar.sk\/sk\/wp-content\/uploads\/2020\/01\/clanok-1-720x1024.jpg","type":"","width":"","height":""}],"twitter_card":"summary_large_image","schema":{"@context":"https:\/\/schema.org","@graph":[{"@type":"WebPage","@id":"https:\/\/hlinar.sk\/hlinene-materialy\/hlinena-podlaha\/","url":"https:\/\/hlinar.sk\/hlinene-materialy\/hlinena-podlaha\/","name":"Hlinen\u00e1 podlaha - HLIN\u00c1R Stano Prorok","isPartOf":{"@id":"https:\/\/hlinar.sk\/#website"},"primaryImageOfPage":{"@id":"https:\/\/hlinar.sk\/hlinene-materialy\/hlinena-podlaha\/#primaryimage"},"image":{"@id":"https:\/\/hlinar.sk\/hlinene-materialy\/hlinena-podlaha\/#primaryimage"},"thumbnailUrl":"https:\/\/hlinar.sk\/sk\/wp-content\/uploads\/2020\/01\/clanok-1-720x1024.jpg","datePublished":"2019-01-01T19:35:51+00:00","dateModified":"2020-08-11T15:11:01+00:00","breadcrumb":{"@id":"https:\/\/hlinar.sk\/hlinene-materialy\/hlinena-podlaha\/#breadcrumb"},"inLanguage":"sk-SK","potentialAction":[{"@type":"ReadAction","target":["https:\/\/hlinar.sk\/hlinene-materialy\/hlinena-podlaha\/"]}]},{"@type":"ImageObject","inLanguage":"sk-SK","@id":"https:\/\/hlinar.sk\/hlinene-materialy\/hlinena-podlaha\/#primaryimage","url":"https:\/\/hlinar.sk\/sk\/wp-content\/uploads\/2020\/01\/clanok-1-scaled.jpg","contentUrl":"https:\/\/hlinar.sk\/sk\/wp-content\/uploads\/2020\/01\/clanok-1-scaled.jpg","width":1800,"height":2560,"caption":"Hlinen\u00e1 podlaha - \u010dl\u00e1nok 01"},{"@type":"BreadcrumbList","@id":"https:\/\/hlinar.sk\/hlinene-materialy\/hlinena-podlaha\/#breadcrumb","itemListElement":[{"@type":"ListItem","position":1,"name":"Home","item":"https:\/\/hlinar.sk\/"},{"@type":"ListItem","position":2,"name":"Hlinen\u00e9 materi\u00e1ly","item":"https:\/\/hlinar.sk\/hlinene-materialy\/"},{"@type":"ListItem","position":3,"name":"Hlinen\u00e1 podlaha"}]},{"@type":"WebSite","@id":"https:\/\/hlinar.sk\/#website","url":"https:\/\/hlinar.sk\/","name":"HLIN\u00c1R Stano Prorok","description":"Stavebniny od pr\u00edrody.","publisher":{"@id":"https:\/\/hlinar.sk\/#organization"},"potentialAction":[{"@type":"SearchAction","target":{"@type":"EntryPoint","urlTemplate":"https:\/\/hlinar.sk\/?s={search_term_string}"},"query-input":{"@type":"PropertyValueSpecification","valueRequired":true,"valueName":"search_term_string"}}],"inLanguage":"sk-SK"},{"@type":"Organization","@id":"https:\/\/hlinar.sk\/#organization","name":"HLIN\u00c1R Stano Prorok","url":"https:\/\/hlinar.sk\/","logo":{"@type":"ImageObject","inLanguage":"sk-SK","@id":"https:\/\/hlinar.sk\/#\/schema\/logo\/image\/","url":"https:\/\/hlinar.sk\/sk\/wp-content\/uploads\/2020\/11\/logo-na-stranku-s-nazvom-priesvit-biele.png","contentUrl":"https:\/\/hlinar.sk\/sk\/wp-content\/uploads\/2020\/11\/logo-na-stranku-s-nazvom-priesvit-biele.png","width":8048,"height":1432,"caption":"HLIN\u00c1R Stano Prorok"},"image":{"@id":"https:\/\/hlinar.sk\/#\/schema\/logo\/image\/"}}]}},"_links":{"self":[{"href":"https:\/\/hlinar.sk\/sk\/wp-json\/wp\/v2\/pages\/875","targetHints":{"allow":["GET"]}}],"collection":[{"href":"https:\/\/hlinar.sk\/sk\/wp-json\/wp\/v2\/pages"}],"about":[{"href":"https:\/\/hlinar.sk\/sk\/wp-json\/wp\/v2\/types\/page"}],"author":[{"embeddable":true,"href":"https:\/\/hlinar.sk\/sk\/wp-json\/wp\/v2\/users\/2"}],"replies":[{"embeddable":true,"href":"https:\/\/hlinar.sk\/sk\/wp-json\/wp\/v2\/comments?post=875"}],"version-history":[{"count":9,"href":"https:\/\/hlinar.sk\/sk\/wp-json\/wp\/v2\/pages\/875\/revisions"}],"predecessor-version":[{"id":2068,"href":"https:\/\/hlinar.sk\/sk\/wp-json\/wp\/v2\/pages\/875\/revisions\/2068"}],"up":[{"embeddable":true,"href":"https:\/\/hlinar.sk\/sk\/wp-json\/wp\/v2\/pages\/2815"}],"wp:attachment":[{"href":"https:\/\/hlinar.sk\/sk\/wp-json\/wp\/v2\/media?parent=875"}],"curies":[{"name":"wp","href":"https:\/\/api.w.org\/{rel}","templated":true}]}}