{"id":68,"date":"2017-12-24T09:58:37","date_gmt":"2017-12-24T08:58:37","guid":{"rendered":"http:\/\/localhost\/hlinar\/?page_id=68"},"modified":"2020-05-12T17:40:38","modified_gmt":"2020-05-12T15:40:38","slug":"faq-hlinene-podlahy","status":"publish","type":"page","link":"https:\/\/hlinar.sk\/sk\/faq-hlinene-podlahy\/","title":{"rendered":"FAQ &#8211; Hlinen\u00e9 podlahy"},"content":{"rendered":"<h4 style=\"text-align: center;\"><strong><span style=\"font-family: papiruss; color: #993300;\">FAQ &#8211; Hlinen\u00e9 podlahy<\/span><\/strong><\/h4>\n<ul>\n<li>\n<h4>Ako dlho vydr\u017e\u00ed hlinen\u00e1 podlaha?<\/h4>\n<\/li>\n<\/ul>\n<p>Na t\u00fato naj\u010dastej\u0161iu ot\u00e1zku je ve\u013emi jednoduch\u00e1 odpove\u010f: a\u017e k\u00fdm ju ned\u00e1te pre\u010d. Obavy z kr\u00e1tkej \u017eivotnosti hlinenej podlahy vznikaj\u00fa z neznalosti, predov\u0161etk\u00fdm v\u0161ak z predstavy tradi\u010dnej hlinenej podlahy niekde v skanzene \u010di starej stodole. Tak ako v\u0161etko, aj hlinen\u00e1 podlaha pre\u0161la v\u00fdvojom a dnes ju m\u00f4\u017eeme realizova\u0165 tak, aby sp\u013a\u0148ala s\u00fa\u010dasn\u00e9 po\u017eiadavky na kvalitu podlahy. Jej vzh\u013ead bude v\u0161ak z\u00e1visie\u0165 aj od va\u0161ej starostlivosti (vhodn\u00e9 um\u00fdvanie a o\u0161etrovanie, podobne ako pri drevenej podlahe).<\/p>\n<ul>\n<li>\n<h4>D\u00e1 sa hlinen\u00e1 podlaha um\u00fdva\u0165?<\/h4>\n<\/li>\n<\/ul>\n<p>Neo\u0161etren\u00e1, surov\u00e1 hlina sa vo vode \u013eahko rozp\u00fa\u0161\u0165a. To m\u00f4\u017ee by\u0165 v\u00fdhoda ale aj nev\u00fdhoda. Pri podlahe t\u00fato vlastnos\u0165 neocen\u00edme&#8230;Pre vysok\u00fa vodeodolnos\u0165 treba hlinen\u00fa podlahu poctivo napusti\u0165 olejom a pr\u00edpadne e\u0161te navoskova\u0165 vhodn\u00fdm voskom. Olej sa vsiakne do hliny, obal\u00ed \u00edlov\u00e9 zrnk\u00e1 a t\u00fdm p\u00e1dom sa k nim u\u017e voda nedostane. Olej sa s vodou odpudzuj\u00fa. Dobre napusten\u00e1 hlinen\u00e1 podlaha je teda vodeodoln\u00e1 a mo\u017eno ju bez probl\u00e9mov namokro um\u00fdva\u0165. Sta\u010d\u00ed \u010distou vodou alebo sapon\u00e1tom ur\u010den\u00edm na um\u00fdvanie povrchov o\u0161etren\u00fdch podlahov\u00fdm voskom (napr. \u010distiace prostriedky na dreven\u00e9 podlahy). Tak\u00e1to hlinen\u00e1 podlaha je v\u0161ak (narozdiel od <a href=\"https:\/\/hlinar.sk\/hlinene-omietky\/\">hlinen\u00fdch omietok<\/a>) takmer \u00faplne dif\u00fazne uzavret\u00e1. Pri podlahe to v\u0161ak v\u00e4\u010d\u0161inou nie je probl\u00e9m.<\/p>\n<ul>\n<li>\n<h4>Ak\u00e9 s\u00fa nev\u00fdhody hlinenej podlahy?<\/h4>\n<\/li>\n<\/ul>\n<p>Vodeodolnos\u0165 a oteruvzdornos\u0165 hlinenej podlahy zabezpe\u010duj\u00fa oleje a vosky (rovnako ako pri dreven\u00fdch podlah\u00e1ch). Z tohoto d\u00f4vodu m\u00f4\u017ee by\u0165 povrch citliv\u00fd na siln\u00e9 odmas\u0165ovacie prostriedky. V praxi to znamen\u00e1, \u017ee treba zamedzi\u0165 dlhodob\u00e9mu p\u00f4sobeniu \u010distiacich prostriedkov s odmas\u0165ovac\u00edm \u00fa\u010dinkom (napr\u00edklad na riad, pracie g\u00e9ly&#8230;). Ak sa tak stane, m\u00f4\u017ee sa na povrchu spravi\u0165 matn\u00fd f\u013eak. Pevnos\u0165 podlahy sa v\u0161ak nezmen\u00ed, ide len o optick\u00fd efekt f\u013eaku. Rie\u0161en\u00edm je tak\u00e9to miesto spr\u00e1vne prevoskova\u0165 pr\u00edpadne po\u0161koden\u00e9 miesto odstr\u00e1ni\u0165 a opravi\u0165 nov\u00fdm materi\u00e1lom.<\/p>\n<ul>\n<li>\n<h4>M\u00f4\u017ee by\u0165 v hlinenej podlahe k\u00farenie?<\/h4>\n<\/li>\n<\/ul>\n<p>Hlinen\u00e1 podlaha je vhodn\u00e1 predov\u0161etk\u00fdm tam, kde je v pl\u00e1ne podlahov\u00e9 k\u00farenie. To m\u00f4\u017ee by\u0165 teplovodn\u00e9 alebo elektrick\u00e9, pr\u00edpadne aj teplovzdu\u0161n\u00e9. Hlinen\u00e1 podlaha je mas\u00edvna vrstva \u0165a\u017ek\u00fdch materi\u00e1lov (podobne ako bet\u00f3n) a m\u00e1 v\u00fdborn\u00e9 tepelno-akumula\u010dn\u00e9 vlastnosti. To je pr\u00e1ve v\u00fdhodou pri podlahovom k\u00faren\u00ed. Nev\u00fdhodou v\u0161ak je, \u017ee pokia\u013e v podlahe nek\u00farite, je studen\u00e1. To m\u00f4\u017ee by\u0165 cite\u013en\u00e9 najm\u00e4 pred za\u010diatkom a po ukon\u010den\u00ed vykurovacej sez\u00f3ny. V pr\u00edpade, \u017ee nem\u00e1te podlahov\u00e9 k\u00farenie a m\u00e1te mo\u017enos\u0165 v\u00fdberu, odpor\u00fa\u010dam ako kontaktn\u00fa vrstvu na podlahu sk\u00f4r m\u00e4kk\u00e9 dreviny. Drevo m\u00e1 lep\u0161ie tepelno-izola\u010dn\u00e9 vlastnosti.<\/p>\n<p>Ak chcete dosiahnu\u0165 kvalitn\u00fa hlinen\u00fa podlahu, treba si vedie\u0165 spr\u00e1vne pripravi\u0165 podklad, namie\u0161a\u0165 vhodn\u00fa zmes a zvoli\u0165 spr\u00e1vny postup aplik\u00e1cie.<\/p>\n<ul>\n<li>\n<h4>M\u00f4\u017ee sa po hlinenej podlahe chodi\u0165 v top\u00e1nkach?<\/h4>\n<\/li>\n<\/ul>\n<p>Dobre spraven\u00e1 hlinen\u00e1 podlaha je dos\u0165 tvrd\u00e1 a pevn\u00e1 aby zniesla vy\u0161\u0161iu z\u00e1\u0165a\u017e. Probl\u00e9m hlinenej podlahy pou\u017e\u00edvanej v priestoroch, kde sa pl\u00e1nuje chodi\u0165 v top\u00e1nkach je ten, \u017ee sa v\u00e4\u010d\u0161inou v podr\u00e1\u017ekach nach\u00e1dzaj\u00fa drobn\u00e9 kamienky. Tie \u010dasom postupne sp\u00f4sobuj\u00fa na povrchu hlinen\u00fdch podl\u00e1h drobn\u00e9 \u0161krabance. Hlinen\u00e1 podlaha sa d\u00e1 v pr\u00edpade tak\u00fdchto &#8222;defektov&#8220; kr\u00e1sy pomerne jednoducho da\u0165 do p\u00f4vodn\u00e9ho stavu lok\u00e1lnym preolejovan\u00edm pr\u00edpadne prevoskovan\u00edm. Pokia\u013e sa v\u0161ak nechcete o hlinen\u00fa podlahu pr\u00edli\u0161 \u010dasto stara\u0165, odpor\u00fa\u010dam na miesta kde budete chodi\u0165 v top\u00e1nkach (v chodbe pri dver\u00e1ch, pri v\u00fdchode na terasu&#8230;) pou\u017ei\u0165 in\u00fd materi\u00e1l. Hlinen\u00e1 podlaha sa d\u00e1 sp\u00e1ja\u0165 s klasickou dla\u017ebou, pr\u00edrodn\u00fdm kame\u0148om \u010di drevom, ale v\u00fdborne vyzer\u00e1 s terakotou v podobe surovej terakotovej dla\u017eby alebo star\u00fdch teh\u00e1l. Pre lep\u0161iu predstavu si pozrite fotky v gal\u00e9rii tu: <a href=\"https:\/\/hlinar.sk\/fotogaleria\/fotky-hlinene-podlahy\/\">HLINEN\u00c9 PODLAHY<\/a><\/p>\n<ul>\n<li>\n<h4>M\u00f4\u017ee sa da\u0165 hlinen\u00e1 podlaha aj na bet\u00f3n?<\/h4>\n<\/li>\n<\/ul>\n<p>Hlinen\u00e1 podlaha m\u00f4\u017ee by\u0165 aj ako n\u00e1\u0161\u013eapn\u00e1 vrstva na bet\u00f3nov\u00fd poter v hr\u00fabke p\u00e1r milimetrov.<\/p>\n<h4>&nbsp;<\/h4>\n<ul>\n<li>\n<h4>Pre\u010do by som si mal da\u0165 pr\u00e1ve hlinen\u00fa podlahu?<\/h4>\n<\/li>\n<\/ul>\n<p>Hlinen\u00e1 podlaha je pr\u00edjemn\u00fd poch\u00f4dzny povrch. Jej jednoliaty dizajn pekne dotvor\u00ed interi\u00e9r. Jednoducho sa um\u00fdva. V porovnan\u00ed napr. s kachli\u010dkami nie je krehk\u00e1. Po p\u00e1de tvrd\u00e9ho predmetu na nevytvor\u00ed puklina, ale sk\u00f4r plastick\u00e1 priehlbina, ktor\u00fa je mo\u017en\u00e9 opravi\u0165. Pr\u00edrodn\u00e9 zlo\u017eenie podlahy a jej vytv\u00e1ranie priamo na mieste neza\u0165a\u017euje \u017eivotn\u00e9 prostredie.<\/p>\n<p>&nbsp;<\/p>\n<ul>\n<li>\n<h4>Ak\u00e1 je oteruvzornos\u0165 hlinenej podlahy?<\/h4>\n<\/li>\n<\/ul>\n<p>Oteruvzdornos\u0165 spr\u00e1vne urobenej hlinenej podlahy je v\u010faka obsahu vytvrdnut\u00e9ho pr\u00edrodn\u00e9ho oleja a zmesi oleja s voskom vysok\u00e1. Ke\u010f\u017ee pou\u017e\u00edvam rovnak\u00e9 oleje a vosky ako na dreven\u00e9 podlahy, d\u00e1 sa odolnos\u0165 hlinenej podlahy prirovna\u0165 k podlahe z tvrd\u00e9ho dreva napustenej rovnak\u00fdmi olejmi.<\/p>\n<ul>\n<li>\n<h4>Ak\u00e1 hrub\u00e1 je hlinen\u00e1 podlaha?<\/h4>\n<\/li>\n<\/ul>\n<p>Hr\u00fabka hlinenej podlahy z\u00e1vis\u00ed od celej skladby podlahy a t\u00fdm p\u00e1dom od vhodn\u00e9ho n\u00e1vrhu. Minimum je p\u00e1r milimetrov a maximum pod\u013ea n\u00e1vrhu a \u00fa\u010delu pou\u017eitia.<\/p>\n<p>&nbsp;<\/p>\n<ul>\n<li>\n<h4>Ako sa udr\u017eiava hlinen\u00e1 podlaha?<\/h4>\n<\/li>\n<\/ul>\n<p>\u00dadr\u017eba hlinenej podlahy je ve\u013emi jednoduch\u00e1. Na be\u017en\u00fa \u00fadr\u017ebu posta\u010duje vytieranie \u010distou vodou. Ke\u010f\u017ee povrch nie je por\u00e9zny. Pri v\u00e4\u010d\u0161om zne\u010disten\u00ed je vhodn\u00e9 pou\u017ei\u0165 sapon\u00e1t na dreven\u00e9 podlahy. Raz za rok je vhodn\u00e9 podlahu op\u00e4tovne prevoskova\u0165. Voskom sa zatiahnu drobn\u00e9 \u0161krabance a obnov\u00ed sa jej vzh\u013ead.<\/p>\n<ul>\n<li>\n<h4>Nie je hlinen\u00e1 podlaha pr\u00edli\u0161 studen\u00e1?<\/h4>\n<\/li>\n<\/ul>\n<p>Ak pod podlahou nie je pou\u017eit\u00e9 podlahov\u00e9 vykurovanie, je studen\u00e1 podobne ako keramick\u00e1 podlaha (dla\u017edice).&nbsp; Je tepelne akumula\u010dn\u00e1, dok\u00e1\u017ee sa ohria\u0165 aj ak na jej povrch dopad\u00e1 slnko a potom je pr\u00edjemne tepl\u00e1.<\/p>\n<p>V PR\u00cdPADE, \u017dE M\u00c1TE OT\u00c1ZKU, KTOR\u00c1 V\u00c1M TU CH\u00ddBA, NAP\u00cd\u0160TE MI:<\/p>\n<div class=\"caldera-grid\" id=\"caldera_form_1\" data-cf-ver=\"1.9.6\" data-cf-form-id=\"CF5a63396ee4132\"><div id=\"caldera_notices_1\" data-spinner=\"https:\/\/hlinar.sk\/sk\/wp-admin\/images\/spinner.gif\"><\/div><form data-instance=\"1\" class=\"CF5a63396ee4132 caldera_forms_form cfajax-trigger\" method=\"POST\" enctype=\"multipart\/form-data\" id=\"CF5a63396ee4132_1\" data-form-id=\"CF5a63396ee4132\" aria-label=\"FAQ\" data-target=\"#caldera_notices_1\" data-template=\"#cfajax_CF5a63396ee4132-tmpl\" data-cfajax=\"CF5a63396ee4132\" data-load-element=\"_parent\" data-load-class=\"cf_processing\" data-post-disable=\"0\" data-action=\"cf_process_ajax_submit\" data-request=\"https:\/\/hlinar.sk\/sk\/cf-api\/CF5a63396ee4132\" data-hiderows=\"true\">\r\n<input type=\"hidden\" id=\"_cf_verify_CF5a63396ee4132\" name=\"_cf_verify\" value=\"60fb78d10f\"  data-nonce-time=\"1777125841\" \/><input type=\"hidden\" name=\"_wp_http_referer\" value=\"\/sk\/wp-json\/wp\/v2\/pages\/68\" \/><div id=\"cf2-CF5a63396ee4132_1\"><\/div><input type=\"hidden\" name=\"_cf_frm_id\" value=\"CF5a63396ee4132\">\r\n<input type=\"hidden\" name=\"_cf_frm_ct\" value=\"1\">\r\n<input type=\"hidden\" name=\"cfajax\" value=\"CF5a63396ee4132\">\r\n<input type=\"hidden\" name=\"_cf_cr_pst\" value=\"68\">\r\n<div class=\"hide\" style=\"display:none; overflow:hidden;height:0;width:0;\">\r\n<label>Web Site<\/label><input type=\"text\" name=\"web_site\" value=\"\" autocomplete=\"off\">\r\n<\/div><div id=\"CF5a63396ee4132_1-row-1\"  class=\"row  first_row\"><div  class=\"col-sm-3  first_col\"><div data-field-wrapper=\"fld_9469168\" class=\"form-group\" id=\"fld_9469168_1-wrap\">\r\n\t<label id=\"fld_9469168Label\" for=\"fld_9469168_1\" class=\"control-label\">MENO<\/label>\r\n\t<div class=\"\">\r\n\t\t<input    type=\"text\" data-field=\"fld_9469168\" class=\" form-control\" id=\"fld_9469168_1\" name=\"fld_9469168\" value=\"\" data-type=\"text\"   aria-labelledby=\"fld_9469168Label\" >\t\t\t<\/div>\r\n<\/div>\r\n<div data-field-wrapper=\"fld_8987393\" class=\"form-group\" id=\"fld_8987393_1-wrap\">\r\n\t<label id=\"fld_8987393Label\" for=\"fld_8987393_1\" class=\"control-label\">EMAIL<\/label>\r\n\t<div class=\"\">\r\n\t\t<input    type=\"email\" data-field=\"fld_8987393\" class=\" form-control\" id=\"fld_8987393_1\" name=\"fld_8987393\" value=\"\" data-type=\"email\"   aria-labelledby=\"fld_8987393Label\" >\t\t\t<\/div>\r\n<\/div>\r\n<\/div><div  class=\"col-sm-3 \"><\/div><div  class=\"col-sm-3 \"><\/div><div  class=\"col-sm-3  last_col\"><\/div><\/div><div id=\"CF5a63396ee4132_1-row-2\"  class=\"row \"><div  class=\"col-sm-6  first_col\"><div data-field-wrapper=\"fld_7683514\" class=\"form-group\" id=\"fld_7683514_1-wrap\">\r\n\t<label id=\"fld_7683514Label\" for=\"fld_7683514_1\" class=\"control-label\">OT\u00c1ZKA <span aria-hidden=\"true\" role=\"presentation\" class=\"field_required\" style=\"color:#ee0000;\">*<\/span><\/label>\r\n\t<div class=\"\">\r\n\t\t<textarea name=\"fld_7683514\" value=\"\" data-field=\"fld_7683514\" class=\"form-control\" id=\"fld_7683514_1\" rows=\"7\"  required=\"required\"  aria-labelledby=\"fld_7683514Label\" ><\/textarea>\n\t\t\t<\/div>\r\n<\/div>\r\n<\/div><div  class=\"col-sm-6  last_col\"><\/div><\/div><div id=\"CF5a63396ee4132_1-row-3\"  class=\"row  last_row\"><div  class=\"col-sm-3  first_col\"><div data-field-wrapper=\"fld_7908577\" class=\"form-group\" id=\"fld_7908577_1-wrap\">\r\n<div class=\"\">\r\n\t<input  class=\"btn btn-default\" type=\"submit\" name=\"fld_7908577\" id=\"fld_7908577_1\" value=\"ODOSLA\u0164\" data-field=\"fld_7908577\"  >\n<\/div>\r\n<\/div>\r\n\t<input class=\"button_trigger_1\" type=\"hidden\" name=\"fld_7908577\" id=\"fld_7908577_1_btn\" value=\"\" data-field=\"fld_7908577\"  \/>\n<\/div><div  class=\"col-sm-3 \"><\/div><div  class=\"col-sm-6  last_col\"><\/div><\/div><\/form>\r\n<\/div>\r\n\n","protected":false},"excerpt":{"rendered":"<p>FAQ &#8211; Hlinen\u00e9 podlahy Ako dlho vydr\u017e\u00ed hlinen\u00e1 podlaha? Na t\u00fato naj\u010dastej\u0161iu ot\u00e1zku je ve\u013emi jednoduch\u00e1 odpove\u010f: a\u017e k\u00fdm ju ned\u00e1te pre\u010d. Obavy z kr\u00e1tkej \u017eivotnosti hlinenej podlahy vznikaj\u00fa z neznalosti, predov\u0161etk\u00fdm v\u0161ak z predstavy tradi\u010dnej hlinenej podlahy niekde v skanzene \u010di starej stodole. Tak ako v\u0161etko, aj hlinen\u00e1 podlaha pre\u0161la v\u00fdvojom a dnes ju [&hellip;]<\/p>\n","protected":false},"author":2,"featured_media":0,"parent":0,"menu_order":0,"comment_status":"closed","ping_status":"closed","template":"","meta":{"ngg_post_thumbnail":0,"footnotes":""},"class_list":["post-68","page","type-page","status-publish","hentry"],"yoast_head":"<!-- This site is optimized with the Yoast SEO plugin v27.2 - https:\/\/yoast.com\/product\/yoast-seo-wordpress\/ -->\n<title>FAQ - Hlinen\u00e9 podlahy - HLIN\u00c1R Stano Prorok<\/title>\n<meta name=\"robots\" content=\"index, follow, max-snippet:-1, max-image-preview:large, max-video-preview:-1\" \/>\n<link rel=\"canonical\" href=\"https:\/\/hlinar.sk\/sk\/faq-hlinene-podlahy\/\" \/>\n<meta property=\"og:locale\" content=\"sk_SK\" \/>\n<meta property=\"og:type\" content=\"article\" \/>\n<meta property=\"og:title\" content=\"FAQ - Hlinen\u00e9 podlahy - HLIN\u00c1R Stano Prorok\" \/>\n<meta property=\"og:description\" content=\"FAQ &#8211; Hlinen\u00e9 podlahy Ako dlho vydr\u017e\u00ed hlinen\u00e1 podlaha? Na t\u00fato naj\u010dastej\u0161iu ot\u00e1zku je ve\u013emi jednoduch\u00e1 odpove\u010f: a\u017e k\u00fdm ju ned\u00e1te pre\u010d. Obavy z kr\u00e1tkej \u017eivotnosti hlinenej podlahy vznikaj\u00fa z neznalosti, predov\u0161etk\u00fdm v\u0161ak z predstavy tradi\u010dnej hlinenej podlahy niekde v skanzene \u010di starej stodole. Tak ako v\u0161etko, aj hlinen\u00e1 podlaha pre\u0161la v\u00fdvojom a dnes ju [&hellip;]\" \/>\n<meta property=\"og:url\" content=\"https:\/\/hlinar.sk\/sk\/faq-hlinene-podlahy\/\" \/>\n<meta property=\"og:site_name\" content=\"HLIN\u00c1R Stano Prorok\" \/>\n<meta property=\"article:modified_time\" content=\"2020-05-12T15:40:38+00:00\" \/>\n<meta name=\"twitter:card\" content=\"summary_large_image\" \/>\n<meta name=\"twitter:label1\" content=\"Predpokladan\u00fd \u010das \u010d\u00edtania\" \/>\n\t<meta name=\"twitter:data1\" content=\"5 min\u00fat\" \/>\n<script type=\"application\/ld+json\" class=\"yoast-schema-graph\">{\"@context\":\"https:\/\/schema.org\",\"@graph\":[{\"@type\":\"WebPage\",\"@id\":\"https:\/\/hlinar.sk\/faq-hlinene-podlahy\/\",\"url\":\"https:\/\/hlinar.sk\/faq-hlinene-podlahy\/\",\"name\":\"FAQ - Hlinen\u00e9 podlahy - HLIN\u00c1R Stano Prorok\",\"isPartOf\":{\"@id\":\"https:\/\/hlinar.sk\/#website\"},\"datePublished\":\"2017-12-24T08:58:37+00:00\",\"dateModified\":\"2020-05-12T15:40:38+00:00\",\"breadcrumb\":{\"@id\":\"https:\/\/hlinar.sk\/faq-hlinene-podlahy\/#breadcrumb\"},\"inLanguage\":\"sk-SK\",\"potentialAction\":[{\"@type\":\"ReadAction\",\"target\":[\"https:\/\/hlinar.sk\/faq-hlinene-podlahy\/\"]}]},{\"@type\":\"BreadcrumbList\",\"@id\":\"https:\/\/hlinar.sk\/faq-hlinene-podlahy\/#breadcrumb\",\"itemListElement\":[{\"@type\":\"ListItem\",\"position\":1,\"name\":\"Home\",\"item\":\"https:\/\/hlinar.sk\/\"},{\"@type\":\"ListItem\",\"position\":2,\"name\":\"FAQ &#8211; Hlinen\u00e9 podlahy\"}]},{\"@type\":\"WebSite\",\"@id\":\"https:\/\/hlinar.sk\/#website\",\"url\":\"https:\/\/hlinar.sk\/\",\"name\":\"HLIN\u00c1R Stano Prorok\",\"description\":\"Stavebniny od pr\u00edrody.\",\"publisher\":{\"@id\":\"https:\/\/hlinar.sk\/#organization\"},\"potentialAction\":[{\"@type\":\"SearchAction\",\"target\":{\"@type\":\"EntryPoint\",\"urlTemplate\":\"https:\/\/hlinar.sk\/?s={search_term_string}\"},\"query-input\":{\"@type\":\"PropertyValueSpecification\",\"valueRequired\":true,\"valueName\":\"search_term_string\"}}],\"inLanguage\":\"sk-SK\"},{\"@type\":\"Organization\",\"@id\":\"https:\/\/hlinar.sk\/#organization\",\"name\":\"HLIN\u00c1R Stano Prorok\",\"url\":\"https:\/\/hlinar.sk\/\",\"logo\":{\"@type\":\"ImageObject\",\"inLanguage\":\"sk-SK\",\"@id\":\"https:\/\/hlinar.sk\/#\/schema\/logo\/image\/\",\"url\":\"https:\/\/hlinar.sk\/sk\/wp-content\/uploads\/2020\/11\/logo-na-stranku-s-nazvom-priesvit-biele.png\",\"contentUrl\":\"https:\/\/hlinar.sk\/sk\/wp-content\/uploads\/2020\/11\/logo-na-stranku-s-nazvom-priesvit-biele.png\",\"width\":8048,\"height\":1432,\"caption\":\"HLIN\u00c1R Stano Prorok\"},\"image\":{\"@id\":\"https:\/\/hlinar.sk\/#\/schema\/logo\/image\/\"}}]}<\/script>\n<!-- \/ Yoast SEO plugin. -->","yoast_head_json":{"title":"FAQ - Hlinen\u00e9 podlahy - HLIN\u00c1R Stano Prorok","robots":{"index":"index","follow":"follow","max-snippet":"max-snippet:-1","max-image-preview":"max-image-preview:large","max-video-preview":"max-video-preview:-1"},"canonical":"https:\/\/hlinar.sk\/sk\/faq-hlinene-podlahy\/","og_locale":"sk_SK","og_type":"article","og_title":"FAQ - Hlinen\u00e9 podlahy - HLIN\u00c1R Stano Prorok","og_description":"FAQ &#8211; Hlinen\u00e9 podlahy Ako dlho vydr\u017e\u00ed hlinen\u00e1 podlaha? Na t\u00fato naj\u010dastej\u0161iu ot\u00e1zku je ve\u013emi jednoduch\u00e1 odpove\u010f: a\u017e k\u00fdm ju ned\u00e1te pre\u010d. Obavy z kr\u00e1tkej \u017eivotnosti hlinenej podlahy vznikaj\u00fa z neznalosti, predov\u0161etk\u00fdm v\u0161ak z predstavy tradi\u010dnej hlinenej podlahy niekde v skanzene \u010di starej stodole. Tak ako v\u0161etko, aj hlinen\u00e1 podlaha pre\u0161la v\u00fdvojom a dnes ju [&hellip;]","og_url":"https:\/\/hlinar.sk\/sk\/faq-hlinene-podlahy\/","og_site_name":"HLIN\u00c1R Stano Prorok","article_modified_time":"2020-05-12T15:40:38+00:00","twitter_card":"summary_large_image","twitter_misc":{"Predpokladan\u00fd \u010das \u010d\u00edtania":"5 min\u00fat"},"schema":{"@context":"https:\/\/schema.org","@graph":[{"@type":"WebPage","@id":"https:\/\/hlinar.sk\/faq-hlinene-podlahy\/","url":"https:\/\/hlinar.sk\/faq-hlinene-podlahy\/","name":"FAQ - Hlinen\u00e9 podlahy - HLIN\u00c1R Stano Prorok","isPartOf":{"@id":"https:\/\/hlinar.sk\/#website"},"datePublished":"2017-12-24T08:58:37+00:00","dateModified":"2020-05-12T15:40:38+00:00","breadcrumb":{"@id":"https:\/\/hlinar.sk\/faq-hlinene-podlahy\/#breadcrumb"},"inLanguage":"sk-SK","potentialAction":[{"@type":"ReadAction","target":["https:\/\/hlinar.sk\/faq-hlinene-podlahy\/"]}]},{"@type":"BreadcrumbList","@id":"https:\/\/hlinar.sk\/faq-hlinene-podlahy\/#breadcrumb","itemListElement":[{"@type":"ListItem","position":1,"name":"Home","item":"https:\/\/hlinar.sk\/"},{"@type":"ListItem","position":2,"name":"FAQ &#8211; Hlinen\u00e9 podlahy"}]},{"@type":"WebSite","@id":"https:\/\/hlinar.sk\/#website","url":"https:\/\/hlinar.sk\/","name":"HLIN\u00c1R Stano Prorok","description":"Stavebniny od pr\u00edrody.","publisher":{"@id":"https:\/\/hlinar.sk\/#organization"},"potentialAction":[{"@type":"SearchAction","target":{"@type":"EntryPoint","urlTemplate":"https:\/\/hlinar.sk\/?s={search_term_string}"},"query-input":{"@type":"PropertyValueSpecification","valueRequired":true,"valueName":"search_term_string"}}],"inLanguage":"sk-SK"},{"@type":"Organization","@id":"https:\/\/hlinar.sk\/#organization","name":"HLIN\u00c1R Stano Prorok","url":"https:\/\/hlinar.sk\/","logo":{"@type":"ImageObject","inLanguage":"sk-SK","@id":"https:\/\/hlinar.sk\/#\/schema\/logo\/image\/","url":"https:\/\/hlinar.sk\/sk\/wp-content\/uploads\/2020\/11\/logo-na-stranku-s-nazvom-priesvit-biele.png","contentUrl":"https:\/\/hlinar.sk\/sk\/wp-content\/uploads\/2020\/11\/logo-na-stranku-s-nazvom-priesvit-biele.png","width":8048,"height":1432,"caption":"HLIN\u00c1R Stano Prorok"},"image":{"@id":"https:\/\/hlinar.sk\/#\/schema\/logo\/image\/"}}]}},"_links":{"self":[{"href":"https:\/\/hlinar.sk\/sk\/wp-json\/wp\/v2\/pages\/68","targetHints":{"allow":["GET"]}}],"collection":[{"href":"https:\/\/hlinar.sk\/sk\/wp-json\/wp\/v2\/pages"}],"about":[{"href":"https:\/\/hlinar.sk\/sk\/wp-json\/wp\/v2\/types\/page"}],"author":[{"embeddable":true,"href":"https:\/\/hlinar.sk\/sk\/wp-json\/wp\/v2\/users\/2"}],"replies":[{"embeddable":true,"href":"https:\/\/hlinar.sk\/sk\/wp-json\/wp\/v2\/comments?post=68"}],"version-history":[{"count":21,"href":"https:\/\/hlinar.sk\/sk\/wp-json\/wp\/v2\/pages\/68\/revisions"}],"predecessor-version":[{"id":3306,"href":"https:\/\/hlinar.sk\/sk\/wp-json\/wp\/v2\/pages\/68\/revisions\/3306"}],"wp:attachment":[{"href":"https:\/\/hlinar.sk\/sk\/wp-json\/wp\/v2\/media?parent=68"}],"curies":[{"name":"wp","href":"https:\/\/api.w.org\/{rel}","templated":true}]}}