{"id":15,"date":"2017-12-24T09:47:13","date_gmt":"2017-12-24T08:47:13","guid":{"rendered":"http:\/\/localhost\/hlinar\/?page_id=15"},"modified":"2020-01-15T21:33:36","modified_gmt":"2020-01-15T20:33:36","slug":"hlinene-omietky","status":"publish","type":"page","link":"https:\/\/hlinar.sk\/sk\/hlinene-omietky\/","title":{"rendered":"Hlinen\u00e9 omietky"},"content":{"rendered":"<h4 style=\"text-align: center;\"><span style=\"font-family: papiruss; font-size: 24px; color: #993300;\"><strong>Hlinen\u00e9 omietky<br \/>\n<\/strong><\/span><\/h4>\n<p>D\u00f4vodov pre\u010do sa rozhodn\u00fa\u0165 pre hlinen\u00e9 omietky m\u00f4\u017ee by\u0165 ve\u013ea. Hlinen\u00e9 omietky s\u00fa alebo m\u00f4\u017eu by\u0165:<\/p>\n<ul>\n<li>vysoko paropriepustn\u00e9<\/li>\n<li>zdravotne nez\u00e1vadn\u00e9<\/li>\n<li>oh\u013eadupln\u00e9 k \u017eivotn\u00e9mu prostrediu<\/li>\n<li>tradi\u010dn\u00e9<\/li>\n<li>dizajnovo nad\u010dasov\u00e9<\/li>\n<li>100% recyklovate\u013en\u00e9<\/li>\n<li>lok\u00e1lne dostupn\u00e9<\/li>\n<li>farebne variabiln\u00e9<\/li>\n<li>tepelne akumula\u010dn\u00e9<\/li>\n<li>vzduchotesn\u00e9<\/li>\n<\/ul>\n<p>Hlinen\u00e9 omietky maj\u00fa takisto ako ka\u017ed\u00fd in\u00fd materi\u00e1l svoje v\u00fdhody a nev\u00fdhody a preto treba vedie\u0165, kedy ich m\u00f4\u017eeme pou\u017ei\u0165 a kedy by to nebolo vhodn\u00e9. Odpovedzme si v\u0161ak na zop\u00e1r z\u00e1kladn\u00fdch ot\u00e1zok o hlinen\u00fdch omietkach:<\/p>\n<ul>\n<li>\n<h4>Ako funguje hlinen\u00e1 omietka?<\/h4>\n<\/li>\n<\/ul>\n<p>Hlinen\u00e1 omietka dok\u00e1\u017ee ve\u013emi r\u00fdchlo do seba nabra\u0165 vzdu\u0161n\u00fa vlhkos\u0165 a r\u00fdchlo ju aj zo seba uvo\u013e\u0148uje. Vyv\u00e1\u017een\u00e1 vzdu\u0161n\u00e1 vlhkos\u0165 je d\u00f4le\u017eit\u00e1 pre na\u0161e priedu\u0161ky a t\u00fdm aj pre cel\u00fd imunitn\u00fd syst\u00e9m. Ak sa dlhodobo zdr\u017eiavame v priestore, kde je vzduch pr\u00edli\u0161 such\u00fd alebo naopak pr\u00edli\u0161 vlhk\u00fd prejav\u00ed sa to na na\u0161om zdrav\u00ed. Hlina (konkr\u00e9tne \u00edl v nej) n\u00e1m pom\u00e1ha regulova\u0165 v\u00fdkyvy vzdu\u0161nej vlhkosti.<\/p>\n<ul>\n<li>\n<h4>Z \u010doho sa sklad\u00e1 hlinen\u00e1 omietka?<\/h4>\n<\/li>\n<\/ul>\n<p>Z\u00e1klad hlinenej omietky je \u00edl a piesok. V pr\u00edpade potreby sa m\u00f4\u017eu do omietky prid\u00e1va\u0165 r\u00f4zne pr\u00edmesi na zlep\u0161enie jej vlastnost\u00ed alebo zmenu vzh\u013eadu.<\/p>\n<ul>\n<li>\n<h4>Ak\u00e1 hrub\u00e1 je hlinen\u00e1 omietka?<\/h4>\n<\/li>\n<\/ul>\n<p>Hr\u00fabka hlinenej omietky z\u00e1vis\u00ed od \u00fa\u010delu ktor\u00e9mu m\u00e1 sl\u00fa\u017ei\u0165 a od mo\u017enost\u00ed podkladu. Ak chceme, aby bola funk\u010dn\u00e1 a pracovala dobre zo vzdu\u0161nou vlhkos\u0165ou, mala by ma\u0165 aspo\u0148 2 &#8211; 2,5cm. Ak chceme hlinen\u00fa omietku len ako dekorat\u00edvny prvok, sta\u010d\u00ed aj 2-5mm tenk\u00e1 vrstva.<\/p>\n<ul>\n<li>\n<h4>Ak\u00e1 hlina sa pou\u017e\u00edva do hlinen\u00fdch omietok?<\/h4>\n<\/li>\n<\/ul>\n<p>Slovo hlina je term\u00edn zah\u0155\u0148aj\u00faci zeminy obsahuj\u00face r\u00f4zne pomery \u00edlu, prachu, piesku, \u0161trku, kame\u0148ov a organick\u00fdch \u010dast\u00ed. Pre stavebn\u00e9 \u00fa\u010dely je vhodn\u00e1 hlina s vy\u0161\u0161\u00edm podielom \u00edlu a bez organick\u00fdch \u010dast\u00ed, tzv. mastn\u00e1, \u00edlovit\u00e1.<\/p>\n<ul>\n<li>\n<h4>Na ak\u00e9 materi\u00e1ly sa d\u00e1 pou\u017ei\u0165 hlinen\u00e1 omietka?<\/h4>\n<\/li>\n<\/ul>\n<p>Hlinen\u00e1 omietka sa d\u00e1 pou\u017ei\u0165 na v\u0161etky be\u017ene pou\u017e\u00edvan\u00e9 stavebn\u00e9 materi\u00e1ly (p\u00e1len\u00e1 tehla, bet\u00f3n, p\u00f3robet\u00f3n, v\u00e1penno pieskov\u00e1 tehla&#8230;) a samozrejme na v\u0161etky pr\u00edrodn\u00e9 materi\u00e1ly (drevo, slama, konope, r\u00e1kosov\u00e9 panely, drevovl\u00e1knit\u00e1 doska&#8230;). Treba v\u0161ak vedie\u0165 ako si dan\u00fd podklad pripravi\u0165.<\/p>\n","protected":false},"excerpt":{"rendered":"<p>Hlinen\u00e9 omietky D\u00f4vodov pre\u010do sa rozhodn\u00fa\u0165 pre hlinen\u00e9 omietky m\u00f4\u017ee by\u0165 ve\u013ea. Hlinen\u00e9 omietky s\u00fa alebo m\u00f4\u017eu by\u0165: vysoko paropriepustn\u00e9 zdravotne nez\u00e1vadn\u00e9 oh\u013eadupln\u00e9 k \u017eivotn\u00e9mu prostrediu tradi\u010dn\u00e9 dizajnovo nad\u010dasov\u00e9 100% recyklovate\u013en\u00e9 lok\u00e1lne dostupn\u00e9 farebne variabiln\u00e9 tepelne akumula\u010dn\u00e9 vzduchotesn\u00e9 Hlinen\u00e9 omietky maj\u00fa takisto ako ka\u017ed\u00fd in\u00fd materi\u00e1l svoje v\u00fdhody a nev\u00fdhody a preto treba vedie\u0165, kedy [&hellip;]<\/p>\n","protected":false},"author":2,"featured_media":0,"parent":0,"menu_order":0,"comment_status":"closed","ping_status":"closed","template":"","meta":{"ngg_post_thumbnail":0,"footnotes":""},"class_list":["post-15","page","type-page","status-publish","hentry"],"yoast_head":"<!-- This site is optimized with the Yoast SEO plugin v27.2 - https:\/\/yoast.com\/product\/yoast-seo-wordpress\/ -->\n<title>Hlinen\u00e9 omietky - HLIN\u00c1R Stano Prorok - hlin\u00e1r.sk<\/title>\n<meta name=\"description\" content=\"Hlinen\u00e9 omietky s\u00fa ekologick\u00e9 aj ekonomick\u00e9, zdrav\u00e9, takmer univerz\u00e1lne a nad\u010dasov\u00e9. Pre\u010d\u00edtajte si viac o hline ako stavebnom materi\u00e1li.\" \/>\n<meta name=\"robots\" content=\"index, follow, max-snippet:-1, max-image-preview:large, max-video-preview:-1\" \/>\n<link rel=\"canonical\" href=\"https:\/\/hlinar.sk\/sk\/hlinene-omietky\/\" \/>\n<meta property=\"og:locale\" content=\"sk_SK\" \/>\n<meta property=\"og:type\" content=\"article\" \/>\n<meta property=\"og:title\" content=\"Hlinen\u00e9 omietky - HLIN\u00c1R Stano Prorok - hlin\u00e1r.sk\" \/>\n<meta property=\"og:description\" content=\"Hlinen\u00e9 omietky s\u00fa ekologick\u00e9 aj ekonomick\u00e9, zdrav\u00e9, takmer univerz\u00e1lne a nad\u010dasov\u00e9. Pre\u010d\u00edtajte si viac o hline ako stavebnom materi\u00e1li.\" \/>\n<meta property=\"og:url\" content=\"https:\/\/hlinar.sk\/sk\/hlinene-omietky\/\" \/>\n<meta property=\"og:site_name\" content=\"HLIN\u00c1R Stano Prorok\" \/>\n<meta property=\"article:modified_time\" content=\"2020-01-15T20:33:36+00:00\" \/>\n<meta name=\"twitter:card\" content=\"summary_large_image\" \/>\n<meta name=\"twitter:label1\" content=\"Predpokladan\u00fd \u010das \u010d\u00edtania\" \/>\n\t<meta name=\"twitter:data1\" content=\"2 min\u00faty\" \/>\n<script type=\"application\/ld+json\" class=\"yoast-schema-graph\">{\"@context\":\"https:\/\/schema.org\",\"@graph\":[{\"@type\":\"WebPage\",\"@id\":\"https:\/\/hlinar.sk\/hlinene-omietky\/\",\"url\":\"https:\/\/hlinar.sk\/hlinene-omietky\/\",\"name\":\"Hlinen\u00e9 omietky - HLIN\u00c1R Stano Prorok - hlin\u00e1r.sk\",\"isPartOf\":{\"@id\":\"https:\/\/hlinar.sk\/#website\"},\"datePublished\":\"2017-12-24T08:47:13+00:00\",\"dateModified\":\"2020-01-15T20:33:36+00:00\",\"description\":\"Hlinen\u00e9 omietky s\u00fa ekologick\u00e9 aj ekonomick\u00e9, zdrav\u00e9, takmer univerz\u00e1lne a nad\u010dasov\u00e9. Pre\u010d\u00edtajte si viac o hline ako stavebnom materi\u00e1li.\",\"breadcrumb\":{\"@id\":\"https:\/\/hlinar.sk\/hlinene-omietky\/#breadcrumb\"},\"inLanguage\":\"sk-SK\",\"potentialAction\":[{\"@type\":\"ReadAction\",\"target\":[\"https:\/\/hlinar.sk\/hlinene-omietky\/\"]}]},{\"@type\":\"BreadcrumbList\",\"@id\":\"https:\/\/hlinar.sk\/hlinene-omietky\/#breadcrumb\",\"itemListElement\":[{\"@type\":\"ListItem\",\"position\":1,\"name\":\"Home\",\"item\":\"https:\/\/hlinar.sk\/\"},{\"@type\":\"ListItem\",\"position\":2,\"name\":\"Hlinen\u00e9 omietky\"}]},{\"@type\":\"WebSite\",\"@id\":\"https:\/\/hlinar.sk\/#website\",\"url\":\"https:\/\/hlinar.sk\/\",\"name\":\"HLIN\u00c1R Stano Prorok\",\"description\":\"Stavebniny od pr\u00edrody.\",\"publisher\":{\"@id\":\"https:\/\/hlinar.sk\/#organization\"},\"potentialAction\":[{\"@type\":\"SearchAction\",\"target\":{\"@type\":\"EntryPoint\",\"urlTemplate\":\"https:\/\/hlinar.sk\/?s={search_term_string}\"},\"query-input\":{\"@type\":\"PropertyValueSpecification\",\"valueRequired\":true,\"valueName\":\"search_term_string\"}}],\"inLanguage\":\"sk-SK\"},{\"@type\":\"Organization\",\"@id\":\"https:\/\/hlinar.sk\/#organization\",\"name\":\"HLIN\u00c1R Stano Prorok\",\"url\":\"https:\/\/hlinar.sk\/\",\"logo\":{\"@type\":\"ImageObject\",\"inLanguage\":\"sk-SK\",\"@id\":\"https:\/\/hlinar.sk\/#\/schema\/logo\/image\/\",\"url\":\"https:\/\/hlinar.sk\/sk\/wp-content\/uploads\/2020\/11\/logo-na-stranku-s-nazvom-priesvit-biele.png\",\"contentUrl\":\"https:\/\/hlinar.sk\/sk\/wp-content\/uploads\/2020\/11\/logo-na-stranku-s-nazvom-priesvit-biele.png\",\"width\":8048,\"height\":1432,\"caption\":\"HLIN\u00c1R Stano Prorok\"},\"image\":{\"@id\":\"https:\/\/hlinar.sk\/#\/schema\/logo\/image\/\"}}]}<\/script>\n<!-- \/ Yoast SEO plugin. -->","yoast_head_json":{"title":"Hlinen\u00e9 omietky - HLIN\u00c1R Stano Prorok - hlin\u00e1r.sk","description":"Hlinen\u00e9 omietky s\u00fa ekologick\u00e9 aj ekonomick\u00e9, zdrav\u00e9, takmer univerz\u00e1lne a nad\u010dasov\u00e9. Pre\u010d\u00edtajte si viac o hline ako stavebnom materi\u00e1li.","robots":{"index":"index","follow":"follow","max-snippet":"max-snippet:-1","max-image-preview":"max-image-preview:large","max-video-preview":"max-video-preview:-1"},"canonical":"https:\/\/hlinar.sk\/sk\/hlinene-omietky\/","og_locale":"sk_SK","og_type":"article","og_title":"Hlinen\u00e9 omietky - HLIN\u00c1R Stano Prorok - hlin\u00e1r.sk","og_description":"Hlinen\u00e9 omietky s\u00fa ekologick\u00e9 aj ekonomick\u00e9, zdrav\u00e9, takmer univerz\u00e1lne a nad\u010dasov\u00e9. Pre\u010d\u00edtajte si viac o hline ako stavebnom materi\u00e1li.","og_url":"https:\/\/hlinar.sk\/sk\/hlinene-omietky\/","og_site_name":"HLIN\u00c1R Stano Prorok","article_modified_time":"2020-01-15T20:33:36+00:00","twitter_card":"summary_large_image","twitter_misc":{"Predpokladan\u00fd \u010das \u010d\u00edtania":"2 min\u00faty"},"schema":{"@context":"https:\/\/schema.org","@graph":[{"@type":"WebPage","@id":"https:\/\/hlinar.sk\/hlinene-omietky\/","url":"https:\/\/hlinar.sk\/hlinene-omietky\/","name":"Hlinen\u00e9 omietky - HLIN\u00c1R Stano Prorok - hlin\u00e1r.sk","isPartOf":{"@id":"https:\/\/hlinar.sk\/#website"},"datePublished":"2017-12-24T08:47:13+00:00","dateModified":"2020-01-15T20:33:36+00:00","description":"Hlinen\u00e9 omietky s\u00fa ekologick\u00e9 aj ekonomick\u00e9, zdrav\u00e9, takmer univerz\u00e1lne a nad\u010dasov\u00e9. Pre\u010d\u00edtajte si viac o hline ako stavebnom materi\u00e1li.","breadcrumb":{"@id":"https:\/\/hlinar.sk\/hlinene-omietky\/#breadcrumb"},"inLanguage":"sk-SK","potentialAction":[{"@type":"ReadAction","target":["https:\/\/hlinar.sk\/hlinene-omietky\/"]}]},{"@type":"BreadcrumbList","@id":"https:\/\/hlinar.sk\/hlinene-omietky\/#breadcrumb","itemListElement":[{"@type":"ListItem","position":1,"name":"Home","item":"https:\/\/hlinar.sk\/"},{"@type":"ListItem","position":2,"name":"Hlinen\u00e9 omietky"}]},{"@type":"WebSite","@id":"https:\/\/hlinar.sk\/#website","url":"https:\/\/hlinar.sk\/","name":"HLIN\u00c1R Stano Prorok","description":"Stavebniny od pr\u00edrody.","publisher":{"@id":"https:\/\/hlinar.sk\/#organization"},"potentialAction":[{"@type":"SearchAction","target":{"@type":"EntryPoint","urlTemplate":"https:\/\/hlinar.sk\/?s={search_term_string}"},"query-input":{"@type":"PropertyValueSpecification","valueRequired":true,"valueName":"search_term_string"}}],"inLanguage":"sk-SK"},{"@type":"Organization","@id":"https:\/\/hlinar.sk\/#organization","name":"HLIN\u00c1R Stano Prorok","url":"https:\/\/hlinar.sk\/","logo":{"@type":"ImageObject","inLanguage":"sk-SK","@id":"https:\/\/hlinar.sk\/#\/schema\/logo\/image\/","url":"https:\/\/hlinar.sk\/sk\/wp-content\/uploads\/2020\/11\/logo-na-stranku-s-nazvom-priesvit-biele.png","contentUrl":"https:\/\/hlinar.sk\/sk\/wp-content\/uploads\/2020\/11\/logo-na-stranku-s-nazvom-priesvit-biele.png","width":8048,"height":1432,"caption":"HLIN\u00c1R Stano Prorok"},"image":{"@id":"https:\/\/hlinar.sk\/#\/schema\/logo\/image\/"}}]}},"_links":{"self":[{"href":"https:\/\/hlinar.sk\/sk\/wp-json\/wp\/v2\/pages\/15","targetHints":{"allow":["GET"]}}],"collection":[{"href":"https:\/\/hlinar.sk\/sk\/wp-json\/wp\/v2\/pages"}],"about":[{"href":"https:\/\/hlinar.sk\/sk\/wp-json\/wp\/v2\/types\/page"}],"author":[{"embeddable":true,"href":"https:\/\/hlinar.sk\/sk\/wp-json\/wp\/v2\/users\/2"}],"replies":[{"embeddable":true,"href":"https:\/\/hlinar.sk\/sk\/wp-json\/wp\/v2\/comments?post=15"}],"version-history":[{"count":16,"href":"https:\/\/hlinar.sk\/sk\/wp-json\/wp\/v2\/pages\/15\/revisions"}],"predecessor-version":[{"id":2321,"href":"https:\/\/hlinar.sk\/sk\/wp-json\/wp\/v2\/pages\/15\/revisions\/2321"}],"wp:attachment":[{"href":"https:\/\/hlinar.sk\/sk\/wp-json\/wp\/v2\/media?parent=15"}],"curies":[{"name":"wp","href":"https:\/\/api.w.org\/{rel}","templated":true}]}}