{"id":4795,"date":"2021-07-12T09:45:09","date_gmt":"2021-07-12T07:45:09","guid":{"rendered":"https:\/\/hlinar.sk\/?post_type=product&#038;p=4795"},"modified":"2023-03-23T19:54:37","modified_gmt":"2023-03-23T18:54:37","slug":"umelecke-tvoritka-obojstranne-drevene-sada","status":"publish","type":"product","link":"https:\/\/hlinar.sk\/en\/product\/umelecke-tvoritka-obojstranne-drevene-sada\/","title":{"rendered":"Umeleck\u00e9 tvor\u00edtka obojstrann\u00e9 dreven\u00e9 &#8211; sada"},"content":{"rendered":"","protected":false},"excerpt":{"rendered":"<p>Umeleck\u00e1 pom\u00f4cka na tvarovanie hlinen\u00fdch plast\u00edk a obrazcov. Tvor\u00edtko je mo\u017en\u00e9 pou\u017ei\u0165 pri hlinen\u00fdch omietkach, hrn\u010diarine, plastel\u00edne alebo pri sochan\u00ed.<\/p>","protected":false},"featured_media":4796,"comment_status":"open","ping_status":"closed","template":"","meta":{"ngg_post_thumbnail":0},"product_brand":[],"product_cat":[430],"product_tag":[113,118,112,109,42,110,121,120],"class_list":{"0":"post-4795","1":"product","2":"type-product","3":"status-publish","4":"has-post-thumbnail","6":"product_cat-tvoritka","7":"product_tag-dekorativna-hlinena-omietka","8":"product_tag-hladene-omietky","9":"product_tag-hlinena-omietka","10":"product_tag-hlinene-materialy","11":"product_tag-hlinene-omietky","12":"product_tag-prirodne-materialy","13":"product_tag-umelecke-naradie","14":"product_tag-umelecke-potreby","16":"first","17":"instock","18":"taxable","19":"shipping-taxable","20":"purchasable","21":"product-type-simple"},"supplier_id":3814,"supplier_sku":"M6003436","barcode":null,"atum_controlled":true,"out_stock_date":null,"out_stock_threshold":null,"inheritable":false,"inbound_stock":0,"stock_on_hold":0,"sold_today":0,"sales_last_days":0,"out_stock_days":0,"lost_sales":0,"has_location":false,"update_date":"2026-04-26T00:39:14","atum_locations":[],"atum_stock_status":"instock","restock_status":false,"low_stock_amount":1,"sales_update_date":"2026-04-26T00:39:14","calc_backorders":null,"yoast_head":"<!-- This site is optimized with the Yoast SEO plugin v27.2 - https:\/\/yoast.com\/product\/yoast-seo-wordpress\/ -->\n<title>PREDAJ - Umeleck\u00e9 tvor\u00edtka obojstrann\u00e9 dreven\u00e9 - sada -<\/title>\n<meta name=\"description\" content=\"Umeleck\u00e1 pom\u00f4cka na tvarovanie hlinen\u00fdch plast\u00edk a obrazcov. Tvor\u00edtko je mo\u017en\u00e9 pou\u017ei\u0165 napr\u00edklad pri zdoben\u00ed hlinen\u00fdch omietok.\" \/>\n<meta name=\"robots\" content=\"index, follow, max-snippet:-1, max-image-preview:large, max-video-preview:-1\" \/>\n<link rel=\"canonical\" href=\"https:\/\/hlinar.sk\/en\/product\/umelecke-tvoritka-obojstranne-drevene-sada\/\" \/>\n<meta property=\"og:locale\" content=\"en_GB\" \/>\n<meta property=\"og:type\" content=\"article\" \/>\n<meta property=\"og:title\" content=\"PREDAJ - Umeleck\u00e9 tvor\u00edtka obojstrann\u00e9 dreven\u00e9 - sada -\" \/>\n<meta property=\"og:description\" content=\"Umeleck\u00e1 pom\u00f4cka na tvarovanie hlinen\u00fdch plast\u00edk a obrazcov. Tvor\u00edtko je mo\u017en\u00e9 pou\u017ei\u0165 napr\u00edklad pri zdoben\u00ed hlinen\u00fdch omietok.\" \/>\n<meta property=\"og:url\" content=\"https:\/\/hlinar.sk\/en\/product\/umelecke-tvoritka-obojstranne-drevene-sada\/\" \/>\n<meta property=\"og:site_name\" content=\"HLIN\u00c1R Stano Prorok\" \/>\n<meta property=\"article:modified_time\" content=\"2023-03-23T18:54:37+00:00\" \/>\n<meta property=\"og:image\" content=\"https:\/\/hlinar.sk\/sk\/wp-content\/uploads\/2021\/07\/IMG_20210712_080741-01-scaled.jpeg\" \/>\n\t<meta property=\"og:image:width\" content=\"2560\" \/>\n\t<meta property=\"og:image:height\" content=\"1920\" \/>\n\t<meta property=\"og:image:type\" content=\"image\/jpeg\" \/>\n<meta name=\"twitter:card\" content=\"summary_large_image\" \/>\n<script type=\"application\/ld+json\" class=\"yoast-schema-graph\">{\"@context\":\"https:\/\/schema.org\",\"@graph\":[{\"@type\":\"WebPage\",\"@id\":\"https:\/\/hlinar.sk\/produkt\/umelecke-tvoritka-obojstranne-drevene-sada\/\",\"url\":\"https:\/\/hlinar.sk\/produkt\/umelecke-tvoritka-obojstranne-drevene-sada\/\",\"name\":\"PREDAJ - Umeleck\u00e9 tvor\u00edtka obojstrann\u00e9 dreven\u00e9 - sada -\",\"isPartOf\":{\"@id\":\"https:\/\/hlinar.sk\/#website\"},\"primaryImageOfPage\":{\"@id\":\"https:\/\/hlinar.sk\/produkt\/umelecke-tvoritka-obojstranne-drevene-sada\/#primaryimage\"},\"image\":{\"@id\":\"https:\/\/hlinar.sk\/produkt\/umelecke-tvoritka-obojstranne-drevene-sada\/#primaryimage\"},\"thumbnailUrl\":\"https:\/\/hlinar.sk\/sk\/wp-content\/uploads\/2021\/07\/IMG_20210712_080741-01-scaled.jpeg\",\"datePublished\":\"2021-07-12T07:45:09+00:00\",\"dateModified\":\"2023-03-23T18:54:37+00:00\",\"description\":\"Umeleck\u00e1 pom\u00f4cka na tvarovanie hlinen\u00fdch plast\u00edk a obrazcov. Tvor\u00edtko je mo\u017en\u00e9 pou\u017ei\u0165 napr\u00edklad pri zdoben\u00ed hlinen\u00fdch omietok.\",\"breadcrumb\":{\"@id\":\"https:\/\/hlinar.sk\/produkt\/umelecke-tvoritka-obojstranne-drevene-sada\/#breadcrumb\"},\"inLanguage\":\"en-GB\",\"potentialAction\":[{\"@type\":\"ReadAction\",\"target\":[\"https:\/\/hlinar.sk\/produkt\/umelecke-tvoritka-obojstranne-drevene-sada\/\"]}]},{\"@type\":\"ImageObject\",\"inLanguage\":\"en-GB\",\"@id\":\"https:\/\/hlinar.sk\/produkt\/umelecke-tvoritka-obojstranne-drevene-sada\/#primaryimage\",\"url\":\"https:\/\/hlinar.sk\/sk\/wp-content\/uploads\/2021\/07\/IMG_20210712_080741-01-scaled.jpeg\",\"contentUrl\":\"https:\/\/hlinar.sk\/sk\/wp-content\/uploads\/2021\/07\/IMG_20210712_080741-01-scaled.jpeg\",\"width\":2560,\"height\":1920,\"caption\":\"Umeleck\u00e9 tvor\u00edtka obojstrann\u00e9 dreven\u00e9 - sada\"},{\"@type\":\"BreadcrumbList\",\"@id\":\"https:\/\/hlinar.sk\/produkt\/umelecke-tvoritka-obojstranne-drevene-sada\/#breadcrumb\",\"itemListElement\":[{\"@type\":\"ListItem\",\"position\":1,\"name\":\"Home\",\"item\":\"https:\/\/hlinar.sk\/\"},{\"@type\":\"ListItem\",\"position\":2,\"name\":\"Umeleck\u00e9 tvor\u00edtka obojstrann\u00e9 dreven\u00e9 &#8211; sada\"}]},{\"@type\":\"WebSite\",\"@id\":\"https:\/\/hlinar.sk\/#website\",\"url\":\"https:\/\/hlinar.sk\/\",\"name\":\"HLIN\u00c1R Stano Prorok\",\"description\":\"Stavebniny od pr\u00edrody.\",\"publisher\":{\"@id\":\"https:\/\/hlinar.sk\/#organization\"},\"potentialAction\":[{\"@type\":\"SearchAction\",\"target\":{\"@type\":\"EntryPoint\",\"urlTemplate\":\"https:\/\/hlinar.sk\/?s={search_term_string}\"},\"query-input\":{\"@type\":\"PropertyValueSpecification\",\"valueRequired\":true,\"valueName\":\"search_term_string\"}}],\"inLanguage\":\"en-GB\"},{\"@type\":\"Organization\",\"@id\":\"https:\/\/hlinar.sk\/#organization\",\"name\":\"HLIN\u00c1R Stano Prorok\",\"url\":\"https:\/\/hlinar.sk\/\",\"logo\":{\"@type\":\"ImageObject\",\"inLanguage\":\"en-GB\",\"@id\":\"https:\/\/hlinar.sk\/#\/schema\/logo\/image\/\",\"url\":\"https:\/\/hlinar.sk\/sk\/wp-content\/uploads\/2020\/11\/logo-na-stranku-s-nazvom-priesvit-biele.png\",\"contentUrl\":\"https:\/\/hlinar.sk\/sk\/wp-content\/uploads\/2020\/11\/logo-na-stranku-s-nazvom-priesvit-biele.png\",\"width\":8048,\"height\":1432,\"caption\":\"HLIN\u00c1R Stano Prorok\"},\"image\":{\"@id\":\"https:\/\/hlinar.sk\/#\/schema\/logo\/image\/\"}}]}<\/script>\n<!-- \/ Yoast SEO plugin. -->","yoast_head_json":{"title":"PREDAJ - Umeleck\u00e9 tvor\u00edtka obojstrann\u00e9 dreven\u00e9 - sada -","description":"Umeleck\u00e1 pom\u00f4cka na tvarovanie hlinen\u00fdch plast\u00edk a obrazcov. Tvor\u00edtko je mo\u017en\u00e9 pou\u017ei\u0165 napr\u00edklad pri zdoben\u00ed hlinen\u00fdch omietok.","robots":{"index":"index","follow":"follow","max-snippet":"max-snippet:-1","max-image-preview":"max-image-preview:large","max-video-preview":"max-video-preview:-1"},"canonical":"https:\/\/hlinar.sk\/en\/product\/umelecke-tvoritka-obojstranne-drevene-sada\/","og_locale":"en_GB","og_type":"article","og_title":"PREDAJ - Umeleck\u00e9 tvor\u00edtka obojstrann\u00e9 dreven\u00e9 - sada -","og_description":"Umeleck\u00e1 pom\u00f4cka na tvarovanie hlinen\u00fdch plast\u00edk a obrazcov. Tvor\u00edtko je mo\u017en\u00e9 pou\u017ei\u0165 napr\u00edklad pri zdoben\u00ed hlinen\u00fdch omietok.","og_url":"https:\/\/hlinar.sk\/en\/product\/umelecke-tvoritka-obojstranne-drevene-sada\/","og_site_name":"HLIN\u00c1R Stano Prorok","article_modified_time":"2023-03-23T18:54:37+00:00","og_image":[{"width":2560,"height":1920,"url":"https:\/\/hlinar.sk\/sk\/wp-content\/uploads\/2021\/07\/IMG_20210712_080741-01-scaled.jpeg","type":"image\/jpeg"}],"twitter_card":"summary_large_image","schema":{"@context":"https:\/\/schema.org","@graph":[{"@type":"WebPage","@id":"https:\/\/hlinar.sk\/produkt\/umelecke-tvoritka-obojstranne-drevene-sada\/","url":"https:\/\/hlinar.sk\/produkt\/umelecke-tvoritka-obojstranne-drevene-sada\/","name":"PREDAJ - Umeleck\u00e9 tvor\u00edtka obojstrann\u00e9 dreven\u00e9 - sada -","isPartOf":{"@id":"https:\/\/hlinar.sk\/#website"},"primaryImageOfPage":{"@id":"https:\/\/hlinar.sk\/produkt\/umelecke-tvoritka-obojstranne-drevene-sada\/#primaryimage"},"image":{"@id":"https:\/\/hlinar.sk\/produkt\/umelecke-tvoritka-obojstranne-drevene-sada\/#primaryimage"},"thumbnailUrl":"https:\/\/hlinar.sk\/sk\/wp-content\/uploads\/2021\/07\/IMG_20210712_080741-01-scaled.jpeg","datePublished":"2021-07-12T07:45:09+00:00","dateModified":"2023-03-23T18:54:37+00:00","description":"Umeleck\u00e1 pom\u00f4cka na tvarovanie hlinen\u00fdch plast\u00edk a obrazcov. Tvor\u00edtko je mo\u017en\u00e9 pou\u017ei\u0165 napr\u00edklad pri zdoben\u00ed hlinen\u00fdch omietok.","breadcrumb":{"@id":"https:\/\/hlinar.sk\/produkt\/umelecke-tvoritka-obojstranne-drevene-sada\/#breadcrumb"},"inLanguage":"en-GB","potentialAction":[{"@type":"ReadAction","target":["https:\/\/hlinar.sk\/produkt\/umelecke-tvoritka-obojstranne-drevene-sada\/"]}]},{"@type":"ImageObject","inLanguage":"en-GB","@id":"https:\/\/hlinar.sk\/produkt\/umelecke-tvoritka-obojstranne-drevene-sada\/#primaryimage","url":"https:\/\/hlinar.sk\/sk\/wp-content\/uploads\/2021\/07\/IMG_20210712_080741-01-scaled.jpeg","contentUrl":"https:\/\/hlinar.sk\/sk\/wp-content\/uploads\/2021\/07\/IMG_20210712_080741-01-scaled.jpeg","width":2560,"height":1920,"caption":"Umeleck\u00e9 tvor\u00edtka obojstrann\u00e9 dreven\u00e9 - sada"},{"@type":"BreadcrumbList","@id":"https:\/\/hlinar.sk\/produkt\/umelecke-tvoritka-obojstranne-drevene-sada\/#breadcrumb","itemListElement":[{"@type":"ListItem","position":1,"name":"Home","item":"https:\/\/hlinar.sk\/"},{"@type":"ListItem","position":2,"name":"Umeleck\u00e9 tvor\u00edtka obojstrann\u00e9 dreven\u00e9 &#8211; sada"}]},{"@type":"WebSite","@id":"https:\/\/hlinar.sk\/#website","url":"https:\/\/hlinar.sk\/","name":"HLIN\u00c1R Stano Prorok","description":"Stavebniny od pr\u00edrody.","publisher":{"@id":"https:\/\/hlinar.sk\/#organization"},"potentialAction":[{"@type":"SearchAction","target":{"@type":"EntryPoint","urlTemplate":"https:\/\/hlinar.sk\/?s={search_term_string}"},"query-input":{"@type":"PropertyValueSpecification","valueRequired":true,"valueName":"search_term_string"}}],"inLanguage":"en-GB"},{"@type":"Organization","@id":"https:\/\/hlinar.sk\/#organization","name":"HLIN\u00c1R Stano Prorok","url":"https:\/\/hlinar.sk\/","logo":{"@type":"ImageObject","inLanguage":"en-GB","@id":"https:\/\/hlinar.sk\/#\/schema\/logo\/image\/","url":"https:\/\/hlinar.sk\/sk\/wp-content\/uploads\/2020\/11\/logo-na-stranku-s-nazvom-priesvit-biele.png","contentUrl":"https:\/\/hlinar.sk\/sk\/wp-content\/uploads\/2020\/11\/logo-na-stranku-s-nazvom-priesvit-biele.png","width":8048,"height":1432,"caption":"HLIN\u00c1R Stano Prorok"},"image":{"@id":"https:\/\/hlinar.sk\/#\/schema\/logo\/image\/"}}]}},"_links":{"self":[{"href":"https:\/\/hlinar.sk\/en\/wp-json\/wp\/v2\/product\/4795","targetHints":{"allow":["GET"]}}],"collection":[{"href":"https:\/\/hlinar.sk\/en\/wp-json\/wp\/v2\/product"}],"about":[{"href":"https:\/\/hlinar.sk\/en\/wp-json\/wp\/v2\/types\/product"}],"replies":[{"embeddable":true,"href":"https:\/\/hlinar.sk\/en\/wp-json\/wp\/v2\/comments?post=4795"}],"wp:featuredmedia":[{"embeddable":true,"href":"https:\/\/hlinar.sk\/en\/wp-json\/wp\/v2\/media\/4796"}],"wp:attachment":[{"href":"https:\/\/hlinar.sk\/en\/wp-json\/wp\/v2\/media?parent=4795"}],"wp:term":[{"taxonomy":"product_brand","embeddable":true,"href":"https:\/\/hlinar.sk\/en\/wp-json\/wp\/v2\/product_brand?post=4795"},{"taxonomy":"product_cat","embeddable":true,"href":"https:\/\/hlinar.sk\/en\/wp-json\/wp\/v2\/product_cat?post=4795"},{"taxonomy":"product_tag","embeddable":true,"href":"https:\/\/hlinar.sk\/en\/wp-json\/wp\/v2\/product_tag?post=4795"}],"curies":[{"name":"wp","href":"https:\/\/api.w.org\/{rel}","templated":true}]}}