{"id":4398,"date":"2021-02-06T16:54:58","date_gmt":"2021-02-06T15:54:58","guid":{"rendered":"https:\/\/hlinar.sk\/?post_type=product&#038;p=4398"},"modified":"2024-09-19T11:16:02","modified_gmt":"2024-09-19T09:16:02","slug":"oranzovy-il-50g","status":"publish","type":"product","link":"https:\/\/hlinar.sk\/en\/product\/oranzovy-il-50g\/","title":{"rendered":"Clay orange 50g"},"content":{"rendered":"","protected":false},"excerpt":{"rendered":"<p class=\"western\">&#8222;Hlina, tie\u017e naz\u00fdvan\u00e1 miner\u00e1lna zemina, je bohat\u00e1 na stopov\u00e9 a z\u00e1kladn\u00e9 miner\u00e1ly, ktor\u00e9 sa m\u00f4\u017eu l\u00ed\u0161i\u0165 v z\u00e1vislosti od pestovate\u013eskej plochy. M\u00e1 svoj p\u00f4vod v dobe \u013eadovej a dlho sa pou\u017e\u00edva ako produkt v starostlivosti o kr\u00e1su. Zlo\u017ekami hliny na starostlivos\u0165 o poko\u017eku s\u00fa v podstate sel\u00e9n, zinok, \u017eelezo, hor\u010d\u00edk a oxid kremi\u010dit\u00fd. Pr\u00edrodn\u00fd kozmetick\u00fd pr\u00edpravok \u010dist\u00ed a detoxikuje poko\u017eku. Pri v\u00fdrobe mydla sa m\u00f4\u017ee spracova\u0165 ako pr\u00edrodn\u00e9 farbivo a ako pr\u00edsada do starostlivosti.<\/p>\n<h3 class=\"western\">Vyu\u017eitie<\/h3>\n<p class=\"western\">Hlinit\u00e1 oran\u017eov\u00e1 (superjemn\u00e1) m\u00e1 \u010distiaci \u00fa\u010dinok, a je preto ide\u00e1lna pre v\u0161etky typy pleti. Pou\u017e\u00edva sa v kozmetike, ako s\u00fa masky na tv\u00e1r, peelingy, kr\u00e9my a o\u0161etrenie vlasov.<\/p>\n<h3>\u0160pecifik\u00e1cia<\/h3>\n<p>Vzh\u013ead: p\u00fader oran\u017eovej farby<br \/>\nZlo\u017eenie:<br \/>\nSiO2 &#8211; 66,75 %<br \/>\nAl2O3 &#8211; 18,90 %<br \/>\nFe2O3 &#8211; 6,90 %<br \/>\nTiO2 &#8211; 0,90 %<br \/>\nCaO &#8211; 0,35 %<br \/>\nMgO &#8211; 0,35 %<br \/>\nNa2O &#8211; 0,15 %<br \/>\nK2O &#8211; 2,90 %<\/p>\n<h3 class=\"western\">Krajina p\u00f4vodu<\/h3>\n<p class=\"western\">Franc\u00fazsko<\/p>\n<h3>Skladovanie<\/h3>\n<p class=\"western\">Skladujte uzavret\u00e9 na chladnom a suchom mieste.&#8220;<\/p>","protected":false},"featured_media":4437,"comment_status":"open","ping_status":"closed","template":"","meta":{"ngg_post_thumbnail":0},"product_brand":[],"product_cat":[319],"product_tag":[],"class_list":{"0":"post-4398","1":"product","2":"type-product","3":"status-publish","4":"has-post-thumbnail","6":"product_cat-ily-ily","8":"first","9":"instock","10":"taxable","11":"shipping-taxable","12":"purchasable","13":"product-type-simple"},"supplier_id":3937,"supplier_sku":"","barcode":null,"atum_controlled":true,"out_stock_date":null,"out_stock_threshold":null,"inheritable":false,"inbound_stock":0,"stock_on_hold":0,"sold_today":0,"sales_last_days":0,"out_stock_days":0,"lost_sales":0,"has_location":false,"update_date":"2026-04-25T00:38:13","atum_locations":[],"atum_stock_status":"instock","restock_status":false,"low_stock_amount":"","sales_update_date":"2026-04-25T00:38:13","calc_backorders":null,"yoast_head":"<!-- This site is optimized with the Yoast SEO plugin v27.2 - https:\/\/yoast.com\/product\/yoast-seo-wordpress\/ -->\n<title>\u00cdl oran\u017eov\u00fd 50g - HLIN\u00c1R Stano Prorok<\/title>\n<meta name=\"description\" content=\"\u00cdl oran\u017eov\u00fd (superjemn\u00fd) m\u00e1 \u010distiaci \u00fa\u010dinok, a je ide\u00e1lny pre v\u0161etky typy pleti. Pou\u017e\u00edva sa v kozmetike, na masky na tv\u00e1r, peelingy, kr\u00e9my a o\u0161etrenie vlasov.\" \/>\n<meta name=\"robots\" content=\"index, follow, max-snippet:-1, max-image-preview:large, max-video-preview:-1\" \/>\n<link rel=\"canonical\" href=\"https:\/\/hlinar.sk\/en\/product\/oranzovy-il-50g\/\" \/>\n<meta property=\"og:locale\" content=\"en_GB\" \/>\n<meta property=\"og:type\" content=\"article\" \/>\n<meta property=\"og:title\" content=\"\u00cdl oran\u017eov\u00fd 50g - HLIN\u00c1R Stano Prorok\" \/>\n<meta property=\"og:description\" content=\"\u00cdl oran\u017eov\u00fd (superjemn\u00fd) m\u00e1 \u010distiaci \u00fa\u010dinok, a je ide\u00e1lny pre v\u0161etky typy pleti. Pou\u017e\u00edva sa v kozmetike, na masky na tv\u00e1r, peelingy, kr\u00e9my a o\u0161etrenie vlasov.\" \/>\n<meta property=\"og:url\" content=\"https:\/\/hlinar.sk\/en\/product\/oranzovy-il-50g\/\" \/>\n<meta property=\"og:site_name\" content=\"HLIN\u00c1R Stano Prorok\" \/>\n<meta property=\"article:modified_time\" content=\"2024-09-19T09:16:02+00:00\" \/>\n<meta property=\"og:image\" content=\"https:\/\/hlinar.sk\/sk\/wp-content\/uploads\/2021\/02\/Il-oranzovy-supe-jemny-scaled.jpg\" \/>\n\t<meta property=\"og:image:width\" content=\"2560\" \/>\n\t<meta property=\"og:image:height\" content=\"1920\" \/>\n\t<meta property=\"og:image:type\" content=\"image\/jpeg\" \/>\n<meta name=\"twitter:card\" content=\"summary_large_image\" \/>\n<script type=\"application\/ld+json\" class=\"yoast-schema-graph\">{\"@context\":\"https:\/\/schema.org\",\"@graph\":[{\"@type\":\"WebPage\",\"@id\":\"https:\/\/hlinar.sk\/produkt\/oranzovy-il-50g\/\",\"url\":\"https:\/\/hlinar.sk\/produkt\/oranzovy-il-50g\/\",\"name\":\"\u00cdl oran\u017eov\u00fd 50g - HLIN\u00c1R Stano Prorok\",\"isPartOf\":{\"@id\":\"https:\/\/hlinar.sk\/#website\"},\"primaryImageOfPage\":{\"@id\":\"https:\/\/hlinar.sk\/produkt\/oranzovy-il-50g\/#primaryimage\"},\"image\":{\"@id\":\"https:\/\/hlinar.sk\/produkt\/oranzovy-il-50g\/#primaryimage\"},\"thumbnailUrl\":\"https:\/\/hlinar.sk\/sk\/wp-content\/uploads\/2021\/02\/Il-oranzovy-supe-jemny-scaled.jpg\",\"datePublished\":\"2021-02-06T15:54:58+00:00\",\"dateModified\":\"2024-09-19T09:16:02+00:00\",\"description\":\"\u00cdl oran\u017eov\u00fd (superjemn\u00fd) m\u00e1 \u010distiaci \u00fa\u010dinok, a je ide\u00e1lny pre v\u0161etky typy pleti. Pou\u017e\u00edva sa v kozmetike, na masky na tv\u00e1r, peelingy, kr\u00e9my a o\u0161etrenie vlasov.\",\"breadcrumb\":{\"@id\":\"https:\/\/hlinar.sk\/produkt\/oranzovy-il-50g\/#breadcrumb\"},\"inLanguage\":\"en-GB\",\"potentialAction\":[{\"@type\":\"ReadAction\",\"target\":[\"https:\/\/hlinar.sk\/produkt\/oranzovy-il-50g\/\"]}]},{\"@type\":\"ImageObject\",\"inLanguage\":\"en-GB\",\"@id\":\"https:\/\/hlinar.sk\/produkt\/oranzovy-il-50g\/#primaryimage\",\"url\":\"https:\/\/hlinar.sk\/sk\/wp-content\/uploads\/2021\/02\/Il-oranzovy-supe-jemny-scaled.jpg\",\"contentUrl\":\"https:\/\/hlinar.sk\/sk\/wp-content\/uploads\/2021\/02\/Il-oranzovy-supe-jemny-scaled.jpg\",\"width\":2560,\"height\":1920,\"caption\":\"kozmeticky il\"},{\"@type\":\"BreadcrumbList\",\"@id\":\"https:\/\/hlinar.sk\/produkt\/oranzovy-il-50g\/#breadcrumb\",\"itemListElement\":[{\"@type\":\"ListItem\",\"position\":1,\"name\":\"Home\",\"item\":\"https:\/\/hlinar.sk\/\"},{\"@type\":\"ListItem\",\"position\":2,\"name\":\"\u00cdl oran\u017eov\u00fd 50g\"}]},{\"@type\":\"WebSite\",\"@id\":\"https:\/\/hlinar.sk\/#website\",\"url\":\"https:\/\/hlinar.sk\/\",\"name\":\"HLIN\u00c1R Stano Prorok\",\"description\":\"Stavebniny od pr\u00edrody.\",\"publisher\":{\"@id\":\"https:\/\/hlinar.sk\/#organization\"},\"potentialAction\":[{\"@type\":\"SearchAction\",\"target\":{\"@type\":\"EntryPoint\",\"urlTemplate\":\"https:\/\/hlinar.sk\/?s={search_term_string}\"},\"query-input\":{\"@type\":\"PropertyValueSpecification\",\"valueRequired\":true,\"valueName\":\"search_term_string\"}}],\"inLanguage\":\"en-GB\"},{\"@type\":\"Organization\",\"@id\":\"https:\/\/hlinar.sk\/#organization\",\"name\":\"HLIN\u00c1R Stano Prorok\",\"url\":\"https:\/\/hlinar.sk\/\",\"logo\":{\"@type\":\"ImageObject\",\"inLanguage\":\"en-GB\",\"@id\":\"https:\/\/hlinar.sk\/#\/schema\/logo\/image\/\",\"url\":\"https:\/\/hlinar.sk\/sk\/wp-content\/uploads\/2020\/11\/logo-na-stranku-s-nazvom-priesvit-biele.png\",\"contentUrl\":\"https:\/\/hlinar.sk\/sk\/wp-content\/uploads\/2020\/11\/logo-na-stranku-s-nazvom-priesvit-biele.png\",\"width\":8048,\"height\":1432,\"caption\":\"HLIN\u00c1R Stano Prorok\"},\"image\":{\"@id\":\"https:\/\/hlinar.sk\/#\/schema\/logo\/image\/\"}}]}<\/script>\n<!-- \/ Yoast SEO plugin. -->","yoast_head_json":{"title":"\u00cdl oran\u017eov\u00fd 50g - HLIN\u00c1R Stano Prorok","description":"\u00cdl oran\u017eov\u00fd (superjemn\u00fd) m\u00e1 \u010distiaci \u00fa\u010dinok, a je ide\u00e1lny pre v\u0161etky typy pleti. Pou\u017e\u00edva sa v kozmetike, na masky na tv\u00e1r, peelingy, kr\u00e9my a o\u0161etrenie vlasov.","robots":{"index":"index","follow":"follow","max-snippet":"max-snippet:-1","max-image-preview":"max-image-preview:large","max-video-preview":"max-video-preview:-1"},"canonical":"https:\/\/hlinar.sk\/en\/product\/oranzovy-il-50g\/","og_locale":"en_GB","og_type":"article","og_title":"\u00cdl oran\u017eov\u00fd 50g - HLIN\u00c1R Stano Prorok","og_description":"\u00cdl oran\u017eov\u00fd (superjemn\u00fd) m\u00e1 \u010distiaci \u00fa\u010dinok, a je ide\u00e1lny pre v\u0161etky typy pleti. Pou\u017e\u00edva sa v kozmetike, na masky na tv\u00e1r, peelingy, kr\u00e9my a o\u0161etrenie vlasov.","og_url":"https:\/\/hlinar.sk\/en\/product\/oranzovy-il-50g\/","og_site_name":"HLIN\u00c1R Stano Prorok","article_modified_time":"2024-09-19T09:16:02+00:00","og_image":[{"width":2560,"height":1920,"url":"https:\/\/hlinar.sk\/sk\/wp-content\/uploads\/2021\/02\/Il-oranzovy-supe-jemny-scaled.jpg","type":"image\/jpeg"}],"twitter_card":"summary_large_image","schema":{"@context":"https:\/\/schema.org","@graph":[{"@type":"WebPage","@id":"https:\/\/hlinar.sk\/produkt\/oranzovy-il-50g\/","url":"https:\/\/hlinar.sk\/produkt\/oranzovy-il-50g\/","name":"\u00cdl oran\u017eov\u00fd 50g - HLIN\u00c1R Stano Prorok","isPartOf":{"@id":"https:\/\/hlinar.sk\/#website"},"primaryImageOfPage":{"@id":"https:\/\/hlinar.sk\/produkt\/oranzovy-il-50g\/#primaryimage"},"image":{"@id":"https:\/\/hlinar.sk\/produkt\/oranzovy-il-50g\/#primaryimage"},"thumbnailUrl":"https:\/\/hlinar.sk\/sk\/wp-content\/uploads\/2021\/02\/Il-oranzovy-supe-jemny-scaled.jpg","datePublished":"2021-02-06T15:54:58+00:00","dateModified":"2024-09-19T09:16:02+00:00","description":"\u00cdl oran\u017eov\u00fd (superjemn\u00fd) m\u00e1 \u010distiaci \u00fa\u010dinok, a je ide\u00e1lny pre v\u0161etky typy pleti. Pou\u017e\u00edva sa v kozmetike, na masky na tv\u00e1r, peelingy, kr\u00e9my a o\u0161etrenie vlasov.","breadcrumb":{"@id":"https:\/\/hlinar.sk\/produkt\/oranzovy-il-50g\/#breadcrumb"},"inLanguage":"en-GB","potentialAction":[{"@type":"ReadAction","target":["https:\/\/hlinar.sk\/produkt\/oranzovy-il-50g\/"]}]},{"@type":"ImageObject","inLanguage":"en-GB","@id":"https:\/\/hlinar.sk\/produkt\/oranzovy-il-50g\/#primaryimage","url":"https:\/\/hlinar.sk\/sk\/wp-content\/uploads\/2021\/02\/Il-oranzovy-supe-jemny-scaled.jpg","contentUrl":"https:\/\/hlinar.sk\/sk\/wp-content\/uploads\/2021\/02\/Il-oranzovy-supe-jemny-scaled.jpg","width":2560,"height":1920,"caption":"kozmeticky il"},{"@type":"BreadcrumbList","@id":"https:\/\/hlinar.sk\/produkt\/oranzovy-il-50g\/#breadcrumb","itemListElement":[{"@type":"ListItem","position":1,"name":"Home","item":"https:\/\/hlinar.sk\/"},{"@type":"ListItem","position":2,"name":"\u00cdl oran\u017eov\u00fd 50g"}]},{"@type":"WebSite","@id":"https:\/\/hlinar.sk\/#website","url":"https:\/\/hlinar.sk\/","name":"HLIN\u00c1R Stano Prorok","description":"Stavebniny od pr\u00edrody.","publisher":{"@id":"https:\/\/hlinar.sk\/#organization"},"potentialAction":[{"@type":"SearchAction","target":{"@type":"EntryPoint","urlTemplate":"https:\/\/hlinar.sk\/?s={search_term_string}"},"query-input":{"@type":"PropertyValueSpecification","valueRequired":true,"valueName":"search_term_string"}}],"inLanguage":"en-GB"},{"@type":"Organization","@id":"https:\/\/hlinar.sk\/#organization","name":"HLIN\u00c1R Stano Prorok","url":"https:\/\/hlinar.sk\/","logo":{"@type":"ImageObject","inLanguage":"en-GB","@id":"https:\/\/hlinar.sk\/#\/schema\/logo\/image\/","url":"https:\/\/hlinar.sk\/sk\/wp-content\/uploads\/2020\/11\/logo-na-stranku-s-nazvom-priesvit-biele.png","contentUrl":"https:\/\/hlinar.sk\/sk\/wp-content\/uploads\/2020\/11\/logo-na-stranku-s-nazvom-priesvit-biele.png","width":8048,"height":1432,"caption":"HLIN\u00c1R Stano Prorok"},"image":{"@id":"https:\/\/hlinar.sk\/#\/schema\/logo\/image\/"}}]}},"_links":{"self":[{"href":"https:\/\/hlinar.sk\/en\/wp-json\/wp\/v2\/product\/4398","targetHints":{"allow":["GET"]}}],"collection":[{"href":"https:\/\/hlinar.sk\/en\/wp-json\/wp\/v2\/product"}],"about":[{"href":"https:\/\/hlinar.sk\/en\/wp-json\/wp\/v2\/types\/product"}],"replies":[{"embeddable":true,"href":"https:\/\/hlinar.sk\/en\/wp-json\/wp\/v2\/comments?post=4398"}],"wp:featuredmedia":[{"embeddable":true,"href":"https:\/\/hlinar.sk\/en\/wp-json\/wp\/v2\/media\/4437"}],"wp:attachment":[{"href":"https:\/\/hlinar.sk\/en\/wp-json\/wp\/v2\/media?parent=4398"}],"wp:term":[{"taxonomy":"product_brand","embeddable":true,"href":"https:\/\/hlinar.sk\/en\/wp-json\/wp\/v2\/product_brand?post=4398"},{"taxonomy":"product_cat","embeddable":true,"href":"https:\/\/hlinar.sk\/en\/wp-json\/wp\/v2\/product_cat?post=4398"},{"taxonomy":"product_tag","embeddable":true,"href":"https:\/\/hlinar.sk\/en\/wp-json\/wp\/v2\/product_tag?post=4398"}],"curies":[{"name":"wp","href":"https:\/\/api.w.org\/{rel}","templated":true}]}}