{"id":4196,"date":"2020-12-09T14:04:36","date_gmt":"2020-12-09T13:04:36","guid":{"rendered":"https:\/\/hlinar.sk\/?post_type=product&#038;p=4196"},"modified":"2026-02-05T14:51:36","modified_gmt":"2026-02-05T13:51:36","slug":"hlinena-omietka-hruba-1kg","status":"publish","type":"product","link":"https:\/\/hlinar.sk\/en\/product\/hlinena-omietka-hruba-1kg\/","title":{"rendered":"\u00cdly a \u0161trky &#8211; HRUB\u00c1 1kg"},"content":{"rendered":"","protected":false},"excerpt":{"rendered":"<p>Hrub\u00e1 hlinen\u00e1 omietka je zmes \u00edlov a pieskov ur\u010den\u00e1 na omietanie do hr\u00fabky jednej vrstvy 1,5-2cm. Vrstiev m\u00f4\u017ee by\u0165 viac. Spotreba hrubej hlinenej omietky je 17kg\/1m2 pri hr\u00fabke 1cm. Omietka sa m\u00f4\u017ee pou\u017ei\u0165 aj na v\u00e4\u010d\u0161ie hr\u00fabky, ale treba necha\u0165 jednotliv\u00e9 vrstvy dobre vyzrie\u0165, ide\u00e1lne vyschn\u00fa\u0165. Ak je podklad ve\u013emi nerovn\u00fd alebo kde sa o\u010dak\u00e1va nerovnomern\u00e9 schnutie vrstvy hlinenej omietky odpor\u00fa\u010dam prida\u0165 do zmesi <a href=\"https:\/\/hlinar.sk\/en\/product\/slama-sekana-do-hrubych-omietok\/\">slamu, <\/a>pr\u00edpadne in\u00e9 pr\u00edrodn\u00e9 vl\u00e1kno. Slama napom\u00e1ha zni\u017eovaniu pnutia pri vysychan\u00ed hlinenej omietky a rob\u00ed ju pru\u017enej\u0161ou.&nbsp; Mno\u017estvo sekanej slamy pre 25kg balenie hlinenej omietky si m\u00f4\u017eete prik\u00fapi\u0165 tu: <a href=\"https:\/\/hlinar.sk\/en\/product\/slama-sekana-do-hrubych-omietok-2\/\">Straw, cutted for basecoat clay plasters (pack for 25kg of plaster).<\/a><\/p>","protected":false},"featured_media":3721,"comment_status":"open","ping_status":"closed","template":"","meta":{"ngg_post_thumbnail":0},"product_brand":[],"product_cat":[84],"product_tag":[108,112,109,42,110,111],"class_list":{"0":"post-4196","1":"product","2":"type-product","3":"status-publish","4":"has-post-thumbnail","6":"product_cat-hlinene-omietky-hrube","7":"product_tag-hlina","8":"product_tag-hlinena-omietka","9":"product_tag-hlinene-materialy","10":"product_tag-hlinene-omietky","11":"product_tag-prirodne-materialy","12":"product_tag-prirodne-omietky","14":"first","15":"instock","16":"featured","17":"taxable","18":"shipping-taxable","19":"purchasable","20":"product-type-simple"},"supplier_id":3812,"supplier_sku":"","barcode":null,"atum_controlled":true,"out_stock_date":null,"out_stock_threshold":null,"inheritable":false,"inbound_stock":0,"stock_on_hold":0,"sold_today":0,"sales_last_days":0,"out_stock_days":0,"lost_sales":0,"has_location":false,"update_date":"2026-04-25T00:38:10","atum_locations":[],"atum_stock_status":"instock","restock_status":false,"low_stock_amount":"","sales_update_date":"2026-04-25T00:38:10","calc_backorders":null,"yoast_head":"<!-- This site is optimized with the Yoast SEO plugin v27.2 - https:\/\/yoast.com\/product\/yoast-seo-wordpress\/ -->\n<title>PREDAJ - \u00cdly a \u0161trky - HRUB\u00c1 1kg - HLIN\u00c1ROVIe-shop<\/title>\n<meta name=\"description\" content=\"Hrub\u00e1 hlinen\u00e1 omietka je zmes \u00edlov a pieskov ur\u010den\u00e1 na omietanie do hr\u00fabky jednej vrstvy 1,5-2cm. Spotreba omietky je 17kg\/1m2 pri hr\u00fabke 1cm.\" \/>\n<meta name=\"robots\" content=\"index, follow, max-snippet:-1, max-image-preview:large, max-video-preview:-1\" \/>\n<link rel=\"canonical\" href=\"https:\/\/hlinar.sk\/en\/product\/hlinena-omietka-hruba-1kg\/\" \/>\n<meta property=\"og:locale\" content=\"en_GB\" \/>\n<meta property=\"og:type\" content=\"article\" \/>\n<meta property=\"og:title\" content=\"PREDAJ - \u00cdly a \u0161trky - HRUB\u00c1 1kg - HLIN\u00c1ROVIe-shop\" \/>\n<meta property=\"og:description\" content=\"Hrub\u00e1 hlinen\u00e1 omietka je zmes \u00edlov a pieskov ur\u010den\u00e1 na omietanie do hr\u00fabky jednej vrstvy 1,5-2cm. Spotreba omietky je 17kg\/1m2 pri hr\u00fabke 1cm.\" \/>\n<meta property=\"og:url\" content=\"https:\/\/hlinar.sk\/en\/product\/hlinena-omietka-hruba-1kg\/\" \/>\n<meta property=\"og:site_name\" content=\"HLIN\u00c1R Stano Prorok\" \/>\n<meta property=\"article:modified_time\" content=\"2026-02-05T13:51:36+00:00\" \/>\n<meta property=\"og:image\" content=\"https:\/\/hlinar.sk\/sk\/wp-content\/uploads\/2020\/10\/Hruba-omietka-bez-slamy1-scaled.jpeg\" \/>\n\t<meta property=\"og:image:width\" content=\"2560\" \/>\n\t<meta property=\"og:image:height\" content=\"1920\" \/>\n\t<meta property=\"og:image:type\" content=\"image\/jpeg\" \/>\n<meta name=\"twitter:card\" content=\"summary_large_image\" \/>\n<script type=\"application\/ld+json\" class=\"yoast-schema-graph\">{\"@context\":\"https:\/\/schema.org\",\"@graph\":[{\"@type\":\"WebPage\",\"@id\":\"https:\/\/hlinar.sk\/produkt\/hlinena-omietka-hruba-1kg\/\",\"url\":\"https:\/\/hlinar.sk\/produkt\/hlinena-omietka-hruba-1kg\/\",\"name\":\"PREDAJ - \u00cdly a \u0161trky - HRUB\u00c1 1kg - HLIN\u00c1ROVIe-shop\",\"isPartOf\":{\"@id\":\"https:\/\/hlinar.sk\/#website\"},\"primaryImageOfPage\":{\"@id\":\"https:\/\/hlinar.sk\/produkt\/hlinena-omietka-hruba-1kg\/#primaryimage\"},\"image\":{\"@id\":\"https:\/\/hlinar.sk\/produkt\/hlinena-omietka-hruba-1kg\/#primaryimage\"},\"thumbnailUrl\":\"https:\/\/hlinar.sk\/sk\/wp-content\/uploads\/2020\/10\/Hruba-omietka-bez-slamy1-scaled.jpeg\",\"datePublished\":\"2020-12-09T13:04:36+00:00\",\"dateModified\":\"2026-02-05T13:51:36+00:00\",\"description\":\"Hrub\u00e1 hlinen\u00e1 omietka je zmes \u00edlov a pieskov ur\u010den\u00e1 na omietanie do hr\u00fabky jednej vrstvy 1,5-2cm. Spotreba omietky je 17kg\/1m2 pri hr\u00fabke 1cm.\",\"breadcrumb\":{\"@id\":\"https:\/\/hlinar.sk\/produkt\/hlinena-omietka-hruba-1kg\/#breadcrumb\"},\"inLanguage\":\"en-GB\",\"potentialAction\":[{\"@type\":\"ReadAction\",\"target\":[\"https:\/\/hlinar.sk\/produkt\/hlinena-omietka-hruba-1kg\/\"]}]},{\"@type\":\"ImageObject\",\"inLanguage\":\"en-GB\",\"@id\":\"https:\/\/hlinar.sk\/produkt\/hlinena-omietka-hruba-1kg\/#primaryimage\",\"url\":\"https:\/\/hlinar.sk\/sk\/wp-content\/uploads\/2020\/10\/Hruba-omietka-bez-slamy1-scaled.jpeg\",\"contentUrl\":\"https:\/\/hlinar.sk\/sk\/wp-content\/uploads\/2020\/10\/Hruba-omietka-bez-slamy1-scaled.jpeg\",\"width\":2560,\"height\":1920,\"caption\":\"Hlinen\u00e1 omietka hrub\u00e1\"},{\"@type\":\"BreadcrumbList\",\"@id\":\"https:\/\/hlinar.sk\/produkt\/hlinena-omietka-hruba-1kg\/#breadcrumb\",\"itemListElement\":[{\"@type\":\"ListItem\",\"position\":1,\"name\":\"Home\",\"item\":\"https:\/\/hlinar.sk\/\"},{\"@type\":\"ListItem\",\"position\":2,\"name\":\"\u00cdly a \u0161trky &#8211; HRUB\u00c1 1kg\"}]},{\"@type\":\"WebSite\",\"@id\":\"https:\/\/hlinar.sk\/#website\",\"url\":\"https:\/\/hlinar.sk\/\",\"name\":\"HLIN\u00c1R Stano Prorok\",\"description\":\"Stavebniny od pr\u00edrody.\",\"publisher\":{\"@id\":\"https:\/\/hlinar.sk\/#organization\"},\"potentialAction\":[{\"@type\":\"SearchAction\",\"target\":{\"@type\":\"EntryPoint\",\"urlTemplate\":\"https:\/\/hlinar.sk\/?s={search_term_string}\"},\"query-input\":{\"@type\":\"PropertyValueSpecification\",\"valueRequired\":true,\"valueName\":\"search_term_string\"}}],\"inLanguage\":\"en-GB\"},{\"@type\":\"Organization\",\"@id\":\"https:\/\/hlinar.sk\/#organization\",\"name\":\"HLIN\u00c1R Stano Prorok\",\"url\":\"https:\/\/hlinar.sk\/\",\"logo\":{\"@type\":\"ImageObject\",\"inLanguage\":\"en-GB\",\"@id\":\"https:\/\/hlinar.sk\/#\/schema\/logo\/image\/\",\"url\":\"https:\/\/hlinar.sk\/sk\/wp-content\/uploads\/2020\/11\/logo-na-stranku-s-nazvom-priesvit-biele.png\",\"contentUrl\":\"https:\/\/hlinar.sk\/sk\/wp-content\/uploads\/2020\/11\/logo-na-stranku-s-nazvom-priesvit-biele.png\",\"width\":8048,\"height\":1432,\"caption\":\"HLIN\u00c1R Stano Prorok\"},\"image\":{\"@id\":\"https:\/\/hlinar.sk\/#\/schema\/logo\/image\/\"}}]}<\/script>\n<!-- \/ Yoast SEO plugin. -->","yoast_head_json":{"title":"PREDAJ - \u00cdly a \u0161trky - HRUB\u00c1 1kg - HLIN\u00c1ROVIe-shop","description":"Hrub\u00e1 hlinen\u00e1 omietka je zmes \u00edlov a pieskov ur\u010den\u00e1 na omietanie do hr\u00fabky jednej vrstvy 1,5-2cm. Spotreba omietky je 17kg\/1m2 pri hr\u00fabke 1cm.","robots":{"index":"index","follow":"follow","max-snippet":"max-snippet:-1","max-image-preview":"max-image-preview:large","max-video-preview":"max-video-preview:-1"},"canonical":"https:\/\/hlinar.sk\/en\/product\/hlinena-omietka-hruba-1kg\/","og_locale":"en_GB","og_type":"article","og_title":"PREDAJ - \u00cdly a \u0161trky - HRUB\u00c1 1kg - HLIN\u00c1ROVIe-shop","og_description":"Hrub\u00e1 hlinen\u00e1 omietka je zmes \u00edlov a pieskov ur\u010den\u00e1 na omietanie do hr\u00fabky jednej vrstvy 1,5-2cm. Spotreba omietky je 17kg\/1m2 pri hr\u00fabke 1cm.","og_url":"https:\/\/hlinar.sk\/en\/product\/hlinena-omietka-hruba-1kg\/","og_site_name":"HLIN\u00c1R Stano Prorok","article_modified_time":"2026-02-05T13:51:36+00:00","og_image":[{"width":2560,"height":1920,"url":"https:\/\/hlinar.sk\/sk\/wp-content\/uploads\/2020\/10\/Hruba-omietka-bez-slamy1-scaled.jpeg","type":"image\/jpeg"}],"twitter_card":"summary_large_image","schema":{"@context":"https:\/\/schema.org","@graph":[{"@type":"WebPage","@id":"https:\/\/hlinar.sk\/produkt\/hlinena-omietka-hruba-1kg\/","url":"https:\/\/hlinar.sk\/produkt\/hlinena-omietka-hruba-1kg\/","name":"PREDAJ - \u00cdly a \u0161trky - HRUB\u00c1 1kg - HLIN\u00c1ROVIe-shop","isPartOf":{"@id":"https:\/\/hlinar.sk\/#website"},"primaryImageOfPage":{"@id":"https:\/\/hlinar.sk\/produkt\/hlinena-omietka-hruba-1kg\/#primaryimage"},"image":{"@id":"https:\/\/hlinar.sk\/produkt\/hlinena-omietka-hruba-1kg\/#primaryimage"},"thumbnailUrl":"https:\/\/hlinar.sk\/sk\/wp-content\/uploads\/2020\/10\/Hruba-omietka-bez-slamy1-scaled.jpeg","datePublished":"2020-12-09T13:04:36+00:00","dateModified":"2026-02-05T13:51:36+00:00","description":"Hrub\u00e1 hlinen\u00e1 omietka je zmes \u00edlov a pieskov ur\u010den\u00e1 na omietanie do hr\u00fabky jednej vrstvy 1,5-2cm. Spotreba omietky je 17kg\/1m2 pri hr\u00fabke 1cm.","breadcrumb":{"@id":"https:\/\/hlinar.sk\/produkt\/hlinena-omietka-hruba-1kg\/#breadcrumb"},"inLanguage":"en-GB","potentialAction":[{"@type":"ReadAction","target":["https:\/\/hlinar.sk\/produkt\/hlinena-omietka-hruba-1kg\/"]}]},{"@type":"ImageObject","inLanguage":"en-GB","@id":"https:\/\/hlinar.sk\/produkt\/hlinena-omietka-hruba-1kg\/#primaryimage","url":"https:\/\/hlinar.sk\/sk\/wp-content\/uploads\/2020\/10\/Hruba-omietka-bez-slamy1-scaled.jpeg","contentUrl":"https:\/\/hlinar.sk\/sk\/wp-content\/uploads\/2020\/10\/Hruba-omietka-bez-slamy1-scaled.jpeg","width":2560,"height":1920,"caption":"Hlinen\u00e1 omietka hrub\u00e1"},{"@type":"BreadcrumbList","@id":"https:\/\/hlinar.sk\/produkt\/hlinena-omietka-hruba-1kg\/#breadcrumb","itemListElement":[{"@type":"ListItem","position":1,"name":"Home","item":"https:\/\/hlinar.sk\/"},{"@type":"ListItem","position":2,"name":"\u00cdly a \u0161trky &#8211; HRUB\u00c1 1kg"}]},{"@type":"WebSite","@id":"https:\/\/hlinar.sk\/#website","url":"https:\/\/hlinar.sk\/","name":"HLIN\u00c1R Stano Prorok","description":"Stavebniny od pr\u00edrody.","publisher":{"@id":"https:\/\/hlinar.sk\/#organization"},"potentialAction":[{"@type":"SearchAction","target":{"@type":"EntryPoint","urlTemplate":"https:\/\/hlinar.sk\/?s={search_term_string}"},"query-input":{"@type":"PropertyValueSpecification","valueRequired":true,"valueName":"search_term_string"}}],"inLanguage":"en-GB"},{"@type":"Organization","@id":"https:\/\/hlinar.sk\/#organization","name":"HLIN\u00c1R Stano Prorok","url":"https:\/\/hlinar.sk\/","logo":{"@type":"ImageObject","inLanguage":"en-GB","@id":"https:\/\/hlinar.sk\/#\/schema\/logo\/image\/","url":"https:\/\/hlinar.sk\/sk\/wp-content\/uploads\/2020\/11\/logo-na-stranku-s-nazvom-priesvit-biele.png","contentUrl":"https:\/\/hlinar.sk\/sk\/wp-content\/uploads\/2020\/11\/logo-na-stranku-s-nazvom-priesvit-biele.png","width":8048,"height":1432,"caption":"HLIN\u00c1R Stano Prorok"},"image":{"@id":"https:\/\/hlinar.sk\/#\/schema\/logo\/image\/"}}]}},"_links":{"self":[{"href":"https:\/\/hlinar.sk\/en\/wp-json\/wp\/v2\/product\/4196","targetHints":{"allow":["GET"]}}],"collection":[{"href":"https:\/\/hlinar.sk\/en\/wp-json\/wp\/v2\/product"}],"about":[{"href":"https:\/\/hlinar.sk\/en\/wp-json\/wp\/v2\/types\/product"}],"replies":[{"embeddable":true,"href":"https:\/\/hlinar.sk\/en\/wp-json\/wp\/v2\/comments?post=4196"}],"wp:featuredmedia":[{"embeddable":true,"href":"https:\/\/hlinar.sk\/en\/wp-json\/wp\/v2\/media\/3721"}],"wp:attachment":[{"href":"https:\/\/hlinar.sk\/en\/wp-json\/wp\/v2\/media?parent=4196"}],"wp:term":[{"taxonomy":"product_brand","embeddable":true,"href":"https:\/\/hlinar.sk\/en\/wp-json\/wp\/v2\/product_brand?post=4196"},{"taxonomy":"product_cat","embeddable":true,"href":"https:\/\/hlinar.sk\/en\/wp-json\/wp\/v2\/product_cat?post=4196"},{"taxonomy":"product_tag","embeddable":true,"href":"https:\/\/hlinar.sk\/en\/wp-json\/wp\/v2\/product_tag?post=4196"}],"curies":[{"name":"wp","href":"https:\/\/api.w.org\/{rel}","templated":true}]}}