{"id":3752,"date":"2020-10-14T14:13:37","date_gmt":"2020-10-14T12:13:37","guid":{"rendered":"https:\/\/hlinar.sk\/?post_type=product&#038;p=3752"},"modified":"2026-03-30T17:20:24","modified_gmt":"2026-03-30T15:20:24","slug":"nevadza-modra","status":"publish","type":"product","link":"https:\/\/hlinar.sk\/en\/product\/nevadza-modra\/","title":{"rendered":"Nev\u00e4dza modr\u00e1"},"content":{"rendered":"","protected":false},"excerpt":{"rendered":"<p>Su\u0161en\u00e9 l\u00edstky kvetov nev\u00e4dze je mo\u017en\u00e9 pou\u017ei\u0165 ako dekorat\u00edvnu pr\u00edmes pre hlinen\u00e9 omietky.<\/p>","protected":false},"featured_media":3905,"comment_status":"open","ping_status":"closed","template":"","meta":{"ngg_post_thumbnail":0},"product_brand":[],"product_cat":[83,81],"product_tag":[113,179,112,120],"class_list":{"0":"post-3752","1":"product","2":"type-product","3":"status-publish","4":"has-post-thumbnail","6":"product_cat-dekorativne-primesi-do-omietok","7":"product_cat-doplnky-k-hlinenym-omietkam","8":"product_tag-dekorativna-hlinena-omietka","9":"product_tag-dekorativna-primes","10":"product_tag-hlinena-omietka","11":"product_tag-umelecke-potreby","13":"first","14":"instock","15":"taxable","16":"shipping-taxable","17":"purchasable","18":"product-type-simple"},"supplier_id":3812,"supplier_sku":"","barcode":null,"atum_controlled":true,"out_stock_date":null,"out_stock_threshold":null,"inheritable":false,"inbound_stock":0,"stock_on_hold":0,"sold_today":0,"sales_last_days":0,"out_stock_days":0,"lost_sales":0,"has_location":false,"update_date":"2026-04-25T00:38:15","atum_locations":[],"atum_stock_status":"instock","restock_status":false,"low_stock_amount":"","sales_update_date":"2026-04-25T00:38:14","calc_backorders":0,"yoast_head":"<!-- This site is optimized with the Yoast SEO plugin v27.2 - https:\/\/yoast.com\/product\/yoast-seo-wordpress\/ -->\n<title>Nev\u00e4dza modr\u00e1 - HLIN\u00c1R Stano Prorok<\/title>\n<meta name=\"description\" content=\"Su\u0161en\u00e9 l\u00edstky kvetov nev\u00e4dze je mo\u017en\u00e9 pou\u017ei\u0165 ako dekorat\u00edvnu pr\u00edmes pre hlinen\u00e9 omietky.\" \/>\n<meta name=\"robots\" content=\"index, follow, max-snippet:-1, max-image-preview:large, max-video-preview:-1\" \/>\n<link rel=\"canonical\" href=\"https:\/\/hlinar.sk\/en\/product\/nevadza-modra\/\" \/>\n<meta property=\"og:locale\" content=\"en_GB\" \/>\n<meta property=\"og:type\" content=\"article\" \/>\n<meta property=\"og:title\" content=\"Nev\u00e4dza modr\u00e1 - HLIN\u00c1R Stano Prorok\" \/>\n<meta property=\"og:description\" content=\"Su\u0161en\u00e9 l\u00edstky kvetov nev\u00e4dze je mo\u017en\u00e9 pou\u017ei\u0165 ako dekorat\u00edvnu pr\u00edmes pre hlinen\u00e9 omietky.\" \/>\n<meta property=\"og:url\" content=\"https:\/\/hlinar.sk\/en\/product\/nevadza-modra\/\" \/>\n<meta property=\"og:site_name\" content=\"HLIN\u00c1R Stano Prorok\" \/>\n<meta property=\"article:modified_time\" content=\"2026-03-30T15:20:24+00:00\" \/>\n<meta property=\"og:image\" content=\"https:\/\/hlinar.sk\/sk\/wp-content\/uploads\/2020\/10\/nevadza-modra-1024x768.jpg\" \/>\n\t<meta property=\"og:image:width\" content=\"1024\" \/>\n\t<meta property=\"og:image:height\" content=\"768\" \/>\n\t<meta property=\"og:image:type\" content=\"image\/jpeg\" \/>\n<meta name=\"twitter:card\" content=\"summary_large_image\" \/>\n<script type=\"application\/ld+json\" class=\"yoast-schema-graph\">{\"@context\":\"https:\/\/schema.org\",\"@graph\":[{\"@type\":\"WebPage\",\"@id\":\"https:\/\/hlinar.sk\/produkt\/nevadza-modra\/\",\"url\":\"https:\/\/hlinar.sk\/produkt\/nevadza-modra\/\",\"name\":\"Nev\u00e4dza modr\u00e1 - HLIN\u00c1R Stano Prorok\",\"isPartOf\":{\"@id\":\"https:\/\/hlinar.sk\/#website\"},\"primaryImageOfPage\":{\"@id\":\"https:\/\/hlinar.sk\/produkt\/nevadza-modra\/#primaryimage\"},\"image\":{\"@id\":\"https:\/\/hlinar.sk\/produkt\/nevadza-modra\/#primaryimage\"},\"thumbnailUrl\":\"https:\/\/hlinar.sk\/sk\/wp-content\/uploads\/2020\/10\/nevadza-modra.jpg\",\"datePublished\":\"2020-10-14T12:13:37+00:00\",\"dateModified\":\"2026-03-30T15:20:24+00:00\",\"description\":\"Su\u0161en\u00e9 l\u00edstky kvetov nev\u00e4dze je mo\u017en\u00e9 pou\u017ei\u0165 ako dekorat\u00edvnu pr\u00edmes pre hlinen\u00e9 omietky.\",\"breadcrumb\":{\"@id\":\"https:\/\/hlinar.sk\/produkt\/nevadza-modra\/#breadcrumb\"},\"inLanguage\":\"en-GB\",\"potentialAction\":[{\"@type\":\"ReadAction\",\"target\":[\"https:\/\/hlinar.sk\/produkt\/nevadza-modra\/\"]}]},{\"@type\":\"ImageObject\",\"inLanguage\":\"en-GB\",\"@id\":\"https:\/\/hlinar.sk\/produkt\/nevadza-modra\/#primaryimage\",\"url\":\"https:\/\/hlinar.sk\/sk\/wp-content\/uploads\/2020\/10\/nevadza-modra.jpg\",\"contentUrl\":\"https:\/\/hlinar.sk\/sk\/wp-content\/uploads\/2020\/10\/nevadza-modra.jpg\",\"width\":2441,\"height\":1831,\"caption\":\"nev\u00e4dza modr\u00e1\"},{\"@type\":\"BreadcrumbList\",\"@id\":\"https:\/\/hlinar.sk\/produkt\/nevadza-modra\/#breadcrumb\",\"itemListElement\":[{\"@type\":\"ListItem\",\"position\":1,\"name\":\"Home\",\"item\":\"https:\/\/hlinar.sk\/\"},{\"@type\":\"ListItem\",\"position\":2,\"name\":\"Nev\u00e4dza modr\u00e1\"}]},{\"@type\":\"WebSite\",\"@id\":\"https:\/\/hlinar.sk\/#website\",\"url\":\"https:\/\/hlinar.sk\/\",\"name\":\"HLIN\u00c1R Stano Prorok\",\"description\":\"Stavebniny od pr\u00edrody.\",\"publisher\":{\"@id\":\"https:\/\/hlinar.sk\/#organization\"},\"potentialAction\":[{\"@type\":\"SearchAction\",\"target\":{\"@type\":\"EntryPoint\",\"urlTemplate\":\"https:\/\/hlinar.sk\/?s={search_term_string}\"},\"query-input\":{\"@type\":\"PropertyValueSpecification\",\"valueRequired\":true,\"valueName\":\"search_term_string\"}}],\"inLanguage\":\"en-GB\"},{\"@type\":\"Organization\",\"@id\":\"https:\/\/hlinar.sk\/#organization\",\"name\":\"HLIN\u00c1R Stano Prorok\",\"url\":\"https:\/\/hlinar.sk\/\",\"logo\":{\"@type\":\"ImageObject\",\"inLanguage\":\"en-GB\",\"@id\":\"https:\/\/hlinar.sk\/#\/schema\/logo\/image\/\",\"url\":\"https:\/\/hlinar.sk\/sk\/wp-content\/uploads\/2020\/11\/logo-na-stranku-s-nazvom-priesvit-biele.png\",\"contentUrl\":\"https:\/\/hlinar.sk\/sk\/wp-content\/uploads\/2020\/11\/logo-na-stranku-s-nazvom-priesvit-biele.png\",\"width\":8048,\"height\":1432,\"caption\":\"HLIN\u00c1R Stano Prorok\"},\"image\":{\"@id\":\"https:\/\/hlinar.sk\/#\/schema\/logo\/image\/\"}}]}<\/script>\n<!-- \/ Yoast SEO plugin. -->","yoast_head_json":{"title":"Nev\u00e4dza modr\u00e1 - HLIN\u00c1R Stano Prorok","description":"Su\u0161en\u00e9 l\u00edstky kvetov nev\u00e4dze je mo\u017en\u00e9 pou\u017ei\u0165 ako dekorat\u00edvnu pr\u00edmes pre hlinen\u00e9 omietky.","robots":{"index":"index","follow":"follow","max-snippet":"max-snippet:-1","max-image-preview":"max-image-preview:large","max-video-preview":"max-video-preview:-1"},"canonical":"https:\/\/hlinar.sk\/en\/product\/nevadza-modra\/","og_locale":"en_GB","og_type":"article","og_title":"Nev\u00e4dza modr\u00e1 - HLIN\u00c1R Stano Prorok","og_description":"Su\u0161en\u00e9 l\u00edstky kvetov nev\u00e4dze je mo\u017en\u00e9 pou\u017ei\u0165 ako dekorat\u00edvnu pr\u00edmes pre hlinen\u00e9 omietky.","og_url":"https:\/\/hlinar.sk\/en\/product\/nevadza-modra\/","og_site_name":"HLIN\u00c1R Stano Prorok","article_modified_time":"2026-03-30T15:20:24+00:00","og_image":[{"width":1024,"height":768,"url":"https:\/\/hlinar.sk\/sk\/wp-content\/uploads\/2020\/10\/nevadza-modra-1024x768.jpg","type":"image\/jpeg"}],"twitter_card":"summary_large_image","schema":{"@context":"https:\/\/schema.org","@graph":[{"@type":"WebPage","@id":"https:\/\/hlinar.sk\/produkt\/nevadza-modra\/","url":"https:\/\/hlinar.sk\/produkt\/nevadza-modra\/","name":"Nev\u00e4dza modr\u00e1 - HLIN\u00c1R Stano Prorok","isPartOf":{"@id":"https:\/\/hlinar.sk\/#website"},"primaryImageOfPage":{"@id":"https:\/\/hlinar.sk\/produkt\/nevadza-modra\/#primaryimage"},"image":{"@id":"https:\/\/hlinar.sk\/produkt\/nevadza-modra\/#primaryimage"},"thumbnailUrl":"https:\/\/hlinar.sk\/sk\/wp-content\/uploads\/2020\/10\/nevadza-modra.jpg","datePublished":"2020-10-14T12:13:37+00:00","dateModified":"2026-03-30T15:20:24+00:00","description":"Su\u0161en\u00e9 l\u00edstky kvetov nev\u00e4dze je mo\u017en\u00e9 pou\u017ei\u0165 ako dekorat\u00edvnu pr\u00edmes pre hlinen\u00e9 omietky.","breadcrumb":{"@id":"https:\/\/hlinar.sk\/produkt\/nevadza-modra\/#breadcrumb"},"inLanguage":"en-GB","potentialAction":[{"@type":"ReadAction","target":["https:\/\/hlinar.sk\/produkt\/nevadza-modra\/"]}]},{"@type":"ImageObject","inLanguage":"en-GB","@id":"https:\/\/hlinar.sk\/produkt\/nevadza-modra\/#primaryimage","url":"https:\/\/hlinar.sk\/sk\/wp-content\/uploads\/2020\/10\/nevadza-modra.jpg","contentUrl":"https:\/\/hlinar.sk\/sk\/wp-content\/uploads\/2020\/10\/nevadza-modra.jpg","width":2441,"height":1831,"caption":"nev\u00e4dza modr\u00e1"},{"@type":"BreadcrumbList","@id":"https:\/\/hlinar.sk\/produkt\/nevadza-modra\/#breadcrumb","itemListElement":[{"@type":"ListItem","position":1,"name":"Home","item":"https:\/\/hlinar.sk\/"},{"@type":"ListItem","position":2,"name":"Nev\u00e4dza modr\u00e1"}]},{"@type":"WebSite","@id":"https:\/\/hlinar.sk\/#website","url":"https:\/\/hlinar.sk\/","name":"HLIN\u00c1R Stano Prorok","description":"Stavebniny od pr\u00edrody.","publisher":{"@id":"https:\/\/hlinar.sk\/#organization"},"potentialAction":[{"@type":"SearchAction","target":{"@type":"EntryPoint","urlTemplate":"https:\/\/hlinar.sk\/?s={search_term_string}"},"query-input":{"@type":"PropertyValueSpecification","valueRequired":true,"valueName":"search_term_string"}}],"inLanguage":"en-GB"},{"@type":"Organization","@id":"https:\/\/hlinar.sk\/#organization","name":"HLIN\u00c1R Stano Prorok","url":"https:\/\/hlinar.sk\/","logo":{"@type":"ImageObject","inLanguage":"en-GB","@id":"https:\/\/hlinar.sk\/#\/schema\/logo\/image\/","url":"https:\/\/hlinar.sk\/sk\/wp-content\/uploads\/2020\/11\/logo-na-stranku-s-nazvom-priesvit-biele.png","contentUrl":"https:\/\/hlinar.sk\/sk\/wp-content\/uploads\/2020\/11\/logo-na-stranku-s-nazvom-priesvit-biele.png","width":8048,"height":1432,"caption":"HLIN\u00c1R Stano Prorok"},"image":{"@id":"https:\/\/hlinar.sk\/#\/schema\/logo\/image\/"}}]}},"_links":{"self":[{"href":"https:\/\/hlinar.sk\/en\/wp-json\/wp\/v2\/product\/3752","targetHints":{"allow":["GET"]}}],"collection":[{"href":"https:\/\/hlinar.sk\/en\/wp-json\/wp\/v2\/product"}],"about":[{"href":"https:\/\/hlinar.sk\/en\/wp-json\/wp\/v2\/types\/product"}],"replies":[{"embeddable":true,"href":"https:\/\/hlinar.sk\/en\/wp-json\/wp\/v2\/comments?post=3752"}],"wp:featuredmedia":[{"embeddable":true,"href":"https:\/\/hlinar.sk\/en\/wp-json\/wp\/v2\/media\/3905"}],"wp:attachment":[{"href":"https:\/\/hlinar.sk\/en\/wp-json\/wp\/v2\/media?parent=3752"}],"wp:term":[{"taxonomy":"product_brand","embeddable":true,"href":"https:\/\/hlinar.sk\/en\/wp-json\/wp\/v2\/product_brand?post=3752"},{"taxonomy":"product_cat","embeddable":true,"href":"https:\/\/hlinar.sk\/en\/wp-json\/wp\/v2\/product_cat?post=3752"},{"taxonomy":"product_tag","embeddable":true,"href":"https:\/\/hlinar.sk\/en\/wp-json\/wp\/v2\/product_tag?post=3752"}],"curies":[{"name":"wp","href":"https:\/\/api.w.org\/{rel}","templated":true}]}}