{"id":3651,"date":"2020-09-30T11:22:48","date_gmt":"2020-09-30T09:22:48","guid":{"rendered":"https:\/\/hlinar.sk\/?post_type=product&#038;p=3651"},"modified":"2026-04-10T16:55:27","modified_gmt":"2026-04-10T14:55:27","slug":"slama-sekana-do-hrubych-omietok-2","status":"publish","type":"product","link":"https:\/\/hlinar.sk\/en\/product\/slama-sekana-do-hrubych-omietok-2\/","title":{"rendered":"Straw, cutted for basecoat clay plasters (pack for 25kg of plaster)."},"content":{"rendered":"","protected":false},"excerpt":{"rendered":"<p>Slama do hrub\u00fdch omietok (pre 25kg balenie hrubej hlinenej omietky).&nbsp; Slamu do hrub\u00fdch hlinen\u00fdch omietok odpor\u00fa\u010dam ako v\u00fdstu\u017e omietkovej zmesi tam, kde je podklad ve\u013emi nerovn\u00fd alebo kde sa o\u010dak\u00e1va nerovnomern\u00e9 schnutie vrstvy hlinenej omietky. Slama napom\u00e1ha zni\u017eovaniu pnutia pri vysychan\u00ed hlinenej omietky a rob\u00ed ju pru\u017enej\u0161ou.<\/p>","protected":false},"featured_media":3804,"comment_status":"open","ping_status":"closed","template":"","meta":{"ngg_post_thumbnail":0},"product_brand":[],"product_cat":[40],"product_tag":[],"class_list":{"0":"post-3651","1":"product","2":"type-product","3":"status-publish","4":"has-post-thumbnail","6":"product_cat-vystuze-a-plniva-pre-hlinene-omietky","8":"first","9":"onbackorder","10":"taxable","11":"shipping-taxable","12":"purchasable","13":"product-type-simple"},"supplier_id":3812,"supplier_sku":"","barcode":null,"atum_controlled":true,"out_stock_date":null,"out_stock_threshold":null,"inheritable":false,"inbound_stock":0,"stock_on_hold":32,"sold_today":0,"sales_last_days":0,"out_stock_days":0,"lost_sales":0,"has_location":false,"update_date":"2026-04-26T00:39:17","atum_locations":[],"atum_stock_status":"onbackorder","restock_status":false,"low_stock_amount":"","sales_update_date":"2026-04-26T00:39:17","calc_backorders":-96,"yoast_head":"<!-- This site is optimized with the Yoast SEO plugin v27.2 - https:\/\/yoast.com\/product\/yoast-seo-wordpress\/ -->\n<title>Slama do hrub\u00fdch hlinen\u00fdch omietok (pre 25kg balenie omietky). - HLIN\u00c1R Stano Prorok<\/title>\n<meta name=\"description\" content=\"Slamu do hrub\u00fdch hlinen\u00fdch omietok odpor\u00fa\u010dam ako v\u00fdstu\u017e omietkovej zmesi tam, kde je podklad ve\u013emi nerovn\u00fd alebo pri nerovnomernom schnut\u00ed.\" \/>\n<meta name=\"robots\" content=\"index, follow, max-snippet:-1, max-image-preview:large, max-video-preview:-1\" \/>\n<link rel=\"canonical\" href=\"https:\/\/hlinar.sk\/en\/product\/slama-sekana-do-hrubych-omietok-2\/\" \/>\n<meta property=\"og:locale\" content=\"en_GB\" \/>\n<meta property=\"og:type\" content=\"article\" \/>\n<meta property=\"og:title\" content=\"Slama do hrub\u00fdch hlinen\u00fdch omietok (pre 25kg balenie omietky). - HLIN\u00c1R Stano Prorok\" \/>\n<meta property=\"og:description\" content=\"Slamu do hrub\u00fdch hlinen\u00fdch omietok odpor\u00fa\u010dam ako v\u00fdstu\u017e omietkovej zmesi tam, kde je podklad ve\u013emi nerovn\u00fd alebo pri nerovnomernom schnut\u00ed.\" \/>\n<meta property=\"og:url\" content=\"https:\/\/hlinar.sk\/en\/product\/slama-sekana-do-hrubych-omietok-2\/\" \/>\n<meta property=\"og:site_name\" content=\"HLIN\u00c1R Stano Prorok\" \/>\n<meta property=\"article:modified_time\" content=\"2026-04-10T14:55:27+00:00\" \/>\n<meta property=\"og:image\" content=\"https:\/\/hlinar.sk\/sk\/wp-content\/uploads\/2020\/11\/slama-detail-scaled.jpg\" \/>\n\t<meta property=\"og:image:width\" content=\"2560\" \/>\n\t<meta property=\"og:image:height\" content=\"1920\" \/>\n\t<meta property=\"og:image:type\" content=\"image\/jpeg\" \/>\n<meta name=\"twitter:card\" content=\"summary_large_image\" \/>\n<script type=\"application\/ld+json\" class=\"yoast-schema-graph\">{\"@context\":\"https:\/\/schema.org\",\"@graph\":[{\"@type\":\"WebPage\",\"@id\":\"https:\/\/hlinar.sk\/sk\/produkt\/slama-sekana-do-hrubych-omietok-2\/\",\"url\":\"https:\/\/hlinar.sk\/sk\/produkt\/slama-sekana-do-hrubych-omietok-2\/\",\"name\":\"Slama do hrub\u00fdch hlinen\u00fdch omietok (pre 25kg balenie omietky). - HLIN\u00c1R Stano Prorok\",\"isPartOf\":{\"@id\":\"https:\/\/hlinar.sk\/#website\"},\"primaryImageOfPage\":{\"@id\":\"https:\/\/hlinar.sk\/sk\/produkt\/slama-sekana-do-hrubych-omietok-2\/#primaryimage\"},\"image\":{\"@id\":\"https:\/\/hlinar.sk\/sk\/produkt\/slama-sekana-do-hrubych-omietok-2\/#primaryimage\"},\"thumbnailUrl\":\"https:\/\/hlinar.sk\/sk\/wp-content\/uploads\/2020\/11\/slama-detail-scaled.jpg\",\"datePublished\":\"2020-09-30T09:22:48+00:00\",\"dateModified\":\"2026-04-10T14:55:27+00:00\",\"description\":\"Slamu do hrub\u00fdch hlinen\u00fdch omietok odpor\u00fa\u010dam ako v\u00fdstu\u017e omietkovej zmesi tam, kde je podklad ve\u013emi nerovn\u00fd alebo pri nerovnomernom schnut\u00ed.\",\"breadcrumb\":{\"@id\":\"https:\/\/hlinar.sk\/sk\/produkt\/slama-sekana-do-hrubych-omietok-2\/#breadcrumb\"},\"inLanguage\":\"en-GB\",\"potentialAction\":[{\"@type\":\"ReadAction\",\"target\":[\"https:\/\/hlinar.sk\/sk\/produkt\/slama-sekana-do-hrubych-omietok-2\/\"]}]},{\"@type\":\"ImageObject\",\"inLanguage\":\"en-GB\",\"@id\":\"https:\/\/hlinar.sk\/sk\/produkt\/slama-sekana-do-hrubych-omietok-2\/#primaryimage\",\"url\":\"https:\/\/hlinar.sk\/sk\/wp-content\/uploads\/2020\/11\/slama-detail-scaled.jpg\",\"contentUrl\":\"https:\/\/hlinar.sk\/sk\/wp-content\/uploads\/2020\/11\/slama-detail-scaled.jpg\",\"width\":2560,\"height\":1920,\"caption\":\"slama\"},{\"@type\":\"BreadcrumbList\",\"@id\":\"https:\/\/hlinar.sk\/sk\/produkt\/slama-sekana-do-hrubych-omietok-2\/#breadcrumb\",\"itemListElement\":[{\"@type\":\"ListItem\",\"position\":1,\"name\":\"Home\",\"item\":\"https:\/\/hlinar.sk\/\"},{\"@type\":\"ListItem\",\"position\":2,\"name\":\"Slama do hrub\u00fdch hlinen\u00fdch omietok (pre 25kg balenie omietky).\"}]},{\"@type\":\"WebSite\",\"@id\":\"https:\/\/hlinar.sk\/#website\",\"url\":\"https:\/\/hlinar.sk\/\",\"name\":\"HLIN\u00c1R Stano Prorok\",\"description\":\"Stavebniny od pr\u00edrody.\",\"publisher\":{\"@id\":\"https:\/\/hlinar.sk\/#organization\"},\"potentialAction\":[{\"@type\":\"SearchAction\",\"target\":{\"@type\":\"EntryPoint\",\"urlTemplate\":\"https:\/\/hlinar.sk\/?s={search_term_string}\"},\"query-input\":{\"@type\":\"PropertyValueSpecification\",\"valueRequired\":true,\"valueName\":\"search_term_string\"}}],\"inLanguage\":\"en-GB\"},{\"@type\":\"Organization\",\"@id\":\"https:\/\/hlinar.sk\/#organization\",\"name\":\"HLIN\u00c1R Stano Prorok\",\"url\":\"https:\/\/hlinar.sk\/\",\"logo\":{\"@type\":\"ImageObject\",\"inLanguage\":\"en-GB\",\"@id\":\"https:\/\/hlinar.sk\/#\/schema\/logo\/image\/\",\"url\":\"https:\/\/hlinar.sk\/sk\/wp-content\/uploads\/2020\/11\/logo-na-stranku-s-nazvom-priesvit-biele.png\",\"contentUrl\":\"https:\/\/hlinar.sk\/sk\/wp-content\/uploads\/2020\/11\/logo-na-stranku-s-nazvom-priesvit-biele.png\",\"width\":8048,\"height\":1432,\"caption\":\"HLIN\u00c1R Stano Prorok\"},\"image\":{\"@id\":\"https:\/\/hlinar.sk\/#\/schema\/logo\/image\/\"}}]}<\/script>\n<!-- \/ Yoast SEO plugin. -->","yoast_head_json":{"title":"Slama do hrub\u00fdch hlinen\u00fdch omietok (pre 25kg balenie omietky). - HLIN\u00c1R Stano Prorok","description":"Slamu do hrub\u00fdch hlinen\u00fdch omietok odpor\u00fa\u010dam ako v\u00fdstu\u017e omietkovej zmesi tam, kde je podklad ve\u013emi nerovn\u00fd alebo pri nerovnomernom schnut\u00ed.","robots":{"index":"index","follow":"follow","max-snippet":"max-snippet:-1","max-image-preview":"max-image-preview:large","max-video-preview":"max-video-preview:-1"},"canonical":"https:\/\/hlinar.sk\/en\/product\/slama-sekana-do-hrubych-omietok-2\/","og_locale":"en_GB","og_type":"article","og_title":"Slama do hrub\u00fdch hlinen\u00fdch omietok (pre 25kg balenie omietky). - HLIN\u00c1R Stano Prorok","og_description":"Slamu do hrub\u00fdch hlinen\u00fdch omietok odpor\u00fa\u010dam ako v\u00fdstu\u017e omietkovej zmesi tam, kde je podklad ve\u013emi nerovn\u00fd alebo pri nerovnomernom schnut\u00ed.","og_url":"https:\/\/hlinar.sk\/en\/product\/slama-sekana-do-hrubych-omietok-2\/","og_site_name":"HLIN\u00c1R Stano Prorok","article_modified_time":"2026-04-10T14:55:27+00:00","og_image":[{"width":2560,"height":1920,"url":"https:\/\/hlinar.sk\/sk\/wp-content\/uploads\/2020\/11\/slama-detail-scaled.jpg","type":"image\/jpeg"}],"twitter_card":"summary_large_image","schema":{"@context":"https:\/\/schema.org","@graph":[{"@type":"WebPage","@id":"https:\/\/hlinar.sk\/sk\/produkt\/slama-sekana-do-hrubych-omietok-2\/","url":"https:\/\/hlinar.sk\/sk\/produkt\/slama-sekana-do-hrubych-omietok-2\/","name":"Slama do hrub\u00fdch hlinen\u00fdch omietok (pre 25kg balenie omietky). - HLIN\u00c1R Stano Prorok","isPartOf":{"@id":"https:\/\/hlinar.sk\/#website"},"primaryImageOfPage":{"@id":"https:\/\/hlinar.sk\/sk\/produkt\/slama-sekana-do-hrubych-omietok-2\/#primaryimage"},"image":{"@id":"https:\/\/hlinar.sk\/sk\/produkt\/slama-sekana-do-hrubych-omietok-2\/#primaryimage"},"thumbnailUrl":"https:\/\/hlinar.sk\/sk\/wp-content\/uploads\/2020\/11\/slama-detail-scaled.jpg","datePublished":"2020-09-30T09:22:48+00:00","dateModified":"2026-04-10T14:55:27+00:00","description":"Slamu do hrub\u00fdch hlinen\u00fdch omietok odpor\u00fa\u010dam ako v\u00fdstu\u017e omietkovej zmesi tam, kde je podklad ve\u013emi nerovn\u00fd alebo pri nerovnomernom schnut\u00ed.","breadcrumb":{"@id":"https:\/\/hlinar.sk\/sk\/produkt\/slama-sekana-do-hrubych-omietok-2\/#breadcrumb"},"inLanguage":"en-GB","potentialAction":[{"@type":"ReadAction","target":["https:\/\/hlinar.sk\/sk\/produkt\/slama-sekana-do-hrubych-omietok-2\/"]}]},{"@type":"ImageObject","inLanguage":"en-GB","@id":"https:\/\/hlinar.sk\/sk\/produkt\/slama-sekana-do-hrubych-omietok-2\/#primaryimage","url":"https:\/\/hlinar.sk\/sk\/wp-content\/uploads\/2020\/11\/slama-detail-scaled.jpg","contentUrl":"https:\/\/hlinar.sk\/sk\/wp-content\/uploads\/2020\/11\/slama-detail-scaled.jpg","width":2560,"height":1920,"caption":"slama"},{"@type":"BreadcrumbList","@id":"https:\/\/hlinar.sk\/sk\/produkt\/slama-sekana-do-hrubych-omietok-2\/#breadcrumb","itemListElement":[{"@type":"ListItem","position":1,"name":"Home","item":"https:\/\/hlinar.sk\/"},{"@type":"ListItem","position":2,"name":"Slama do hrub\u00fdch hlinen\u00fdch omietok (pre 25kg balenie omietky)."}]},{"@type":"WebSite","@id":"https:\/\/hlinar.sk\/#website","url":"https:\/\/hlinar.sk\/","name":"HLIN\u00c1R Stano Prorok","description":"Stavebniny od pr\u00edrody.","publisher":{"@id":"https:\/\/hlinar.sk\/#organization"},"potentialAction":[{"@type":"SearchAction","target":{"@type":"EntryPoint","urlTemplate":"https:\/\/hlinar.sk\/?s={search_term_string}"},"query-input":{"@type":"PropertyValueSpecification","valueRequired":true,"valueName":"search_term_string"}}],"inLanguage":"en-GB"},{"@type":"Organization","@id":"https:\/\/hlinar.sk\/#organization","name":"HLIN\u00c1R Stano Prorok","url":"https:\/\/hlinar.sk\/","logo":{"@type":"ImageObject","inLanguage":"en-GB","@id":"https:\/\/hlinar.sk\/#\/schema\/logo\/image\/","url":"https:\/\/hlinar.sk\/sk\/wp-content\/uploads\/2020\/11\/logo-na-stranku-s-nazvom-priesvit-biele.png","contentUrl":"https:\/\/hlinar.sk\/sk\/wp-content\/uploads\/2020\/11\/logo-na-stranku-s-nazvom-priesvit-biele.png","width":8048,"height":1432,"caption":"HLIN\u00c1R Stano Prorok"},"image":{"@id":"https:\/\/hlinar.sk\/#\/schema\/logo\/image\/"}}]}},"_links":{"self":[{"href":"https:\/\/hlinar.sk\/en\/wp-json\/wp\/v2\/product\/3651","targetHints":{"allow":["GET"]}}],"collection":[{"href":"https:\/\/hlinar.sk\/en\/wp-json\/wp\/v2\/product"}],"about":[{"href":"https:\/\/hlinar.sk\/en\/wp-json\/wp\/v2\/types\/product"}],"replies":[{"embeddable":true,"href":"https:\/\/hlinar.sk\/en\/wp-json\/wp\/v2\/comments?post=3651"}],"wp:featuredmedia":[{"embeddable":true,"href":"https:\/\/hlinar.sk\/en\/wp-json\/wp\/v2\/media\/3804"}],"wp:attachment":[{"href":"https:\/\/hlinar.sk\/en\/wp-json\/wp\/v2\/media?parent=3651"}],"wp:term":[{"taxonomy":"product_brand","embeddable":true,"href":"https:\/\/hlinar.sk\/en\/wp-json\/wp\/v2\/product_brand?post=3651"},{"taxonomy":"product_cat","embeddable":true,"href":"https:\/\/hlinar.sk\/en\/wp-json\/wp\/v2\/product_cat?post=3651"},{"taxonomy":"product_tag","embeddable":true,"href":"https:\/\/hlinar.sk\/en\/wp-json\/wp\/v2\/product_tag?post=3651"}],"curies":[{"name":"wp","href":"https:\/\/api.w.org\/{rel}","templated":true}]}}