{"id":867,"date":"2019-01-01T17:56:44","date_gmt":"2019-01-01T16:56:44","guid":{"rendered":"http:\/\/localhost\/hlinar\/?page_id=867"},"modified":"2020-05-05T22:46:22","modified_gmt":"2020-05-05T20:46:22","slug":"vodeodolne-povrchy","status":"publish","type":"page","link":"https:\/\/hlinar.sk\/en\/vodeodolne-povrchy\/","title":{"rendered":"Vodoodoln\u00e9 povrchy"},"content":{"rendered":"<h4 style=\"text-align: center;\"><span style=\"color: #87441c; font-family: papiruss;\"><strong><span style=\"font-size: 28px;\"><span style=\"color: #87441c;\">V\u00e1penn\u00e9 povrchy<br \/>\n<\/span><\/span><\/strong><\/span><\/h4>\n<p>V\u0161ade tam, kde treba dosiahnu\u0165 povrch, ktor\u00fd bude nam\u00e1han\u00fd vodou priamo alebo po\u010das \u00fadr\u017eby treba pou\u017ei\u0165 materi\u00e1ly, ktor\u00e9 vodou nedegraduj\u00fa.<\/p>\n<p>Z pr\u00edrodn\u00fdch materi\u00e1lov m\u00e1me na v\u00fdber dve najbe\u017enej\u0161ie mo\u017enosti:<\/p>\n<p>&nbsp;<\/p>\n<h4 style=\"text-align: center;\"><span style=\"color: #87441c;\"><a style=\"color: #87441c;\" href=\"http:\/\/hlinar.sk\/en\/marocky-stuk-tadelakt\/\"><span style=\"font-size: 28px;\"><strong><span style=\"font-family: Papyrus ok;\"><span style=\"font-family: papiruss;\">Maro<span style=\"color: #87441c;\">c<\/span>k\u00fd \u0161tuk &#8211; tadelakt<\/span><\/span><\/strong><\/span><\/a><\/span><\/h4>\n<p style=\"text-align: center;\">(vhodn\u00fd do sprchov\u00fdch k\u00fatov, na stenu za va\u0148u \u010di um\u00fdvadlo, za z\u00e1chod, do kuchyne \u010di ako dekora\u010dn\u00fd povrch).<\/p>\n<p style=\"text-align: center;\">Viac sa dozviete tu:<a href=\"http:\/\/hlinar.sk\/en\/marocky-stuk-tadelakt\/\"><img loading=\"lazy\" decoding=\"async\" class=\"aligncenter wp-image-1309 size-full\" src=\"http:\/\/hlinar.sk\/sk\/wp-content\/uploads\/2019\/02\/dad13f7d55b848c6520ebc8dc316b4e7.jpg\" alt=\"\" width=\"600\" height=\"150\" srcset=\"https:\/\/hlinar.sk\/sk\/wp-content\/uploads\/2019\/02\/dad13f7d55b848c6520ebc8dc316b4e7.jpg 600w, https:\/\/hlinar.sk\/sk\/wp-content\/uploads\/2019\/02\/dad13f7d55b848c6520ebc8dc316b4e7-324x81.jpg 324w, https:\/\/hlinar.sk\/sk\/wp-content\/uploads\/2019\/02\/dad13f7d55b848c6520ebc8dc316b4e7-416x104.jpg 416w, https:\/\/hlinar.sk\/sk\/wp-content\/uploads\/2019\/02\/dad13f7d55b848c6520ebc8dc316b4e7-300x75.jpg 300w\" sizes=\"auto, (max-width: 600px) 100vw, 600px\" \/><\/a><\/p>\n<p>&nbsp;<\/p>\n<h4 style=\"text-align: center;\"><a href=\"http:\/\/hlinar.sk\/en\/japonsky-stuk-otsu\/\"><strong><span style=\"font-family: Papyrus ok; font-size: 28px;\"><span style=\"color: #87441c;\"><span style=\"font-family: papiruss;\">Japonsk\u00fd \u0161tuk &#8211; o-tsu<\/span><\/span><\/span><\/strong><\/a><\/h4>\n<p style=\"text-align: center;\">(vhodn\u00fd za um\u00fdvadlo, za kuchynsk\u00fa linku, za z\u00e1chod \u010di ako dekorat\u00edvny um\u00fdvate\u013en\u00fd povrch).<\/p>\n<p style=\"text-align: center;\">Viac sa dozviete tu: <a href=\"http:\/\/hlinar.sk\/en\/japonsky-stuk-otsu\/\"><img loading=\"lazy\" decoding=\"async\" class=\"aligncenter wp-image-1818\" src=\"http:\/\/hlinar.sk\/sk\/wp-content\/uploads\/2019\/02\/Odkaz4-otsub-1-1024x256.jpg\" alt=\"\" width=\"600\" height=\"150\" srcset=\"https:\/\/hlinar.sk\/sk\/wp-content\/uploads\/2019\/02\/Odkaz4-otsub-1-1024x256.jpg 1024w, https:\/\/hlinar.sk\/sk\/wp-content\/uploads\/2019\/02\/Odkaz4-otsub-1-scaled-324x81.jpg 324w, https:\/\/hlinar.sk\/sk\/wp-content\/uploads\/2019\/02\/Odkaz4-otsub-1-416x104.jpg 416w, https:\/\/hlinar.sk\/sk\/wp-content\/uploads\/2019\/02\/Odkaz4-otsub-1-300x75.jpg 300w, https:\/\/hlinar.sk\/sk\/wp-content\/uploads\/2019\/02\/Odkaz4-otsub-1-768x192.jpg 768w\" sizes=\"auto, (max-width: 600px) 100vw, 600px\" \/><\/a><\/p>\n<p>&nbsp;<\/p>\n<p>&nbsp;<\/p>","protected":false},"excerpt":{"rendered":"<p>V\u00e1penn\u00e9 povrchy V\u0161ade tam, kde treba dosiahnu\u0165 povrch, ktor\u00fd bude nam\u00e1han\u00fd vodou priamo alebo po\u010das \u00fadr\u017eby treba pou\u017ei\u0165 materi\u00e1ly, ktor\u00e9 vodou nedegraduj\u00fa. Z pr\u00edrodn\u00fdch materi\u00e1lov m\u00e1me na v\u00fdber dve najbe\u017enej\u0161ie mo\u017enosti: &nbsp; Marock\u00fd \u0161tuk &#8211; tadelakt (vhodn\u00fd do sprchov\u00fdch k\u00fatov, na stenu za va\u0148u \u010di um\u00fdvadlo, za z\u00e1chod, do kuchyne \u010di ako dekora\u010dn\u00fd povrch). Viac [&hellip;]<\/p>\n","protected":false},"author":2,"featured_media":0,"parent":0,"menu_order":0,"comment_status":"closed","ping_status":"closed","template":"","meta":{"ngg_post_thumbnail":0,"footnotes":""},"class_list":["post-867","page","type-page","status-publish","hentry"],"yoast_head":"<!-- This site is optimized with the Yoast SEO plugin v27.2 - https:\/\/yoast.com\/product\/yoast-seo-wordpress\/ -->\n<title>Vodoodoln\u00e9 povrchy - HLIN\u00c1R Stano Prorok<\/title>\n<meta name=\"description\" content=\"V\u0161ade tam, kde treba dosiahnu\u0165 povrch, ktor\u00fd bude nam\u00e1han\u00fd vodou priamo alebo po\u010das \u00fadr\u017eby treba pou\u017ei\u0165 materi\u00e1ly, ktor\u00e9 vodou nedegraduj\u00fa.\" \/>\n<meta name=\"robots\" content=\"index, follow, max-snippet:-1, max-image-preview:large, max-video-preview:-1\" \/>\n<link rel=\"canonical\" href=\"https:\/\/hlinar.sk\/en\/vodeodolne-povrchy\/\" \/>\n<meta property=\"og:locale\" content=\"en_GB\" \/>\n<meta property=\"og:type\" content=\"article\" \/>\n<meta property=\"og:title\" content=\"Vodoodoln\u00e9 povrchy - HLIN\u00c1R Stano Prorok\" \/>\n<meta property=\"og:description\" content=\"V\u0161ade tam, kde treba dosiahnu\u0165 povrch, ktor\u00fd bude nam\u00e1han\u00fd vodou priamo alebo po\u010das \u00fadr\u017eby treba pou\u017ei\u0165 materi\u00e1ly, ktor\u00e9 vodou nedegraduj\u00fa.\" \/>\n<meta property=\"og:url\" content=\"https:\/\/hlinar.sk\/en\/vodeodolne-povrchy\/\" \/>\n<meta property=\"og:site_name\" content=\"HLIN\u00c1R Stano Prorok\" \/>\n<meta property=\"article:modified_time\" content=\"2020-05-05T20:46:22+00:00\" \/>\n<meta property=\"og:image\" content=\"http:\/\/hlinar.sk\/sk\/wp-content\/uploads\/2019\/02\/dad13f7d55b848c6520ebc8dc316b4e7.jpg\" \/>\n<meta name=\"twitter:card\" content=\"summary_large_image\" \/>\n<meta name=\"twitter:label1\" content=\"Estimated reading time\" \/>\n\t<meta name=\"twitter:data1\" content=\"1 minute\" \/>\n<script type=\"application\/ld+json\" class=\"yoast-schema-graph\">{\"@context\":\"https:\/\/schema.org\",\"@graph\":[{\"@type\":\"WebPage\",\"@id\":\"https:\/\/hlinar.sk\/vodeodolne-povrchy\/\",\"url\":\"https:\/\/hlinar.sk\/vodeodolne-povrchy\/\",\"name\":\"Vodoodoln\u00e9 povrchy - HLIN\u00c1R Stano Prorok\",\"isPartOf\":{\"@id\":\"https:\/\/hlinar.sk\/#website\"},\"primaryImageOfPage\":{\"@id\":\"https:\/\/hlinar.sk\/vodeodolne-povrchy\/#primaryimage\"},\"image\":{\"@id\":\"https:\/\/hlinar.sk\/vodeodolne-povrchy\/#primaryimage\"},\"thumbnailUrl\":\"http:\/\/hlinar.sk\/sk\/wp-content\/uploads\/2019\/02\/dad13f7d55b848c6520ebc8dc316b4e7.jpg\",\"datePublished\":\"2019-01-01T16:56:44+00:00\",\"dateModified\":\"2020-05-05T20:46:22+00:00\",\"description\":\"V\u0161ade tam, kde treba dosiahnu\u0165 povrch, ktor\u00fd bude nam\u00e1han\u00fd vodou priamo alebo po\u010das \u00fadr\u017eby treba pou\u017ei\u0165 materi\u00e1ly, ktor\u00e9 vodou nedegraduj\u00fa.\",\"breadcrumb\":{\"@id\":\"https:\/\/hlinar.sk\/vodeodolne-povrchy\/#breadcrumb\"},\"inLanguage\":\"en-GB\",\"potentialAction\":[{\"@type\":\"ReadAction\",\"target\":[\"https:\/\/hlinar.sk\/vodeodolne-povrchy\/\"]}]},{\"@type\":\"ImageObject\",\"inLanguage\":\"en-GB\",\"@id\":\"https:\/\/hlinar.sk\/vodeodolne-povrchy\/#primaryimage\",\"url\":\"http:\/\/hlinar.sk\/sk\/wp-content\/uploads\/2019\/02\/dad13f7d55b848c6520ebc8dc316b4e7.jpg\",\"contentUrl\":\"http:\/\/hlinar.sk\/sk\/wp-content\/uploads\/2019\/02\/dad13f7d55b848c6520ebc8dc316b4e7.jpg\"},{\"@type\":\"BreadcrumbList\",\"@id\":\"https:\/\/hlinar.sk\/vodeodolne-povrchy\/#breadcrumb\",\"itemListElement\":[{\"@type\":\"ListItem\",\"position\":1,\"name\":\"Home\",\"item\":\"https:\/\/hlinar.sk\/\"},{\"@type\":\"ListItem\",\"position\":2,\"name\":\"Vodoodoln\u00e9 povrchy\"}]},{\"@type\":\"WebSite\",\"@id\":\"https:\/\/hlinar.sk\/#website\",\"url\":\"https:\/\/hlinar.sk\/\",\"name\":\"HLIN\u00c1R Stano Prorok\",\"description\":\"Stavebniny od pr\u00edrody.\",\"publisher\":{\"@id\":\"https:\/\/hlinar.sk\/#organization\"},\"potentialAction\":[{\"@type\":\"SearchAction\",\"target\":{\"@type\":\"EntryPoint\",\"urlTemplate\":\"https:\/\/hlinar.sk\/?s={search_term_string}\"},\"query-input\":{\"@type\":\"PropertyValueSpecification\",\"valueRequired\":true,\"valueName\":\"search_term_string\"}}],\"inLanguage\":\"en-GB\"},{\"@type\":\"Organization\",\"@id\":\"https:\/\/hlinar.sk\/#organization\",\"name\":\"HLIN\u00c1R Stano Prorok\",\"url\":\"https:\/\/hlinar.sk\/\",\"logo\":{\"@type\":\"ImageObject\",\"inLanguage\":\"en-GB\",\"@id\":\"https:\/\/hlinar.sk\/#\/schema\/logo\/image\/\",\"url\":\"https:\/\/hlinar.sk\/sk\/wp-content\/uploads\/2020\/11\/logo-na-stranku-s-nazvom-priesvit-biele.png\",\"contentUrl\":\"https:\/\/hlinar.sk\/sk\/wp-content\/uploads\/2020\/11\/logo-na-stranku-s-nazvom-priesvit-biele.png\",\"width\":8048,\"height\":1432,\"caption\":\"HLIN\u00c1R Stano Prorok\"},\"image\":{\"@id\":\"https:\/\/hlinar.sk\/#\/schema\/logo\/image\/\"}}]}<\/script>\n<!-- \/ Yoast SEO plugin. -->","yoast_head_json":{"title":"Vodoodoln\u00e9 povrchy - HLIN\u00c1R Stano Prorok","description":"V\u0161ade tam, kde treba dosiahnu\u0165 povrch, ktor\u00fd bude nam\u00e1han\u00fd vodou priamo alebo po\u010das \u00fadr\u017eby treba pou\u017ei\u0165 materi\u00e1ly, ktor\u00e9 vodou nedegraduj\u00fa.","robots":{"index":"index","follow":"follow","max-snippet":"max-snippet:-1","max-image-preview":"max-image-preview:large","max-video-preview":"max-video-preview:-1"},"canonical":"https:\/\/hlinar.sk\/en\/vodeodolne-povrchy\/","og_locale":"en_GB","og_type":"article","og_title":"Vodoodoln\u00e9 povrchy - HLIN\u00c1R Stano Prorok","og_description":"V\u0161ade tam, kde treba dosiahnu\u0165 povrch, ktor\u00fd bude nam\u00e1han\u00fd vodou priamo alebo po\u010das \u00fadr\u017eby treba pou\u017ei\u0165 materi\u00e1ly, ktor\u00e9 vodou nedegraduj\u00fa.","og_url":"https:\/\/hlinar.sk\/en\/vodeodolne-povrchy\/","og_site_name":"HLIN\u00c1R Stano Prorok","article_modified_time":"2020-05-05T20:46:22+00:00","og_image":[{"url":"http:\/\/hlinar.sk\/sk\/wp-content\/uploads\/2019\/02\/dad13f7d55b848c6520ebc8dc316b4e7.jpg","type":"","width":"","height":""}],"twitter_card":"summary_large_image","twitter_misc":{"Estimated reading time":"1 minute"},"schema":{"@context":"https:\/\/schema.org","@graph":[{"@type":"WebPage","@id":"https:\/\/hlinar.sk\/vodeodolne-povrchy\/","url":"https:\/\/hlinar.sk\/vodeodolne-povrchy\/","name":"Vodoodoln\u00e9 povrchy - HLIN\u00c1R Stano Prorok","isPartOf":{"@id":"https:\/\/hlinar.sk\/#website"},"primaryImageOfPage":{"@id":"https:\/\/hlinar.sk\/vodeodolne-povrchy\/#primaryimage"},"image":{"@id":"https:\/\/hlinar.sk\/vodeodolne-povrchy\/#primaryimage"},"thumbnailUrl":"http:\/\/hlinar.sk\/sk\/wp-content\/uploads\/2019\/02\/dad13f7d55b848c6520ebc8dc316b4e7.jpg","datePublished":"2019-01-01T16:56:44+00:00","dateModified":"2020-05-05T20:46:22+00:00","description":"V\u0161ade tam, kde treba dosiahnu\u0165 povrch, ktor\u00fd bude nam\u00e1han\u00fd vodou priamo alebo po\u010das \u00fadr\u017eby treba pou\u017ei\u0165 materi\u00e1ly, ktor\u00e9 vodou nedegraduj\u00fa.","breadcrumb":{"@id":"https:\/\/hlinar.sk\/vodeodolne-povrchy\/#breadcrumb"},"inLanguage":"en-GB","potentialAction":[{"@type":"ReadAction","target":["https:\/\/hlinar.sk\/vodeodolne-povrchy\/"]}]},{"@type":"ImageObject","inLanguage":"en-GB","@id":"https:\/\/hlinar.sk\/vodeodolne-povrchy\/#primaryimage","url":"http:\/\/hlinar.sk\/sk\/wp-content\/uploads\/2019\/02\/dad13f7d55b848c6520ebc8dc316b4e7.jpg","contentUrl":"http:\/\/hlinar.sk\/sk\/wp-content\/uploads\/2019\/02\/dad13f7d55b848c6520ebc8dc316b4e7.jpg"},{"@type":"BreadcrumbList","@id":"https:\/\/hlinar.sk\/vodeodolne-povrchy\/#breadcrumb","itemListElement":[{"@type":"ListItem","position":1,"name":"Home","item":"https:\/\/hlinar.sk\/"},{"@type":"ListItem","position":2,"name":"Vodoodoln\u00e9 povrchy"}]},{"@type":"WebSite","@id":"https:\/\/hlinar.sk\/#website","url":"https:\/\/hlinar.sk\/","name":"HLIN\u00c1R Stano Prorok","description":"Stavebniny od pr\u00edrody.","publisher":{"@id":"https:\/\/hlinar.sk\/#organization"},"potentialAction":[{"@type":"SearchAction","target":{"@type":"EntryPoint","urlTemplate":"https:\/\/hlinar.sk\/?s={search_term_string}"},"query-input":{"@type":"PropertyValueSpecification","valueRequired":true,"valueName":"search_term_string"}}],"inLanguage":"en-GB"},{"@type":"Organization","@id":"https:\/\/hlinar.sk\/#organization","name":"HLIN\u00c1R Stano Prorok","url":"https:\/\/hlinar.sk\/","logo":{"@type":"ImageObject","inLanguage":"en-GB","@id":"https:\/\/hlinar.sk\/#\/schema\/logo\/image\/","url":"https:\/\/hlinar.sk\/sk\/wp-content\/uploads\/2020\/11\/logo-na-stranku-s-nazvom-priesvit-biele.png","contentUrl":"https:\/\/hlinar.sk\/sk\/wp-content\/uploads\/2020\/11\/logo-na-stranku-s-nazvom-priesvit-biele.png","width":8048,"height":1432,"caption":"HLIN\u00c1R Stano Prorok"},"image":{"@id":"https:\/\/hlinar.sk\/#\/schema\/logo\/image\/"}}]}},"_links":{"self":[{"href":"https:\/\/hlinar.sk\/en\/wp-json\/wp\/v2\/pages\/867","targetHints":{"allow":["GET"]}}],"collection":[{"href":"https:\/\/hlinar.sk\/en\/wp-json\/wp\/v2\/pages"}],"about":[{"href":"https:\/\/hlinar.sk\/en\/wp-json\/wp\/v2\/types\/page"}],"author":[{"embeddable":true,"href":"https:\/\/hlinar.sk\/en\/wp-json\/wp\/v2\/users\/2"}],"replies":[{"embeddable":true,"href":"https:\/\/hlinar.sk\/en\/wp-json\/wp\/v2\/comments?post=867"}],"version-history":[{"count":26,"href":"https:\/\/hlinar.sk\/en\/wp-json\/wp\/v2\/pages\/867\/revisions"}],"predecessor-version":[{"id":3296,"href":"https:\/\/hlinar.sk\/en\/wp-json\/wp\/v2\/pages\/867\/revisions\/3296"}],"wp:attachment":[{"href":"https:\/\/hlinar.sk\/en\/wp-json\/wp\/v2\/media?parent=867"}],"curies":[{"name":"wp","href":"https:\/\/api.w.org\/{rel}","templated":true}]}}