{"id":753,"date":"2024-09-12T16:48:19","date_gmt":"2024-09-12T14:48:19","guid":{"rendered":"http:\/\/localhost\/hlinar\/?page_id=753"},"modified":"2024-09-24T16:29:33","modified_gmt":"2024-09-24T14:29:33","slug":"doprava-a-platba","status":"publish","type":"page","link":"https:\/\/hlinar.sk\/en\/obchod\/doprava-a-platba\/","title":{"rendered":"Shipping and payment"},"content":{"rendered":"<h3>DOPRAVA<\/h3>\n<ul>\n<li><span style=\"font-size: 12pt;\"><strong>Doprava kuri\u00e9rskou slu\u017ebou<\/strong><\/span><\/li>\n<\/ul>\n<p align=\"JUSTIFY\">Ak chcete ma\u0165 objednan\u00fd tovar \u010d\u00edm sk\u00f4r doma, zvo\u013ete dopravu kuri\u00e9rskou slu\u017ebou. Tovar V\u00e1m pr\u00edde hne\u010f v nasleduj\u00faci pracovn\u00fd de\u0148 od n\u00e1\u0161ho odovzdania bal\u00edka kuri\u00e9rovi (v r\u00e1mci Slovenska). Ak sa jedn\u00e1 o paletov\u00fa prepravu, t\u00e1 v\u00e1m pr\u00edde spravidla do dvoch pracovn\u00fdch dn\u00ed. Cena dopravy&nbsp; je stanoven\u00e1 pod\u013ea druhu a v\u00e1hy tovaru v pokladni.<\/p>\n<p align=\"JUSTIFY\">Nezabudnite v ten de\u0148 by\u0165 dostupn\u00ed na telef\u00f3nom \u010d\u00edsle, ktor\u00e9 ste zadali pri registr\u00e1cii resp. pri objedn\u00e1vke. Ak m\u00e1te z\u00e1ujem o dopravu kuri\u00e9rskou slu\u017ebou mimo Slovenska, do zahrani\u010dia, pros\u00edm informujte sa o cene dopravy mailom alebo telefonicky. Do \u010ceskej republiky zasielame cez zasilkovna.cz. Ak m\u00e1te z\u00e1ujem o t\u00fato mo\u017enos\u0165 dopravy, kontaktujte n\u00e1s pros\u00edm.<\/p>\n<ul>\n<li>\n<h5 align=\"LEFT\"><strong><span style=\"font-size: 12pt;\">Osobn\u00fd odber<\/span> <\/strong><\/h5>\n<\/li>\n<\/ul>\n<p align=\"LEFT\">Osobn\u00fd odber tovaru je mo\u017en\u00fd len po telefonickej dohode na \u010d\u00edsle 0909 195 847.<\/p>\n<p align=\"LEFT\">Osobn\u00fd odber je mo\u017en\u00e9 vykona\u0165 na adres\u00e1ch:<\/p>\n<ol>\n<li>Mierov\u00e1 6, Bansk\u00e1 \u0160tiavnica<\/li>\n<li>Beluj 105, Beluj<\/li>\n<li>Bzenica 198, Bzenica<\/li>\n<\/ol>\n<ul>\n<li>\n<h5 align=\"LEFT\"><strong><span style=\"font-size: 12pt;\">Doprava do zahrani\u010dia<\/span><br \/>\n<\/strong><\/h5>\n<\/li>\n<\/ul>\n<p align=\"JUSTIFY\">Ak m\u00e1te z\u00e1ujem o dopravu mimo Slovenska, do zahrani\u010dia, pros\u00edm informujte sa o cene dopravy mailom alebo telefonicky. Do \u010ceskej republiky zasielame cez zasilkovna.cz.<\/p>\n<p align=\"JUSTIFY\">Pred prevzat\u00edm si bal\u00edk skontrolujte, \u010di nie je po\u0161koden\u00fd a v pr\u00edpade ak\u00fdchko\u013evek nezrovnalost\u00ed bal\u00edk neprevezmite.<\/p>\n<h3 align=\"LEFT\">&nbsp;<\/h3>\n<h3 align=\"LEFT\">SP\u00d4SOB PLATBY<\/h3>\n<ul>\n<li>\n<h5 align=\"LEFT\"><span style=\"font-size: 12pt;\"><strong>Platba vopred prevodn\u00fdm pr\u00edkazom<\/strong><\/span><\/h5>\n<\/li>\n<\/ul>\n<p align=\"JUSTIFY\">Platbu vykonajte <strong>a\u017e po potvrden\u00ed objedn\u00e1vky<\/strong> a nezabudnite, pros\u00edm, <strong>uvies\u0165 spr\u00e1vny variabiln\u00fd symbol<\/strong>! Podklady k platbe (\u010d\u00edslo \u00fa\u010dtu, variabiln\u00fd symbol, suma) V\u00e1m bud\u00fa zaslan\u00e9 v e-maily potvrdzuj\u00facom objedn\u00e1vku. Tovar bude <strong>zaslan\u00fd a\u017e po prip\u00edsan\u00ed plnej sumy na n\u00e1\u0161 \u00fa<\/strong><strong>\u010d<\/strong><strong>et<\/strong>. Tovar, ktor\u00fd si chcete prebra\u0165<strong> osobne<\/strong>, mus\u00ed by\u0165 <strong>vopred uhraden\u00fd prevodn\u00fdm pr\u00edkazom<\/strong>.<\/p>\n<p align=\"JUSTIFY\">Na\u0161e \u010d\u00edslo \u00fa\u010dtu je (mBank):<\/p>\n<p align=\"JUSTIFY\"><strong>IBAN:SK2883605207004203176119<\/strong><\/p>","protected":false},"excerpt":{"rendered":"<p>DOPRAVA Doprava kuri\u00e9rskou slu\u017ebou Ak chcete ma\u0165 objednan\u00fd tovar \u010d\u00edm sk\u00f4r doma, zvo\u013ete dopravu kuri\u00e9rskou slu\u017ebou. Tovar V\u00e1m pr\u00edde hne\u010f v nasleduj\u00faci pracovn\u00fd de\u0148 od n\u00e1\u0161ho odovzdania bal\u00edka kuri\u00e9rovi (v r\u00e1mci Slovenska). Ak sa jedn\u00e1 o paletov\u00fa prepravu, t\u00e1 v\u00e1m pr\u00edde spravidla do dvoch pracovn\u00fdch dn\u00ed. Cena dopravy&nbsp; je stanoven\u00e1 pod\u013ea druhu a v\u00e1hy tovaru [&hellip;]<\/p>\n","protected":false},"author":249,"featured_media":0,"parent":653,"menu_order":0,"comment_status":"closed","ping_status":"closed","template":"template-fullwidth.php","meta":{"ngg_post_thumbnail":0,"footnotes":""},"class_list":["post-753","page","type-page","status-publish","hentry"],"yoast_head":"<!-- This site is optimized with the Yoast SEO plugin v27.2 - https:\/\/yoast.com\/product\/yoast-seo-wordpress\/ -->\n<title>Doprava a platba - HLIN\u00c1R Stano Prorok<\/title>\n<meta name=\"robots\" content=\"index, follow, max-snippet:-1, max-image-preview:large, max-video-preview:-1\" \/>\n<link rel=\"canonical\" href=\"https:\/\/hlinar.sk\/en\/obchod\/doprava-a-platba\/\" \/>\n<meta property=\"og:locale\" content=\"en_GB\" \/>\n<meta property=\"og:type\" content=\"article\" \/>\n<meta property=\"og:title\" content=\"Doprava a platba - HLIN\u00c1R Stano Prorok\" \/>\n<meta property=\"og:description\" content=\"DOPRAVA Doprava kuri\u00e9rskou slu\u017ebou Ak chcete ma\u0165 objednan\u00fd tovar \u010d\u00edm sk\u00f4r doma, zvo\u013ete dopravu kuri\u00e9rskou slu\u017ebou. Tovar V\u00e1m pr\u00edde hne\u010f v nasleduj\u00faci pracovn\u00fd de\u0148 od n\u00e1\u0161ho odovzdania bal\u00edka kuri\u00e9rovi (v r\u00e1mci Slovenska). Ak sa jedn\u00e1 o paletov\u00fa prepravu, t\u00e1 v\u00e1m pr\u00edde spravidla do dvoch pracovn\u00fdch dn\u00ed. Cena dopravy&nbsp; je stanoven\u00e1 pod\u013ea druhu a v\u00e1hy tovaru [&hellip;]\" \/>\n<meta property=\"og:url\" content=\"https:\/\/hlinar.sk\/en\/obchod\/doprava-a-platba\/\" \/>\n<meta property=\"og:site_name\" content=\"HLIN\u00c1R Stano Prorok\" \/>\n<meta property=\"article:modified_time\" content=\"2024-09-24T14:29:33+00:00\" \/>\n<meta name=\"twitter:card\" content=\"summary_large_image\" \/>\n<meta name=\"twitter:label1\" content=\"Estimated reading time\" \/>\n\t<meta name=\"twitter:data1\" content=\"2 minutes\" \/>\n<script type=\"application\/ld+json\" class=\"yoast-schema-graph\">{\"@context\":\"https:\/\/schema.org\",\"@graph\":[{\"@type\":\"WebPage\",\"@id\":\"https:\/\/hlinar.sk\/obchod\/doprava-a-platba\/\",\"url\":\"https:\/\/hlinar.sk\/obchod\/doprava-a-platba\/\",\"name\":\"Doprava a platba - HLIN\u00c1R Stano Prorok\",\"isPartOf\":{\"@id\":\"https:\/\/hlinar.sk\/#website\"},\"datePublished\":\"2024-09-12T14:48:19+00:00\",\"dateModified\":\"2024-09-24T14:29:33+00:00\",\"breadcrumb\":{\"@id\":\"https:\/\/hlinar.sk\/obchod\/doprava-a-platba\/#breadcrumb\"},\"inLanguage\":\"en-GB\",\"potentialAction\":[{\"@type\":\"ReadAction\",\"target\":[\"https:\/\/hlinar.sk\/obchod\/doprava-a-platba\/\"]}]},{\"@type\":\"BreadcrumbList\",\"@id\":\"https:\/\/hlinar.sk\/obchod\/doprava-a-platba\/#breadcrumb\",\"itemListElement\":[{\"@type\":\"ListItem\",\"position\":1,\"name\":\"Home\",\"item\":\"https:\/\/hlinar.sk\/\"},{\"@type\":\"ListItem\",\"position\":2,\"name\":\"Doprava a platba\"}]},{\"@type\":\"WebSite\",\"@id\":\"https:\/\/hlinar.sk\/#website\",\"url\":\"https:\/\/hlinar.sk\/\",\"name\":\"HLIN\u00c1R Stano Prorok\",\"description\":\"Stavebniny od pr\u00edrody.\",\"publisher\":{\"@id\":\"https:\/\/hlinar.sk\/#organization\"},\"potentialAction\":[{\"@type\":\"SearchAction\",\"target\":{\"@type\":\"EntryPoint\",\"urlTemplate\":\"https:\/\/hlinar.sk\/?s={search_term_string}\"},\"query-input\":{\"@type\":\"PropertyValueSpecification\",\"valueRequired\":true,\"valueName\":\"search_term_string\"}}],\"inLanguage\":\"en-GB\"},{\"@type\":\"Organization\",\"@id\":\"https:\/\/hlinar.sk\/#organization\",\"name\":\"HLIN\u00c1R Stano Prorok\",\"url\":\"https:\/\/hlinar.sk\/\",\"logo\":{\"@type\":\"ImageObject\",\"inLanguage\":\"en-GB\",\"@id\":\"https:\/\/hlinar.sk\/#\/schema\/logo\/image\/\",\"url\":\"https:\/\/hlinar.sk\/sk\/wp-content\/uploads\/2020\/11\/logo-na-stranku-s-nazvom-priesvit-biele.png\",\"contentUrl\":\"https:\/\/hlinar.sk\/sk\/wp-content\/uploads\/2020\/11\/logo-na-stranku-s-nazvom-priesvit-biele.png\",\"width\":8048,\"height\":1432,\"caption\":\"HLIN\u00c1R Stano Prorok\"},\"image\":{\"@id\":\"https:\/\/hlinar.sk\/#\/schema\/logo\/image\/\"}}]}<\/script>\n<!-- \/ Yoast SEO plugin. -->","yoast_head_json":{"title":"Doprava a platba - HLIN\u00c1R Stano Prorok","robots":{"index":"index","follow":"follow","max-snippet":"max-snippet:-1","max-image-preview":"max-image-preview:large","max-video-preview":"max-video-preview:-1"},"canonical":"https:\/\/hlinar.sk\/en\/obchod\/doprava-a-platba\/","og_locale":"en_GB","og_type":"article","og_title":"Doprava a platba - HLIN\u00c1R Stano Prorok","og_description":"DOPRAVA Doprava kuri\u00e9rskou slu\u017ebou Ak chcete ma\u0165 objednan\u00fd tovar \u010d\u00edm sk\u00f4r doma, zvo\u013ete dopravu kuri\u00e9rskou slu\u017ebou. Tovar V\u00e1m pr\u00edde hne\u010f v nasleduj\u00faci pracovn\u00fd de\u0148 od n\u00e1\u0161ho odovzdania bal\u00edka kuri\u00e9rovi (v r\u00e1mci Slovenska). Ak sa jedn\u00e1 o paletov\u00fa prepravu, t\u00e1 v\u00e1m pr\u00edde spravidla do dvoch pracovn\u00fdch dn\u00ed. Cena dopravy&nbsp; je stanoven\u00e1 pod\u013ea druhu a v\u00e1hy tovaru [&hellip;]","og_url":"https:\/\/hlinar.sk\/en\/obchod\/doprava-a-platba\/","og_site_name":"HLIN\u00c1R Stano Prorok","article_modified_time":"2024-09-24T14:29:33+00:00","twitter_card":"summary_large_image","twitter_misc":{"Estimated reading time":"2 minutes"},"schema":{"@context":"https:\/\/schema.org","@graph":[{"@type":"WebPage","@id":"https:\/\/hlinar.sk\/obchod\/doprava-a-platba\/","url":"https:\/\/hlinar.sk\/obchod\/doprava-a-platba\/","name":"Doprava a platba - HLIN\u00c1R Stano Prorok","isPartOf":{"@id":"https:\/\/hlinar.sk\/#website"},"datePublished":"2024-09-12T14:48:19+00:00","dateModified":"2024-09-24T14:29:33+00:00","breadcrumb":{"@id":"https:\/\/hlinar.sk\/obchod\/doprava-a-platba\/#breadcrumb"},"inLanguage":"en-GB","potentialAction":[{"@type":"ReadAction","target":["https:\/\/hlinar.sk\/obchod\/doprava-a-platba\/"]}]},{"@type":"BreadcrumbList","@id":"https:\/\/hlinar.sk\/obchod\/doprava-a-platba\/#breadcrumb","itemListElement":[{"@type":"ListItem","position":1,"name":"Home","item":"https:\/\/hlinar.sk\/"},{"@type":"ListItem","position":2,"name":"Doprava a platba"}]},{"@type":"WebSite","@id":"https:\/\/hlinar.sk\/#website","url":"https:\/\/hlinar.sk\/","name":"HLIN\u00c1R Stano Prorok","description":"Stavebniny od pr\u00edrody.","publisher":{"@id":"https:\/\/hlinar.sk\/#organization"},"potentialAction":[{"@type":"SearchAction","target":{"@type":"EntryPoint","urlTemplate":"https:\/\/hlinar.sk\/?s={search_term_string}"},"query-input":{"@type":"PropertyValueSpecification","valueRequired":true,"valueName":"search_term_string"}}],"inLanguage":"en-GB"},{"@type":"Organization","@id":"https:\/\/hlinar.sk\/#organization","name":"HLIN\u00c1R Stano Prorok","url":"https:\/\/hlinar.sk\/","logo":{"@type":"ImageObject","inLanguage":"en-GB","@id":"https:\/\/hlinar.sk\/#\/schema\/logo\/image\/","url":"https:\/\/hlinar.sk\/sk\/wp-content\/uploads\/2020\/11\/logo-na-stranku-s-nazvom-priesvit-biele.png","contentUrl":"https:\/\/hlinar.sk\/sk\/wp-content\/uploads\/2020\/11\/logo-na-stranku-s-nazvom-priesvit-biele.png","width":8048,"height":1432,"caption":"HLIN\u00c1R Stano Prorok"},"image":{"@id":"https:\/\/hlinar.sk\/#\/schema\/logo\/image\/"}}]}},"_links":{"self":[{"href":"https:\/\/hlinar.sk\/en\/wp-json\/wp\/v2\/pages\/753","targetHints":{"allow":["GET"]}}],"collection":[{"href":"https:\/\/hlinar.sk\/en\/wp-json\/wp\/v2\/pages"}],"about":[{"href":"https:\/\/hlinar.sk\/en\/wp-json\/wp\/v2\/types\/page"}],"author":[{"embeddable":true,"href":"https:\/\/hlinar.sk\/en\/wp-json\/wp\/v2\/users\/249"}],"replies":[{"embeddable":true,"href":"https:\/\/hlinar.sk\/en\/wp-json\/wp\/v2\/comments?post=753"}],"version-history":[{"count":5,"href":"https:\/\/hlinar.sk\/en\/wp-json\/wp\/v2\/pages\/753\/revisions"}],"predecessor-version":[{"id":6159,"href":"https:\/\/hlinar.sk\/en\/wp-json\/wp\/v2\/pages\/753\/revisions\/6159"}],"up":[{"embeddable":true,"href":"https:\/\/hlinar.sk\/en\/wp-json\/wp\/v2\/pages\/653"}],"wp:attachment":[{"href":"https:\/\/hlinar.sk\/en\/wp-json\/wp\/v2\/media?parent=753"}],"curies":[{"name":"wp","href":"https:\/\/api.w.org\/{rel}","templated":true}]}}