{"id":71,"date":"2017-12-24T10:07:26","date_gmt":"2017-12-24T09:07:26","guid":{"rendered":"http:\/\/localhost\/hlinar\/?page_id=71"},"modified":"2020-03-02T08:51:07","modified_gmt":"2020-03-02T07:51:07","slug":"faq-o-tsu","status":"publish","type":"page","link":"https:\/\/hlinar.sk\/en\/najcastejsie-otazky-a-odpovede-z-praxe\/faq-o-tsu\/","title":{"rendered":"FAQ &#8211; Japonsk\u00fd \u0161tuk (O-tsu)"},"content":{"rendered":"<h4 style=\"text-align: center;\"><span style=\"color: #993300;\"><strong><span style=\"font-family: papiruss;\">FAQ &#8211; Japonsk\u00fd \u0161tuk (O-tsu)<\/span><\/strong><\/span><\/h4>\n<ul>\n<li>\n<h4>Z \u010doho je japonsk\u00fd \u0161tuk?<\/h4>\n<\/li>\n<\/ul>\n<p>Japonsk\u00fd \u0161tuk je kombin\u00e1cia hlinenej omietky a v\u00e1pna<\/p>\n<ul>\n<li>\n<h4>Ak\u00fd je rozdiel medzi japonsk\u00fdm a marock\u00fdm \u0161tukom?<\/h4>\n<\/li>\n<\/ul>\n<p>Japonsk\u00fd \u0161tuk je oproti marock\u00e9mu \u0161tuku menej tvrd\u00fd. V\u010faka obsahu \u00edlu v zmesi nie je vhodn\u00fd na pou\u017eitie do vodou ve\u013emi nam\u00e1han\u00fdch miest (um\u00fdvadl\u00e1, vane, sprchov\u00e9 k\u00faty&#8230;).<\/p>\n<h4>V PR\u00cdPADE, \u017dE M\u00c1TE OT\u00c1ZKU, KTOR\u00c1 V\u00c1M TU CH\u00ddBA, NAP\u00cd\u0160TE MI:<\/h4>\n<div class=\"caldera-grid\" id=\"caldera_form_1\" data-cf-ver=\"1.9.6\" data-cf-form-id=\"CF5a63396ee4132\"><div id=\"caldera_notices_1\" data-spinner=\"https:\/\/hlinar.sk\/sk\/wp-admin\/images\/spinner.gif\"><\/div><form data-instance=\"1\" class=\"CF5a63396ee4132 caldera_forms_form cfajax-trigger\" method=\"POST\" enctype=\"multipart\/form-data\" id=\"CF5a63396ee4132_1\" data-form-id=\"CF5a63396ee4132\" aria-label=\"FAQ\" data-target=\"#caldera_notices_1\" data-template=\"#cfajax_CF5a63396ee4132-tmpl\" data-cfajax=\"CF5a63396ee4132\" data-load-element=\"_parent\" data-load-class=\"cf_processing\" data-post-disable=\"0\" data-action=\"cf_process_ajax_submit\" data-request=\"https:\/\/hlinar.sk\/en\/cf-api\/CF5a63396ee4132\" data-hiderows=\"true\" action=\"\">\r\n<input type=\"hidden\" id=\"_cf_verify_CF5a63396ee4132\" name=\"_cf_verify\" value=\"4ee0e23421\"  data-nonce-time=\"1777544212\" \/><input type=\"hidden\" name=\"_wp_http_referer\" value=\"\/en\/wp-json\/wp\/v2\/pages\/71\" \/><div id=\"cf2-CF5a63396ee4132_1\"><\/div><input type=\"hidden\" name=\"_cf_frm_id\" value=\"CF5a63396ee4132\">\r\n<input type=\"hidden\" name=\"_cf_frm_ct\" value=\"1\">\r\n<input type=\"hidden\" name=\"cfajax\" value=\"CF5a63396ee4132\">\r\n<input type=\"hidden\" name=\"_cf_cr_pst\" value=\"71\">\r\n<div class=\"hide\" style=\"display:none; overflow:hidden;height:0;width:0;\">\r\n<label>Company<\/label><input type=\"text\" name=\"company\" value=\"\" autocomplete=\"off\">\r\n<\/div><div id=\"CF5a63396ee4132_1-row-1\"  class=\"row  first_row\"><div  class=\"col-sm-3  first_col\"><div data-field-wrapper=\"fld_9469168\" class=\"form-group\" id=\"fld_9469168_1-wrap\">\r\n\t<label id=\"fld_9469168Label\" for=\"fld_9469168_1\" class=\"control-label\">MENO<\/label>\r\n\t<div class=\"\">\r\n\t\t<input    type=\"text\" data-field=\"fld_9469168\" class=\"form-control\" id=\"fld_9469168_1\" name=\"fld_9469168\" value=\"\" data-type=\"text\"   aria-labelledby=\"fld_9469168Label\" >\t\t\t<\/div>\r\n<\/div>\r\n<div data-field-wrapper=\"fld_8987393\" class=\"form-group\" id=\"fld_8987393_1-wrap\">\r\n\t<label id=\"fld_8987393Label\" for=\"fld_8987393_1\" class=\"control-label\">EMAIL<\/label>\r\n\t<div class=\"\">\r\n\t\t<input    type=\"email\" data-field=\"fld_8987393\" class=\"form-control\" id=\"fld_8987393_1\" name=\"fld_8987393\" value=\"\" data-type=\"email\"   aria-labelledby=\"fld_8987393Label\" >\t\t\t<\/div>\r\n<\/div>\r\n<\/div><div  class=\"col-sm-3\"><\/div><div  class=\"col-sm-3\"><\/div><div  class=\"col-sm-3  last_col\"><\/div><\/div><div id=\"CF5a63396ee4132_1-row-2\"  class=\"row\"><div  class=\"col-sm-6  first_col\"><div data-field-wrapper=\"fld_7683514\" class=\"form-group\" id=\"fld_7683514_1-wrap\">\r\n\t<label id=\"fld_7683514Label\" for=\"fld_7683514_1\" class=\"control-label\">OT\u00c1ZKA <span aria-hidden=\"true\" role=\"presentation\" class=\"field_required\" style=\"color:#ee0000;\">*<\/span><\/label>\r\n\t<div class=\"\">\r\n\t\t<textarea name=\"fld_7683514\" value=\"\" data-field=\"fld_7683514\" class=\"form-control\" id=\"fld_7683514_1\" rows=\"7\"  required=\"required\"  aria-labelledby=\"fld_7683514Label\" ><\/textarea>\n\t\t\t<\/div>\r\n<\/div>\r\n<\/div><div  class=\"col-sm-6  last_col\"><\/div><\/div><div id=\"CF5a63396ee4132_1-row-3\"  class=\"row  last_row\"><div  class=\"col-sm-3  first_col\"><div data-field-wrapper=\"fld_7908577\" class=\"form-group\" id=\"fld_7908577_1-wrap\">\r\n<div class=\"\">\r\n\t<input  class=\"btn btn-default\" type=\"submit\" name=\"fld_7908577\" id=\"fld_7908577_1\" value=\"ODOSLA\u0164\" data-field=\"fld_7908577\"  >\n<\/div>\r\n<\/div>\r\n\t<input class=\"button_trigger_1\" type=\"hidden\" name=\"fld_7908577\" id=\"fld_7908577_1_btn\" value=\"\" data-field=\"fld_7908577\"  \/>\n<\/div><div  class=\"col-sm-3\"><\/div><div  class=\"col-sm-6  last_col\"><\/div><\/div><input type=\"hidden\" name=\"trp-form-language\" value=\"en\"\/><\/form>\r\n<\/div>","protected":false},"excerpt":{"rendered":"<p>FAQ &#8211; Japonsk\u00fd \u0161tuk (O-tsu) Z \u010doho je japonsk\u00fd \u0161tuk? Japonsk\u00fd \u0161tuk je kombin\u00e1cia hlinenej omietky a v\u00e1pna Ak\u00fd je rozdiel medzi japonsk\u00fdm a marock\u00fdm \u0161tukom? Japonsk\u00fd \u0161tuk je oproti marock\u00e9mu \u0161tuku menej tvrd\u00fd. V\u010faka obsahu \u00edlu v zmesi nie je vhodn\u00fd na pou\u017eitie do vodou ve\u013emi nam\u00e1han\u00fdch miest (um\u00fdvadl\u00e1, vane, sprchov\u00e9 k\u00faty&#8230;). V PR\u00cdPADE, [&hellip;]<\/p>\n","protected":false},"author":2,"featured_media":0,"parent":43,"menu_order":0,"comment_status":"closed","ping_status":"closed","template":"","meta":{"ngg_post_thumbnail":0,"footnotes":""},"class_list":["post-71","page","type-page","status-publish","hentry"],"yoast_head":"<!-- This site is optimized with the Yoast SEO plugin v27.2 - https:\/\/yoast.com\/product\/yoast-seo-wordpress\/ -->\n<title>FAQ - Japonsk\u00fd \u0161tuk (O-tsu) - HLIN\u00c1R Stano Prorok<\/title>\n<meta name=\"robots\" content=\"index, follow, max-snippet:-1, max-image-preview:large, max-video-preview:-1\" \/>\n<link rel=\"canonical\" href=\"https:\/\/hlinar.sk\/en\/najcastejsie-otazky-a-odpovede-z-praxe\/faq-o-tsu\/\" \/>\n<meta property=\"og:locale\" content=\"en_GB\" \/>\n<meta property=\"og:type\" content=\"article\" \/>\n<meta property=\"og:title\" content=\"FAQ - Japonsk\u00fd \u0161tuk (O-tsu) - HLIN\u00c1R Stano Prorok\" \/>\n<meta property=\"og:description\" content=\"FAQ &#8211; Japonsk\u00fd \u0161tuk (O-tsu) Z \u010doho je japonsk\u00fd \u0161tuk? Japonsk\u00fd \u0161tuk je kombin\u00e1cia hlinenej omietky a v\u00e1pna Ak\u00fd je rozdiel medzi japonsk\u00fdm a marock\u00fdm \u0161tukom? Japonsk\u00fd \u0161tuk je oproti marock\u00e9mu \u0161tuku menej tvrd\u00fd. V\u010faka obsahu \u00edlu v zmesi nie je vhodn\u00fd na pou\u017eitie do vodou ve\u013emi nam\u00e1han\u00fdch miest (um\u00fdvadl\u00e1, vane, sprchov\u00e9 k\u00faty&#8230;). V PR\u00cdPADE, [&hellip;]\" \/>\n<meta property=\"og:url\" content=\"https:\/\/hlinar.sk\/en\/najcastejsie-otazky-a-odpovede-z-praxe\/faq-o-tsu\/\" \/>\n<meta property=\"og:site_name\" content=\"HLIN\u00c1R Stano Prorok\" \/>\n<meta property=\"article:modified_time\" content=\"2020-03-02T07:51:07+00:00\" \/>\n<meta name=\"twitter:card\" content=\"summary_large_image\" \/>\n<script type=\"application\/ld+json\" class=\"yoast-schema-graph\">{\"@context\":\"https:\/\/schema.org\",\"@graph\":[{\"@type\":\"WebPage\",\"@id\":\"https:\/\/hlinar.sk\/najcastejsie-otazky-a-odpovede-z-praxe\/faq-o-tsu\/\",\"url\":\"https:\/\/hlinar.sk\/najcastejsie-otazky-a-odpovede-z-praxe\/faq-o-tsu\/\",\"name\":\"FAQ - Japonsk\u00fd \u0161tuk (O-tsu) - HLIN\u00c1R Stano Prorok\",\"isPartOf\":{\"@id\":\"https:\/\/hlinar.sk\/#website\"},\"datePublished\":\"2017-12-24T09:07:26+00:00\",\"dateModified\":\"2020-03-02T07:51:07+00:00\",\"breadcrumb\":{\"@id\":\"https:\/\/hlinar.sk\/najcastejsie-otazky-a-odpovede-z-praxe\/faq-o-tsu\/#breadcrumb\"},\"inLanguage\":\"en-GB\",\"potentialAction\":[{\"@type\":\"ReadAction\",\"target\":[\"https:\/\/hlinar.sk\/najcastejsie-otazky-a-odpovede-z-praxe\/faq-o-tsu\/\"]}]},{\"@type\":\"BreadcrumbList\",\"@id\":\"https:\/\/hlinar.sk\/najcastejsie-otazky-a-odpovede-z-praxe\/faq-o-tsu\/#breadcrumb\",\"itemListElement\":[{\"@type\":\"ListItem\",\"position\":1,\"name\":\"Home\",\"item\":\"https:\/\/hlinar.sk\/\"},{\"@type\":\"ListItem\",\"position\":2,\"name\":\"Naj\u010dastej\u0161ie ot\u00e1zky a odpovede z praxe\",\"item\":\"https:\/\/hlinar.sk\/najcastejsie-otazky-a-odpovede-z-praxe\/\"},{\"@type\":\"ListItem\",\"position\":3,\"name\":\"FAQ &#8211; Japonsk\u00fd \u0161tuk (O-tsu)\"}]},{\"@type\":\"WebSite\",\"@id\":\"https:\/\/hlinar.sk\/#website\",\"url\":\"https:\/\/hlinar.sk\/\",\"name\":\"HLIN\u00c1R Stano Prorok\",\"description\":\"Stavebniny od pr\u00edrody.\",\"publisher\":{\"@id\":\"https:\/\/hlinar.sk\/#organization\"},\"potentialAction\":[{\"@type\":\"SearchAction\",\"target\":{\"@type\":\"EntryPoint\",\"urlTemplate\":\"https:\/\/hlinar.sk\/?s={search_term_string}\"},\"query-input\":{\"@type\":\"PropertyValueSpecification\",\"valueRequired\":true,\"valueName\":\"search_term_string\"}}],\"inLanguage\":\"en-GB\"},{\"@type\":\"Organization\",\"@id\":\"https:\/\/hlinar.sk\/#organization\",\"name\":\"HLIN\u00c1R Stano Prorok\",\"url\":\"https:\/\/hlinar.sk\/\",\"logo\":{\"@type\":\"ImageObject\",\"inLanguage\":\"en-GB\",\"@id\":\"https:\/\/hlinar.sk\/#\/schema\/logo\/image\/\",\"url\":\"https:\/\/hlinar.sk\/sk\/wp-content\/uploads\/2020\/11\/logo-na-stranku-s-nazvom-priesvit-biele.png\",\"contentUrl\":\"https:\/\/hlinar.sk\/sk\/wp-content\/uploads\/2020\/11\/logo-na-stranku-s-nazvom-priesvit-biele.png\",\"width\":8048,\"height\":1432,\"caption\":\"HLIN\u00c1R Stano Prorok\"},\"image\":{\"@id\":\"https:\/\/hlinar.sk\/#\/schema\/logo\/image\/\"}}]}<\/script>\n<!-- \/ Yoast SEO plugin. -->","yoast_head_json":{"title":"FAQ - Japonsk\u00fd \u0161tuk (O-tsu) - HLIN\u00c1R Stano Prorok","robots":{"index":"index","follow":"follow","max-snippet":"max-snippet:-1","max-image-preview":"max-image-preview:large","max-video-preview":"max-video-preview:-1"},"canonical":"https:\/\/hlinar.sk\/en\/najcastejsie-otazky-a-odpovede-z-praxe\/faq-o-tsu\/","og_locale":"en_GB","og_type":"article","og_title":"FAQ - Japonsk\u00fd \u0161tuk (O-tsu) - HLIN\u00c1R Stano Prorok","og_description":"FAQ &#8211; Japonsk\u00fd \u0161tuk (O-tsu) Z \u010doho je japonsk\u00fd \u0161tuk? Japonsk\u00fd \u0161tuk je kombin\u00e1cia hlinenej omietky a v\u00e1pna Ak\u00fd je rozdiel medzi japonsk\u00fdm a marock\u00fdm \u0161tukom? Japonsk\u00fd \u0161tuk je oproti marock\u00e9mu \u0161tuku menej tvrd\u00fd. V\u010faka obsahu \u00edlu v zmesi nie je vhodn\u00fd na pou\u017eitie do vodou ve\u013emi nam\u00e1han\u00fdch miest (um\u00fdvadl\u00e1, vane, sprchov\u00e9 k\u00faty&#8230;). V PR\u00cdPADE, [&hellip;]","og_url":"https:\/\/hlinar.sk\/en\/najcastejsie-otazky-a-odpovede-z-praxe\/faq-o-tsu\/","og_site_name":"HLIN\u00c1R Stano Prorok","article_modified_time":"2020-03-02T07:51:07+00:00","twitter_card":"summary_large_image","schema":{"@context":"https:\/\/schema.org","@graph":[{"@type":"WebPage","@id":"https:\/\/hlinar.sk\/najcastejsie-otazky-a-odpovede-z-praxe\/faq-o-tsu\/","url":"https:\/\/hlinar.sk\/najcastejsie-otazky-a-odpovede-z-praxe\/faq-o-tsu\/","name":"FAQ - Japonsk\u00fd \u0161tuk (O-tsu) - HLIN\u00c1R Stano Prorok","isPartOf":{"@id":"https:\/\/hlinar.sk\/#website"},"datePublished":"2017-12-24T09:07:26+00:00","dateModified":"2020-03-02T07:51:07+00:00","breadcrumb":{"@id":"https:\/\/hlinar.sk\/najcastejsie-otazky-a-odpovede-z-praxe\/faq-o-tsu\/#breadcrumb"},"inLanguage":"en-GB","potentialAction":[{"@type":"ReadAction","target":["https:\/\/hlinar.sk\/najcastejsie-otazky-a-odpovede-z-praxe\/faq-o-tsu\/"]}]},{"@type":"BreadcrumbList","@id":"https:\/\/hlinar.sk\/najcastejsie-otazky-a-odpovede-z-praxe\/faq-o-tsu\/#breadcrumb","itemListElement":[{"@type":"ListItem","position":1,"name":"Home","item":"https:\/\/hlinar.sk\/"},{"@type":"ListItem","position":2,"name":"Naj\u010dastej\u0161ie ot\u00e1zky a odpovede z praxe","item":"https:\/\/hlinar.sk\/najcastejsie-otazky-a-odpovede-z-praxe\/"},{"@type":"ListItem","position":3,"name":"FAQ &#8211; Japonsk\u00fd \u0161tuk (O-tsu)"}]},{"@type":"WebSite","@id":"https:\/\/hlinar.sk\/#website","url":"https:\/\/hlinar.sk\/","name":"HLIN\u00c1R Stano Prorok","description":"Stavebniny od pr\u00edrody.","publisher":{"@id":"https:\/\/hlinar.sk\/#organization"},"potentialAction":[{"@type":"SearchAction","target":{"@type":"EntryPoint","urlTemplate":"https:\/\/hlinar.sk\/?s={search_term_string}"},"query-input":{"@type":"PropertyValueSpecification","valueRequired":true,"valueName":"search_term_string"}}],"inLanguage":"en-GB"},{"@type":"Organization","@id":"https:\/\/hlinar.sk\/#organization","name":"HLIN\u00c1R Stano Prorok","url":"https:\/\/hlinar.sk\/","logo":{"@type":"ImageObject","inLanguage":"en-GB","@id":"https:\/\/hlinar.sk\/#\/schema\/logo\/image\/","url":"https:\/\/hlinar.sk\/sk\/wp-content\/uploads\/2020\/11\/logo-na-stranku-s-nazvom-priesvit-biele.png","contentUrl":"https:\/\/hlinar.sk\/sk\/wp-content\/uploads\/2020\/11\/logo-na-stranku-s-nazvom-priesvit-biele.png","width":8048,"height":1432,"caption":"HLIN\u00c1R Stano Prorok"},"image":{"@id":"https:\/\/hlinar.sk\/#\/schema\/logo\/image\/"}}]}},"_links":{"self":[{"href":"https:\/\/hlinar.sk\/en\/wp-json\/wp\/v2\/pages\/71","targetHints":{"allow":["GET"]}}],"collection":[{"href":"https:\/\/hlinar.sk\/en\/wp-json\/wp\/v2\/pages"}],"about":[{"href":"https:\/\/hlinar.sk\/en\/wp-json\/wp\/v2\/types\/page"}],"author":[{"embeddable":true,"href":"https:\/\/hlinar.sk\/en\/wp-json\/wp\/v2\/users\/2"}],"replies":[{"embeddable":true,"href":"https:\/\/hlinar.sk\/en\/wp-json\/wp\/v2\/comments?post=71"}],"version-history":[{"count":6,"href":"https:\/\/hlinar.sk\/en\/wp-json\/wp\/v2\/pages\/71\/revisions"}],"predecessor-version":[{"id":3024,"href":"https:\/\/hlinar.sk\/en\/wp-json\/wp\/v2\/pages\/71\/revisions\/3024"}],"up":[{"embeddable":true,"href":"https:\/\/hlinar.sk\/en\/wp-json\/wp\/v2\/pages\/43"}],"wp:attachment":[{"href":"https:\/\/hlinar.sk\/en\/wp-json\/wp\/v2\/media?parent=71"}],"curies":[{"name":"wp","href":"https:\/\/api.w.org\/{rel}","templated":true}]}}