{"id":29,"date":"2017-12-24T09:50:18","date_gmt":"2017-12-24T08:50:18","guid":{"rendered":"http:\/\/localhost\/hlinar\/?page_id=29"},"modified":"2020-01-15T22:02:46","modified_gmt":"2020-01-15T21:02:46","slug":"fotogaleria","status":"publish","type":"page","link":"https:\/\/hlinar.sk\/en\/fotogaleria\/","title":{"rendered":"Samples of my work"},"content":{"rendered":"<h4 style=\"text-align: center;\"><strong><span style=\"color: #87441c; font-family: Papyrus ok; font-size: 32px;\"><span style=\"font-family: papierosa;\"><span style=\"font-family: papiruss; font-size: 18pt;\">Fotky z mojich realiz\u00e1ci\u00ed<\/span><\/span><\/span><\/strong><\/h4>\n<p style=\"text-align: center;\">Tu si m\u00f4\u017eete pozrie\u0165 zop\u00e1r fotiek z niektor\u00fdch mojich pr\u00e1c na z\u00e1kazku aj pre rados\u0165&#8230; Vyberte si pod\u013ea kateg\u00f3rie:<\/p>\n<p style=\"text-align: center;\"><a href=\"https:\/\/hlinar.sk\/en\/fotky-hlinene-omietky\/\"><img loading=\"lazy\" decoding=\"async\" class=\"aligncenter wp-image-1306 size-full\" src=\"http:\/\/hlinar.sk\/sk\/wp-content\/uploads\/2019\/02\/974dad30bb6b739af6c1bfbb27595b60.jpg\" alt=\"\" width=\"600\" height=\"150\" srcset=\"https:\/\/hlinar.sk\/sk\/wp-content\/uploads\/2019\/02\/974dad30bb6b739af6c1bfbb27595b60.jpg 600w, https:\/\/hlinar.sk\/sk\/wp-content\/uploads\/2019\/02\/974dad30bb6b739af6c1bfbb27595b60-324x81.jpg 324w, https:\/\/hlinar.sk\/sk\/wp-content\/uploads\/2019\/02\/974dad30bb6b739af6c1bfbb27595b60-416x104.jpg 416w, https:\/\/hlinar.sk\/sk\/wp-content\/uploads\/2019\/02\/974dad30bb6b739af6c1bfbb27595b60-300x75.jpg 300w\" sizes=\"auto, (max-width: 600px) 100vw, 600px\" \/><\/a><\/p>\n<p style=\"text-align: center;\"><a href=\"http:\/\/hlinar.sk\/en\/fotogaleria\/fotky-hlinene-podlahy\/\"><img loading=\"lazy\" decoding=\"async\" class=\"aligncenter wp-image-1312 size-full\" src=\"http:\/\/hlinar.sk\/sk\/wp-content\/uploads\/2019\/02\/d453334035d5730606cae99aefaac2d6.jpg\" alt=\"\" width=\"600\" height=\"150\" srcset=\"https:\/\/hlinar.sk\/sk\/wp-content\/uploads\/2019\/02\/d453334035d5730606cae99aefaac2d6.jpg 600w, https:\/\/hlinar.sk\/sk\/wp-content\/uploads\/2019\/02\/d453334035d5730606cae99aefaac2d6-324x81.jpg 324w, https:\/\/hlinar.sk\/sk\/wp-content\/uploads\/2019\/02\/d453334035d5730606cae99aefaac2d6-416x104.jpg 416w, https:\/\/hlinar.sk\/sk\/wp-content\/uploads\/2019\/02\/d453334035d5730606cae99aefaac2d6-300x75.jpg 300w\" sizes=\"auto, (max-width: 600px) 100vw, 600px\" \/><\/a><\/p>\n<p style=\"text-align: center;\"><a href=\"http:\/\/hlinar.sk\/en\/fotogaleria\/fotky-tadelakt\/\"><img loading=\"lazy\" decoding=\"async\" class=\"aligncenter wp-image-1309 size-full\" src=\"http:\/\/hlinar.sk\/sk\/wp-content\/uploads\/2019\/02\/dad13f7d55b848c6520ebc8dc316b4e7.jpg\" alt=\"\" width=\"600\" height=\"150\" srcset=\"https:\/\/hlinar.sk\/sk\/wp-content\/uploads\/2019\/02\/dad13f7d55b848c6520ebc8dc316b4e7.jpg 600w, https:\/\/hlinar.sk\/sk\/wp-content\/uploads\/2019\/02\/dad13f7d55b848c6520ebc8dc316b4e7-324x81.jpg 324w, https:\/\/hlinar.sk\/sk\/wp-content\/uploads\/2019\/02\/dad13f7d55b848c6520ebc8dc316b4e7-416x104.jpg 416w, https:\/\/hlinar.sk\/sk\/wp-content\/uploads\/2019\/02\/dad13f7d55b848c6520ebc8dc316b4e7-300x75.jpg 300w\" sizes=\"auto, (max-width: 600px) 100vw, 600px\" \/><\/a><\/p>\n<p style=\"text-align: center;\"><a href=\"http:\/\/hlinar.sk\/en\/fotogaleria\/fotky-o-tsu-japonska-stuka\/\"><img loading=\"lazy\" decoding=\"async\" class=\"aligncenter wp-image-1818\" src=\"http:\/\/hlinar.sk\/sk\/wp-content\/uploads\/2019\/02\/Odkaz4-otsub-1-300x75.jpg\" alt=\"Japonsk\u00fd \u0161tuk - o-tsu\" width=\"600\" height=\"150\" srcset=\"https:\/\/hlinar.sk\/sk\/wp-content\/uploads\/2019\/02\/Odkaz4-otsub-1-300x75.jpg 300w, https:\/\/hlinar.sk\/sk\/wp-content\/uploads\/2019\/02\/Odkaz4-otsub-1-scaled-324x81.jpg 324w, https:\/\/hlinar.sk\/sk\/wp-content\/uploads\/2019\/02\/Odkaz4-otsub-1-416x104.jpg 416w, https:\/\/hlinar.sk\/sk\/wp-content\/uploads\/2019\/02\/Odkaz4-otsub-1-768x192.jpg 768w, https:\/\/hlinar.sk\/sk\/wp-content\/uploads\/2019\/02\/Odkaz4-otsub-1-1024x256.jpg 1024w\" sizes=\"auto, (max-width: 600px) 100vw, 600px\" \/><\/a><\/p>\n<p style=\"text-align: center;\"><a href=\"http:\/\/hlinar.sk\/en\/fotogaleria\/fotky-pece\/\"><img loading=\"lazy\" decoding=\"async\" class=\"aligncenter wp-image-1313 size-full\" src=\"http:\/\/hlinar.sk\/sk\/wp-content\/uploads\/2019\/02\/68a9c5724063ba4b850c6b480bb93533.jpg\" alt=\"\" width=\"600\" height=\"150\" srcset=\"https:\/\/hlinar.sk\/sk\/wp-content\/uploads\/2019\/02\/68a9c5724063ba4b850c6b480bb93533.jpg 600w, https:\/\/hlinar.sk\/sk\/wp-content\/uploads\/2019\/02\/68a9c5724063ba4b850c6b480bb93533-324x81.jpg 324w, https:\/\/hlinar.sk\/sk\/wp-content\/uploads\/2019\/02\/68a9c5724063ba4b850c6b480bb93533-416x104.jpg 416w, https:\/\/hlinar.sk\/sk\/wp-content\/uploads\/2019\/02\/68a9c5724063ba4b850c6b480bb93533-300x75.jpg 300w\" sizes=\"auto, (max-width: 600px) 100vw, 600px\" \/><\/a><\/p>\n<p style=\"text-align: center;\"><a href=\"http:\/\/hlinar.sk\/en\/fotogaleria\/fotky-workshopy-vzdelavanie\/\"><img loading=\"lazy\" decoding=\"async\" class=\"aligncenter wp-image-1814\" src=\"http:\/\/hlinar.sk\/sk\/wp-content\/uploads\/2019\/02\/Odkaz5-workshopy-a-kurzy-1024x256.jpg\" alt=\"\" width=\"600\" height=\"150\" srcset=\"https:\/\/hlinar.sk\/sk\/wp-content\/uploads\/2019\/02\/Odkaz5-workshopy-a-kurzy-1024x256.jpg 1024w, https:\/\/hlinar.sk\/sk\/wp-content\/uploads\/2019\/02\/Odkaz5-workshopy-a-kurzy-scaled-324x81.jpg 324w, https:\/\/hlinar.sk\/sk\/wp-content\/uploads\/2019\/02\/Odkaz5-workshopy-a-kurzy-416x104.jpg 416w, https:\/\/hlinar.sk\/sk\/wp-content\/uploads\/2019\/02\/Odkaz5-workshopy-a-kurzy-300x75.jpg 300w, https:\/\/hlinar.sk\/sk\/wp-content\/uploads\/2019\/02\/Odkaz5-workshopy-a-kurzy-768x192.jpg 768w\" sizes=\"auto, (max-width: 600px) 100vw, 600px\" \/><\/a><\/p>\n<p style=\"text-align: center;\"><a href=\"http:\/\/hlinar.sk\/en\/fotogaleria\/fotky-krasa-dreva\/\"><img loading=\"lazy\" decoding=\"async\" class=\"wp-image-1815 aligncenter\" src=\"http:\/\/hlinar.sk\/sk\/wp-content\/uploads\/2019\/02\/Odkaz6-krasa-dreva-300x75.jpg\" alt=\"\" width=\"600\" height=\"150\" srcset=\"https:\/\/hlinar.sk\/sk\/wp-content\/uploads\/2019\/02\/Odkaz6-krasa-dreva-300x75.jpg 300w, https:\/\/hlinar.sk\/sk\/wp-content\/uploads\/2019\/02\/Odkaz6-krasa-dreva-scaled-324x81.jpg 324w, https:\/\/hlinar.sk\/sk\/wp-content\/uploads\/2019\/02\/Odkaz6-krasa-dreva-416x104.jpg 416w, https:\/\/hlinar.sk\/sk\/wp-content\/uploads\/2019\/02\/Odkaz6-krasa-dreva-768x192.jpg 768w, https:\/\/hlinar.sk\/sk\/wp-content\/uploads\/2019\/02\/Odkaz6-krasa-dreva-1024x256.jpg 1024w\" sizes=\"auto, (max-width: 600px) 100vw, 600px\" \/><\/a><\/p>\n<p style=\"text-align: center;\">&nbsp;<\/p>","protected":false},"excerpt":{"rendered":"<p>Fotky z mojich realiz\u00e1ci\u00ed Tu si m\u00f4\u017eete pozrie\u0165 zop\u00e1r fotiek z niektor\u00fdch mojich pr\u00e1c na z\u00e1kazku aj pre rados\u0165&#8230; Vyberte si pod\u013ea kateg\u00f3rie: &nbsp;<\/p>","protected":false},"author":2,"featured_media":0,"parent":0,"menu_order":0,"comment_status":"closed","ping_status":"closed","template":"","meta":{"ngg_post_thumbnail":0,"footnotes":""},"class_list":["post-29","page","type-page","status-publish","hentry"],"yoast_head":"<!-- This site is optimized with the Yoast SEO plugin v27.2 - https:\/\/yoast.com\/product\/yoast-seo-wordpress\/ -->\n<title>Uk\u00e1\u017eky mojej pr\u00e1ce - HLIN\u00c1R Stano Prorok<\/title>\n<meta name=\"robots\" content=\"index, follow, max-snippet:-1, max-image-preview:large, max-video-preview:-1\" \/>\n<link rel=\"canonical\" href=\"https:\/\/hlinar.sk\/en\/fotogaleria\/\" \/>\n<meta property=\"og:locale\" content=\"en_GB\" \/>\n<meta property=\"og:type\" content=\"article\" \/>\n<meta property=\"og:title\" content=\"Uk\u00e1\u017eky mojej pr\u00e1ce - HLIN\u00c1R Stano Prorok\" \/>\n<meta property=\"og:description\" content=\"Fotky z mojich realiz\u00e1ci\u00ed Tu si m\u00f4\u017eete pozrie\u0165 zop\u00e1r fotiek z niektor\u00fdch mojich pr\u00e1c na z\u00e1kazku aj pre rados\u0165&#8230; Vyberte si pod\u013ea kateg\u00f3rie: &nbsp;\" \/>\n<meta property=\"og:url\" content=\"https:\/\/hlinar.sk\/en\/fotogaleria\/\" \/>\n<meta property=\"og:site_name\" content=\"HLIN\u00c1R Stano Prorok\" \/>\n<meta property=\"article:modified_time\" content=\"2020-01-15T21:02:46+00:00\" \/>\n<meta property=\"og:image\" content=\"http:\/\/hlinar.sk\/sk\/wp-content\/uploads\/2019\/02\/974dad30bb6b739af6c1bfbb27595b60.jpg\" \/>\n<meta name=\"twitter:card\" content=\"summary_large_image\" \/>\n<script type=\"application\/ld+json\" class=\"yoast-schema-graph\">{\"@context\":\"https:\/\/schema.org\",\"@graph\":[{\"@type\":\"WebPage\",\"@id\":\"https:\/\/hlinar.sk\/fotogaleria\/\",\"url\":\"https:\/\/hlinar.sk\/fotogaleria\/\",\"name\":\"Uk\u00e1\u017eky mojej pr\u00e1ce - HLIN\u00c1R Stano Prorok\",\"isPartOf\":{\"@id\":\"https:\/\/hlinar.sk\/#website\"},\"primaryImageOfPage\":{\"@id\":\"https:\/\/hlinar.sk\/fotogaleria\/#primaryimage\"},\"image\":{\"@id\":\"https:\/\/hlinar.sk\/fotogaleria\/#primaryimage\"},\"thumbnailUrl\":\"http:\/\/hlinar.sk\/sk\/wp-content\/uploads\/2019\/02\/974dad30bb6b739af6c1bfbb27595b60.jpg\",\"datePublished\":\"2017-12-24T08:50:18+00:00\",\"dateModified\":\"2020-01-15T21:02:46+00:00\",\"breadcrumb\":{\"@id\":\"https:\/\/hlinar.sk\/fotogaleria\/#breadcrumb\"},\"inLanguage\":\"en-GB\",\"potentialAction\":[{\"@type\":\"ReadAction\",\"target\":[\"https:\/\/hlinar.sk\/fotogaleria\/\"]}]},{\"@type\":\"ImageObject\",\"inLanguage\":\"en-GB\",\"@id\":\"https:\/\/hlinar.sk\/fotogaleria\/#primaryimage\",\"url\":\"http:\/\/hlinar.sk\/sk\/wp-content\/uploads\/2019\/02\/974dad30bb6b739af6c1bfbb27595b60.jpg\",\"contentUrl\":\"http:\/\/hlinar.sk\/sk\/wp-content\/uploads\/2019\/02\/974dad30bb6b739af6c1bfbb27595b60.jpg\"},{\"@type\":\"BreadcrumbList\",\"@id\":\"https:\/\/hlinar.sk\/fotogaleria\/#breadcrumb\",\"itemListElement\":[{\"@type\":\"ListItem\",\"position\":1,\"name\":\"Home\",\"item\":\"https:\/\/hlinar.sk\/\"},{\"@type\":\"ListItem\",\"position\":2,\"name\":\"Uk\u00e1\u017eky mojej pr\u00e1ce\"}]},{\"@type\":\"WebSite\",\"@id\":\"https:\/\/hlinar.sk\/#website\",\"url\":\"https:\/\/hlinar.sk\/\",\"name\":\"HLIN\u00c1R Stano Prorok\",\"description\":\"Stavebniny od pr\u00edrody.\",\"publisher\":{\"@id\":\"https:\/\/hlinar.sk\/#organization\"},\"potentialAction\":[{\"@type\":\"SearchAction\",\"target\":{\"@type\":\"EntryPoint\",\"urlTemplate\":\"https:\/\/hlinar.sk\/?s={search_term_string}\"},\"query-input\":{\"@type\":\"PropertyValueSpecification\",\"valueRequired\":true,\"valueName\":\"search_term_string\"}}],\"inLanguage\":\"en-GB\"},{\"@type\":\"Organization\",\"@id\":\"https:\/\/hlinar.sk\/#organization\",\"name\":\"HLIN\u00c1R Stano Prorok\",\"url\":\"https:\/\/hlinar.sk\/\",\"logo\":{\"@type\":\"ImageObject\",\"inLanguage\":\"en-GB\",\"@id\":\"https:\/\/hlinar.sk\/#\/schema\/logo\/image\/\",\"url\":\"https:\/\/hlinar.sk\/sk\/wp-content\/uploads\/2020\/11\/logo-na-stranku-s-nazvom-priesvit-biele.png\",\"contentUrl\":\"https:\/\/hlinar.sk\/sk\/wp-content\/uploads\/2020\/11\/logo-na-stranku-s-nazvom-priesvit-biele.png\",\"width\":8048,\"height\":1432,\"caption\":\"HLIN\u00c1R Stano Prorok\"},\"image\":{\"@id\":\"https:\/\/hlinar.sk\/#\/schema\/logo\/image\/\"}}]}<\/script>\n<!-- \/ Yoast SEO plugin. -->","yoast_head_json":{"title":"Uk\u00e1\u017eky mojej pr\u00e1ce - HLIN\u00c1R Stano Prorok","robots":{"index":"index","follow":"follow","max-snippet":"max-snippet:-1","max-image-preview":"max-image-preview:large","max-video-preview":"max-video-preview:-1"},"canonical":"https:\/\/hlinar.sk\/en\/fotogaleria\/","og_locale":"en_GB","og_type":"article","og_title":"Uk\u00e1\u017eky mojej pr\u00e1ce - HLIN\u00c1R Stano Prorok","og_description":"Fotky z mojich realiz\u00e1ci\u00ed Tu si m\u00f4\u017eete pozrie\u0165 zop\u00e1r fotiek z niektor\u00fdch mojich pr\u00e1c na z\u00e1kazku aj pre rados\u0165&#8230; Vyberte si pod\u013ea kateg\u00f3rie: &nbsp;","og_url":"https:\/\/hlinar.sk\/en\/fotogaleria\/","og_site_name":"HLIN\u00c1R Stano Prorok","article_modified_time":"2020-01-15T21:02:46+00:00","og_image":[{"url":"http:\/\/hlinar.sk\/sk\/wp-content\/uploads\/2019\/02\/974dad30bb6b739af6c1bfbb27595b60.jpg","type":"","width":"","height":""}],"twitter_card":"summary_large_image","schema":{"@context":"https:\/\/schema.org","@graph":[{"@type":"WebPage","@id":"https:\/\/hlinar.sk\/fotogaleria\/","url":"https:\/\/hlinar.sk\/fotogaleria\/","name":"Uk\u00e1\u017eky mojej pr\u00e1ce - HLIN\u00c1R Stano Prorok","isPartOf":{"@id":"https:\/\/hlinar.sk\/#website"},"primaryImageOfPage":{"@id":"https:\/\/hlinar.sk\/fotogaleria\/#primaryimage"},"image":{"@id":"https:\/\/hlinar.sk\/fotogaleria\/#primaryimage"},"thumbnailUrl":"http:\/\/hlinar.sk\/sk\/wp-content\/uploads\/2019\/02\/974dad30bb6b739af6c1bfbb27595b60.jpg","datePublished":"2017-12-24T08:50:18+00:00","dateModified":"2020-01-15T21:02:46+00:00","breadcrumb":{"@id":"https:\/\/hlinar.sk\/fotogaleria\/#breadcrumb"},"inLanguage":"en-GB","potentialAction":[{"@type":"ReadAction","target":["https:\/\/hlinar.sk\/fotogaleria\/"]}]},{"@type":"ImageObject","inLanguage":"en-GB","@id":"https:\/\/hlinar.sk\/fotogaleria\/#primaryimage","url":"http:\/\/hlinar.sk\/sk\/wp-content\/uploads\/2019\/02\/974dad30bb6b739af6c1bfbb27595b60.jpg","contentUrl":"http:\/\/hlinar.sk\/sk\/wp-content\/uploads\/2019\/02\/974dad30bb6b739af6c1bfbb27595b60.jpg"},{"@type":"BreadcrumbList","@id":"https:\/\/hlinar.sk\/fotogaleria\/#breadcrumb","itemListElement":[{"@type":"ListItem","position":1,"name":"Home","item":"https:\/\/hlinar.sk\/"},{"@type":"ListItem","position":2,"name":"Uk\u00e1\u017eky mojej pr\u00e1ce"}]},{"@type":"WebSite","@id":"https:\/\/hlinar.sk\/#website","url":"https:\/\/hlinar.sk\/","name":"HLIN\u00c1R Stano Prorok","description":"Stavebniny od pr\u00edrody.","publisher":{"@id":"https:\/\/hlinar.sk\/#organization"},"potentialAction":[{"@type":"SearchAction","target":{"@type":"EntryPoint","urlTemplate":"https:\/\/hlinar.sk\/?s={search_term_string}"},"query-input":{"@type":"PropertyValueSpecification","valueRequired":true,"valueName":"search_term_string"}}],"inLanguage":"en-GB"},{"@type":"Organization","@id":"https:\/\/hlinar.sk\/#organization","name":"HLIN\u00c1R Stano Prorok","url":"https:\/\/hlinar.sk\/","logo":{"@type":"ImageObject","inLanguage":"en-GB","@id":"https:\/\/hlinar.sk\/#\/schema\/logo\/image\/","url":"https:\/\/hlinar.sk\/sk\/wp-content\/uploads\/2020\/11\/logo-na-stranku-s-nazvom-priesvit-biele.png","contentUrl":"https:\/\/hlinar.sk\/sk\/wp-content\/uploads\/2020\/11\/logo-na-stranku-s-nazvom-priesvit-biele.png","width":8048,"height":1432,"caption":"HLIN\u00c1R Stano Prorok"},"image":{"@id":"https:\/\/hlinar.sk\/#\/schema\/logo\/image\/"}}]}},"_links":{"self":[{"href":"https:\/\/hlinar.sk\/en\/wp-json\/wp\/v2\/pages\/29","targetHints":{"allow":["GET"]}}],"collection":[{"href":"https:\/\/hlinar.sk\/en\/wp-json\/wp\/v2\/pages"}],"about":[{"href":"https:\/\/hlinar.sk\/en\/wp-json\/wp\/v2\/types\/page"}],"author":[{"embeddable":true,"href":"https:\/\/hlinar.sk\/en\/wp-json\/wp\/v2\/users\/2"}],"replies":[{"embeddable":true,"href":"https:\/\/hlinar.sk\/en\/wp-json\/wp\/v2\/comments?post=29"}],"version-history":[{"count":22,"href":"https:\/\/hlinar.sk\/en\/wp-json\/wp\/v2\/pages\/29\/revisions"}],"predecessor-version":[{"id":2395,"href":"https:\/\/hlinar.sk\/en\/wp-json\/wp\/v2\/pages\/29\/revisions\/2395"}],"wp:attachment":[{"href":"https:\/\/hlinar.sk\/en\/wp-json\/wp\/v2\/media?parent=29"}],"curies":[{"name":"wp","href":"https:\/\/api.w.org\/{rel}","templated":true}]}}