{"id":17,"date":"2017-12-24T09:47:39","date_gmt":"2017-12-24T08:47:39","guid":{"rendered":"http:\/\/localhost\/hlinar\/?page_id=17"},"modified":"2020-01-15T21:59:20","modified_gmt":"2020-01-15T20:59:20","slug":"marocky-stuk-tadelakt","status":"publish","type":"page","link":"https:\/\/hlinar.sk\/en\/marocky-stuk-tadelakt\/","title":{"rendered":"Marock\u00fd \u0161tuk &#8211; Tadelakt"},"content":{"rendered":"<h4 style=\"text-align: center;\"><span style=\"font-size: 18pt; color: #993300; font-family: papiruss;\"><strong>Marock\u00fd \u0161tuk &#8211; Tadelakt<br \/>\n<\/strong><\/span><\/h4>\n<p style=\"text-align: center;\"><em>\u201ePevn\u00fd ako skala \u2013 jemn\u00fd ako hodv\u00e1b\u201c.<\/em><\/p>\n<p>Takto opisuj\u00fa remeseln\u00edci v&nbsp;Maroku unik\u00e1tnu vodeodoln\u00fa povrchov\u00fa \u00fapravu zvan\u00fa marock\u00fd \u0161tuk\u2013tadelakt. Slovo tadelakt je Berbersk\u00e9ho p\u00f4vodu a vo\u013ene prelo\u017een\u00e9 znamen\u00e1 \u201ele\u0161ti\u0165\u201c, \u201evtrie\u0165\u201c, \u201evmas\u00edrova\u0165\u201c, \u201cvtla\u010di\u0165\u201c alebo \u201epremiesi\u0165\u201c, \u010do vystihuje sp\u00f4sob aplik\u00e1cie marock\u00e9ho \u0161tuku-tadelaktu.<\/p>\n<p>Marock\u00fd \u0161tuk\u2013tadelakt je tenk\u00fd \u0161tuk (len nieko\u013eko milimetrov a\u017e centimeter) zlo\u017een\u00fd z&nbsp;u\u0161\u013eachtil\u00fdch, \u010disto pr\u00edrodn\u00fdch surov\u00edn bez ak\u00fdchko\u013evek chemick\u00fdch \u010di zdraviu \u0161kodliv\u00fdch pr\u00edmes\u00ed (v\u00e1pno, mramorov\u00e1 m\u00fa\u010dka, kremi\u010dit\u00fd piesok&#8230;). V\u010faka z\u00e1kladnej zlo\u017eke \u2013 v\u00e1pnu, je marock\u00fd \u0161tuk antibakteri\u00e1lny a&nbsp;teda hygienicky vhodn\u00fd do vlhk\u00fdch priestorov. Prec\u00edzne zhutnen\u00fd a&nbsp;vyle\u0161ten\u00fd povrch ho rob\u00ed vodeodoln\u00fdm. M\u00f4\u017ee sa aplikova\u0165 na vane, um\u00fdvadl\u00e1, podlahy, steny \u010di sprchov\u00e9 k\u00faty. Mo\u017eno ho pou\u017ei\u0165 aj na \u010dasti pec\u00ed a krbov, ktor\u00e9 nie s\u00fa pr\u00edli\u0161 tepelne nam\u00e1han\u00e9.<\/p>\n<p><img loading=\"lazy\" decoding=\"async\" class=\"aligncenter wp-image-1864 size-full\" src=\"http:\/\/hlinar.sk\/sk\/wp-content\/uploads\/2019\/03\/marocky-stuk-tadelakt-umyvadlo-300x225.jpg\" alt=\"\" width=\"300\" height=\"225\">Marock\u00fd \u0161tuk si ako jeden z&nbsp;m\u00e1la vode odoln\u00fdch povrchov zachov\u00e1va paropriepustnos\u0165, \u010do umo\u017e\u0148uje dif\u00faziu (prestup) vodn\u00fdch p\u00e1r z&nbsp;podkladu. \u013dudovo sa tomu vrav\u00ed, \u017ee materi\u00e1l m\u00f4\u017ee \u201ed\u00fdcha\u0165\u201c. Toto je d\u00f4le\u017eit\u00e9 z&nbsp;hygienick\u00e9ho h\u013eadiska, preto\u017ee v&nbsp;miestach s&nbsp;dlhodob\u00fdm p\u00f4soben\u00edm vlhkosti vznikaj\u00fa podmienky pre tvorbu a&nbsp;\u0161\u00edrenie plesn\u00ed a&nbsp;z&nbsp;technologick\u00e9ho h\u013eadiska &#8211; niektor\u00e9 materi\u00e1ly dlhodob\u00fdm p\u00f4soben\u00edm vody degraduj\u00fa.<\/p>\n<p>\u010eal\u0161ou prednos\u0165ou marock\u00e9ho \u0161tuku je mo\u017enos\u0165 s\u00favisl\u00e9ho povrchu bez \u0161p\u00e1r a&nbsp;spojov, \u010do zabra\u0148uje zachyt\u00e1vaniu ne\u010dist\u00f4t a zjednodu\u0161uje jeho \u00fadr\u017ebu.<\/p>\n<p>Marock\u00fd \u0161tuk je mo\u017en\u00e9 aplikova\u0165 na ak\u00e9ko\u013evek tvary, fant\u00e1zia tu nem\u00e1 hranice. Technikou aplik\u00e1cie je mo\u017en\u00e9 vytv\u00e1ra\u0165 r\u00f4zne nepravideln\u00e9 \u0161trukt\u00fary, ktor\u00e9 zvy\u0161uj\u00fa autenticitu a&nbsp;jedine\u010dnos\u0165 ka\u017ed\u00e9ho diela.<\/p>\n<p>Marock\u00fd \u0161tuk je mo\u017en\u00e9 takmer neobmedzene farebne t\u00f3nova\u0165 pr\u00edrodn\u00fdmi pigmentmi, ktor\u00e9 s\u00fa neutr\u00e1lne vo\u010di v\u00e1pnu a&nbsp;UV stabiln\u00e9 (\u010dasom nemenia svoju intenzitu).<\/p>\n<p><strong><img loading=\"lazy\" decoding=\"async\" class=\"aligncenter wp-image-1865 size-full\" src=\"https:\/\/hlinar.sk\/sk\/wp-content\/uploads\/2019\/03\/pigmenty-kreidezeit-275x300.jpg\" alt=\"\" width=\"275\" height=\"300\">&nbsp;<\/strong><\/p>\n<h4 style=\"text-align: center;\"><strong><span style=\"font-family: papiruss; color: #993300;\">Marock\u00fd \u0161tuk-Tadelakt<\/span><\/strong><\/h4>\n<h4 style=\"text-align: center;\"><span style=\"font-family: Papyrus ok;\">HIST\u00d3RIA<\/span><\/h4>\n<p>Hist\u00f3ria omietky naz\u00fdvanej marock\u00fd \u0161tuk \u2013 tadelakt siaha do 11. storo\u010dia, kedy berbersk\u00ed stavitelia za\u010dali pre v\u00fdrobu v\u00e1pna pou\u017e\u00edva\u0165 v\u00e1penec z&nbsp;pohoria Vysok\u00e9ho Atlasu. Tento v\u00e1penec je vz\u00e1cny t\u00fdm, \u017ee obsahuje ne\u010distoty (pomerne vysok\u00e9 percento \u00edlu, oxid kremi\u010dit\u00fd&#8230;) a&nbsp;to ho \u010din\u00ed hydraulick\u00fdm. Tak\u00e9to v\u00e1pno je vhodn\u00e9 k v\u00fdrobe vode odolnej omietky zvanej marock\u00fd \u0161tuk \u2013 tadelakt. Dodnes sa v&nbsp;Maroku toto v\u00e1pno p\u00e1li \u201eru\u010dne\u201c v&nbsp;jam\u00e1ch bez akejko\u013evek mechaniz\u00e1cie a&nbsp;modern\u00fdch pom\u00f4cok.<\/p>\n<p>Technika le\u0161ten\u00fdch omietok v&nbsp;Maroku je pravdepodobne dedi\u010dstvo antiky, o&nbsp;\u010dom sved\u010d\u00ed n\u00e1padn\u00e1 podobnos\u0165 s technikou vysoko leskl\u00e9ho povrchu &#8211; <a href=\"https:\/\/www.google.sk\/search?q=Stucco+lustro+images&amp;tbm=isch&amp;tbo=u&amp;source=univ&amp;sa=X&amp;ved=0ahUKEwjF9LCrw5PKAhVDCiwKHck2CBwQsAQIHQ&amp;biw=1280&amp;bih=871\" target=\"_blank\" rel=\"noopener noreferrer\">Stucco lustro<\/a> poch\u00e1dzaj\u00facej z&nbsp;obdobia 1.storo\u010dia p.n.l.<\/p>\n<p>Na po\u010diatku pou\u017e\u00edvali marock\u00fd \u0161tuk &#8211; tadelakt na vymaz\u00e1vanie cisterien na vodu, aby dosiahli dlhodob\u00fa vodeodolnos\u0165 t\u00fdchto n\u00e1dr\u017e\u00ed. Nesk\u00f4r sa za\u010dal pou\u017e\u00edva\u0165 na fas\u00e1dy, drobn\u00e9 n\u00e1doby na vodu, vo verejn\u00fdch k\u00fape\u013eoch zvan\u00fdch \u201ehammam\u201c a&nbsp;v&nbsp;pal\u00e1coch.<\/p>\n<p>Marock\u00fd \u0161tuk je jedn\u00fdm z&nbsp;najkraj\u0161\u00edch a&nbsp;unik\u00e1tnych ru\u010dne roben\u00fdch povrchov. Majster vklad\u00e1 svoju du\u0161u do ka\u017ed\u00e9ho centimetra \u0161tvorcov\u00e9ho a&nbsp;kone\u010dn\u00e9 dielo je jeho duchovn\u00fdm vlastn\u00edctvom. Marock\u00fd \u0161tuk &#8211; kr\u00e1sa ktor\u00e1 sa ned\u00e1 naplno prec\u00edti\u0165 len o\u010dami, ale a\u017e v&nbsp;spojen\u00ed s&nbsp;dotykom ruky sa zmysly spoja aby priniesli z\u00e1\u017eitok, ktor\u00fd nie je mo\u017en\u00e9 pripodobni\u0165 in\u00e9mu pocitu.<\/p>\n<p><img loading=\"lazy\" decoding=\"async\" class=\"aligncenter wp-image-1863 size-full\" src=\"http:\/\/hlinar.sk\/sk\/wp-content\/uploads\/2019\/03\/marock-tuk-tadelakt-sprchov-kt-02-200x300.jpg\" alt=\"\" width=\"200\" height=\"300\"><\/p>\n<p>Fotografie z mojich realiz\u00e1ci\u00ed n\u00e1jdete v<a href=\"https:\/\/hlinar.sk\/en\/fotogaleria\/fotky-tadelakt\/\" target=\"_blank\" rel=\"noopener noreferrer\"> gal\u00e9rii.<\/a><\/p>","protected":false},"excerpt":{"rendered":"<p>Marock\u00fd \u0161tuk &#8211; Tadelakt \u201ePevn\u00fd ako skala \u2013 jemn\u00fd ako hodv\u00e1b\u201c. Takto opisuj\u00fa remeseln\u00edci v&nbsp;Maroku unik\u00e1tnu vodeodoln\u00fa povrchov\u00fa \u00fapravu zvan\u00fa marock\u00fd \u0161tuk\u2013tadelakt. Slovo tadelakt je Berbersk\u00e9ho p\u00f4vodu a vo\u013ene prelo\u017een\u00e9 znamen\u00e1 \u201ele\u0161ti\u0165\u201c, \u201evtrie\u0165\u201c, \u201evmas\u00edrova\u0165\u201c, \u201cvtla\u010di\u0165\u201c alebo \u201epremiesi\u0165\u201c, \u010do vystihuje sp\u00f4sob aplik\u00e1cie marock\u00e9ho \u0161tuku-tadelaktu. Marock\u00fd \u0161tuk\u2013tadelakt je tenk\u00fd \u0161tuk (len nieko\u013eko milimetrov a\u017e centimeter) zlo\u017een\u00fd z&nbsp;u\u0161\u013eachtil\u00fdch, [&hellip;]<\/p>\n","protected":false},"author":2,"featured_media":0,"parent":0,"menu_order":0,"comment_status":"closed","ping_status":"closed","template":"","meta":{"ngg_post_thumbnail":0,"footnotes":""},"class_list":["post-17","page","type-page","status-publish","hentry"],"yoast_head":"<!-- This site is optimized with the Yoast SEO plugin v27.2 - https:\/\/yoast.com\/product\/yoast-seo-wordpress\/ -->\n<title>Marock\u00fd \u0161tuk - TADELAKT - realiz\u00e1cie HLIN\u00c1R Stano Prorok<\/title>\n<meta name=\"description\" content=\"V\u010faka z\u00e1kladnej zlo\u017eke \u2013 v\u00e1pnu, je marock\u00fd \u0161tuk antibakteri\u00e1lny a teda hygienicky vhodn\u00fd do vlhk\u00fdch priestorov. Prec\u00edzne zhutnen\u00fd a vyle\u0161ten\u00fd povrch ho rob\u00ed vodeodoln\u00fdm. M\u00f4\u017ee sa aplikova\u0165 na vane, um\u00fdvadl\u00e1, podlahy, steny \u010di sprchov\u00e9 k\u00faty. Mo\u017eno ho pou\u017ei\u0165 aj na \u010dasti pec\u00ed a krbov, ktor\u00e9 nie s\u00fa pr\u00edli\u0161 tepelne nam\u00e1han\u00e9.\" \/>\n<meta name=\"robots\" content=\"index, follow, max-snippet:-1, max-image-preview:large, max-video-preview:-1\" \/>\n<link rel=\"canonical\" href=\"https:\/\/hlinar.sk\/en\/marocky-stuk-tadelakt\/\" \/>\n<meta property=\"og:locale\" content=\"en_GB\" \/>\n<meta property=\"og:type\" content=\"article\" \/>\n<meta property=\"og:title\" content=\"Marock\u00fd \u0161tuk - TADELAKT - realiz\u00e1cie HLIN\u00c1R Stano Prorok\" \/>\n<meta property=\"og:description\" content=\"V\u010faka z\u00e1kladnej zlo\u017eke \u2013 v\u00e1pnu, je marock\u00fd \u0161tuk antibakteri\u00e1lny a teda hygienicky vhodn\u00fd do vlhk\u00fdch priestorov. Prec\u00edzne zhutnen\u00fd a vyle\u0161ten\u00fd povrch ho rob\u00ed vodeodoln\u00fdm. M\u00f4\u017ee sa aplikova\u0165 na vane, um\u00fdvadl\u00e1, podlahy, steny \u010di sprchov\u00e9 k\u00faty. Mo\u017eno ho pou\u017ei\u0165 aj na \u010dasti pec\u00ed a krbov, ktor\u00e9 nie s\u00fa pr\u00edli\u0161 tepelne nam\u00e1han\u00e9.\" \/>\n<meta property=\"og:url\" content=\"https:\/\/hlinar.sk\/en\/marocky-stuk-tadelakt\/\" \/>\n<meta property=\"og:site_name\" content=\"HLIN\u00c1R Stano Prorok\" \/>\n<meta property=\"article:modified_time\" content=\"2020-01-15T20:59:20+00:00\" \/>\n<meta property=\"og:image\" content=\"http:\/\/hlinar.sk\/sk\/wp-content\/uploads\/2019\/03\/marocky-stuk-tadelakt-umyvadlo-300x225.jpg\" \/>\n<meta name=\"twitter:card\" content=\"summary_large_image\" \/>\n<meta name=\"twitter:label1\" content=\"Estimated reading time\" \/>\n\t<meta name=\"twitter:data1\" content=\"3 minutes\" \/>\n<script type=\"application\/ld+json\" class=\"yoast-schema-graph\">{\"@context\":\"https:\/\/schema.org\",\"@graph\":[{\"@type\":\"WebPage\",\"@id\":\"https:\/\/hlinar.sk\/marocky-stuk-tadelakt\/\",\"url\":\"https:\/\/hlinar.sk\/marocky-stuk-tadelakt\/\",\"name\":\"Marock\u00fd \u0161tuk - TADELAKT - realiz\u00e1cie HLIN\u00c1R Stano Prorok\",\"isPartOf\":{\"@id\":\"https:\/\/hlinar.sk\/#website\"},\"primaryImageOfPage\":{\"@id\":\"https:\/\/hlinar.sk\/marocky-stuk-tadelakt\/#primaryimage\"},\"image\":{\"@id\":\"https:\/\/hlinar.sk\/marocky-stuk-tadelakt\/#primaryimage\"},\"thumbnailUrl\":\"http:\/\/hlinar.sk\/sk\/wp-content\/uploads\/2019\/03\/marocky-stuk-tadelakt-umyvadlo-300x225.jpg\",\"datePublished\":\"2017-12-24T08:47:39+00:00\",\"dateModified\":\"2020-01-15T20:59:20+00:00\",\"description\":\"V\u010faka z\u00e1kladnej zlo\u017eke \u2013 v\u00e1pnu, je marock\u00fd \u0161tuk antibakteri\u00e1lny a teda hygienicky vhodn\u00fd do vlhk\u00fdch priestorov. Prec\u00edzne zhutnen\u00fd a vyle\u0161ten\u00fd povrch ho rob\u00ed vodeodoln\u00fdm. M\u00f4\u017ee sa aplikova\u0165 na vane, um\u00fdvadl\u00e1, podlahy, steny \u010di sprchov\u00e9 k\u00faty. Mo\u017eno ho pou\u017ei\u0165 aj na \u010dasti pec\u00ed a krbov, ktor\u00e9 nie s\u00fa pr\u00edli\u0161 tepelne nam\u00e1han\u00e9.\",\"breadcrumb\":{\"@id\":\"https:\/\/hlinar.sk\/marocky-stuk-tadelakt\/#breadcrumb\"},\"inLanguage\":\"en-GB\",\"potentialAction\":[{\"@type\":\"ReadAction\",\"target\":[\"https:\/\/hlinar.sk\/marocky-stuk-tadelakt\/\"]}]},{\"@type\":\"ImageObject\",\"inLanguage\":\"en-GB\",\"@id\":\"https:\/\/hlinar.sk\/marocky-stuk-tadelakt\/#primaryimage\",\"url\":\"http:\/\/hlinar.sk\/sk\/wp-content\/uploads\/2019\/03\/marocky-stuk-tadelakt-umyvadlo-300x225.jpg\",\"contentUrl\":\"http:\/\/hlinar.sk\/sk\/wp-content\/uploads\/2019\/03\/marocky-stuk-tadelakt-umyvadlo-300x225.jpg\"},{\"@type\":\"BreadcrumbList\",\"@id\":\"https:\/\/hlinar.sk\/marocky-stuk-tadelakt\/#breadcrumb\",\"itemListElement\":[{\"@type\":\"ListItem\",\"position\":1,\"name\":\"Home\",\"item\":\"https:\/\/hlinar.sk\/\"},{\"@type\":\"ListItem\",\"position\":2,\"name\":\"Marock\u00fd \u0161tuk &#8211; Tadelakt\"}]},{\"@type\":\"WebSite\",\"@id\":\"https:\/\/hlinar.sk\/#website\",\"url\":\"https:\/\/hlinar.sk\/\",\"name\":\"HLIN\u00c1R Stano Prorok\",\"description\":\"Stavebniny od pr\u00edrody.\",\"publisher\":{\"@id\":\"https:\/\/hlinar.sk\/#organization\"},\"potentialAction\":[{\"@type\":\"SearchAction\",\"target\":{\"@type\":\"EntryPoint\",\"urlTemplate\":\"https:\/\/hlinar.sk\/?s={search_term_string}\"},\"query-input\":{\"@type\":\"PropertyValueSpecification\",\"valueRequired\":true,\"valueName\":\"search_term_string\"}}],\"inLanguage\":\"en-GB\"},{\"@type\":\"Organization\",\"@id\":\"https:\/\/hlinar.sk\/#organization\",\"name\":\"HLIN\u00c1R Stano Prorok\",\"url\":\"https:\/\/hlinar.sk\/\",\"logo\":{\"@type\":\"ImageObject\",\"inLanguage\":\"en-GB\",\"@id\":\"https:\/\/hlinar.sk\/#\/schema\/logo\/image\/\",\"url\":\"https:\/\/hlinar.sk\/sk\/wp-content\/uploads\/2020\/11\/logo-na-stranku-s-nazvom-priesvit-biele.png\",\"contentUrl\":\"https:\/\/hlinar.sk\/sk\/wp-content\/uploads\/2020\/11\/logo-na-stranku-s-nazvom-priesvit-biele.png\",\"width\":8048,\"height\":1432,\"caption\":\"HLIN\u00c1R Stano Prorok\"},\"image\":{\"@id\":\"https:\/\/hlinar.sk\/#\/schema\/logo\/image\/\"}}]}<\/script>\n<!-- \/ Yoast SEO plugin. -->","yoast_head_json":{"title":"Marock\u00fd \u0161tuk - TADELAKT - realiz\u00e1cie HLIN\u00c1R Stano Prorok","description":"V\u010faka z\u00e1kladnej zlo\u017eke \u2013 v\u00e1pnu, je marock\u00fd \u0161tuk antibakteri\u00e1lny a teda hygienicky vhodn\u00fd do vlhk\u00fdch priestorov. Prec\u00edzne zhutnen\u00fd a vyle\u0161ten\u00fd povrch ho rob\u00ed vodeodoln\u00fdm. M\u00f4\u017ee sa aplikova\u0165 na vane, um\u00fdvadl\u00e1, podlahy, steny \u010di sprchov\u00e9 k\u00faty. Mo\u017eno ho pou\u017ei\u0165 aj na \u010dasti pec\u00ed a krbov, ktor\u00e9 nie s\u00fa pr\u00edli\u0161 tepelne nam\u00e1han\u00e9.","robots":{"index":"index","follow":"follow","max-snippet":"max-snippet:-1","max-image-preview":"max-image-preview:large","max-video-preview":"max-video-preview:-1"},"canonical":"https:\/\/hlinar.sk\/en\/marocky-stuk-tadelakt\/","og_locale":"en_GB","og_type":"article","og_title":"Marock\u00fd \u0161tuk - TADELAKT - realiz\u00e1cie HLIN\u00c1R Stano Prorok","og_description":"V\u010faka z\u00e1kladnej zlo\u017eke \u2013 v\u00e1pnu, je marock\u00fd \u0161tuk antibakteri\u00e1lny a teda hygienicky vhodn\u00fd do vlhk\u00fdch priestorov. Prec\u00edzne zhutnen\u00fd a vyle\u0161ten\u00fd povrch ho rob\u00ed vodeodoln\u00fdm. M\u00f4\u017ee sa aplikova\u0165 na vane, um\u00fdvadl\u00e1, podlahy, steny \u010di sprchov\u00e9 k\u00faty. Mo\u017eno ho pou\u017ei\u0165 aj na \u010dasti pec\u00ed a krbov, ktor\u00e9 nie s\u00fa pr\u00edli\u0161 tepelne nam\u00e1han\u00e9.","og_url":"https:\/\/hlinar.sk\/en\/marocky-stuk-tadelakt\/","og_site_name":"HLIN\u00c1R Stano Prorok","article_modified_time":"2020-01-15T20:59:20+00:00","og_image":[{"url":"http:\/\/hlinar.sk\/sk\/wp-content\/uploads\/2019\/03\/marocky-stuk-tadelakt-umyvadlo-300x225.jpg","type":"","width":"","height":""}],"twitter_card":"summary_large_image","twitter_misc":{"Estimated reading time":"3 minutes"},"schema":{"@context":"https:\/\/schema.org","@graph":[{"@type":"WebPage","@id":"https:\/\/hlinar.sk\/marocky-stuk-tadelakt\/","url":"https:\/\/hlinar.sk\/marocky-stuk-tadelakt\/","name":"Marock\u00fd \u0161tuk - TADELAKT - realiz\u00e1cie HLIN\u00c1R Stano Prorok","isPartOf":{"@id":"https:\/\/hlinar.sk\/#website"},"primaryImageOfPage":{"@id":"https:\/\/hlinar.sk\/marocky-stuk-tadelakt\/#primaryimage"},"image":{"@id":"https:\/\/hlinar.sk\/marocky-stuk-tadelakt\/#primaryimage"},"thumbnailUrl":"http:\/\/hlinar.sk\/sk\/wp-content\/uploads\/2019\/03\/marocky-stuk-tadelakt-umyvadlo-300x225.jpg","datePublished":"2017-12-24T08:47:39+00:00","dateModified":"2020-01-15T20:59:20+00:00","description":"V\u010faka z\u00e1kladnej zlo\u017eke \u2013 v\u00e1pnu, je marock\u00fd \u0161tuk antibakteri\u00e1lny a teda hygienicky vhodn\u00fd do vlhk\u00fdch priestorov. Prec\u00edzne zhutnen\u00fd a vyle\u0161ten\u00fd povrch ho rob\u00ed vodeodoln\u00fdm. M\u00f4\u017ee sa aplikova\u0165 na vane, um\u00fdvadl\u00e1, podlahy, steny \u010di sprchov\u00e9 k\u00faty. Mo\u017eno ho pou\u017ei\u0165 aj na \u010dasti pec\u00ed a krbov, ktor\u00e9 nie s\u00fa pr\u00edli\u0161 tepelne nam\u00e1han\u00e9.","breadcrumb":{"@id":"https:\/\/hlinar.sk\/marocky-stuk-tadelakt\/#breadcrumb"},"inLanguage":"en-GB","potentialAction":[{"@type":"ReadAction","target":["https:\/\/hlinar.sk\/marocky-stuk-tadelakt\/"]}]},{"@type":"ImageObject","inLanguage":"en-GB","@id":"https:\/\/hlinar.sk\/marocky-stuk-tadelakt\/#primaryimage","url":"http:\/\/hlinar.sk\/sk\/wp-content\/uploads\/2019\/03\/marocky-stuk-tadelakt-umyvadlo-300x225.jpg","contentUrl":"http:\/\/hlinar.sk\/sk\/wp-content\/uploads\/2019\/03\/marocky-stuk-tadelakt-umyvadlo-300x225.jpg"},{"@type":"BreadcrumbList","@id":"https:\/\/hlinar.sk\/marocky-stuk-tadelakt\/#breadcrumb","itemListElement":[{"@type":"ListItem","position":1,"name":"Home","item":"https:\/\/hlinar.sk\/"},{"@type":"ListItem","position":2,"name":"Marock\u00fd \u0161tuk &#8211; Tadelakt"}]},{"@type":"WebSite","@id":"https:\/\/hlinar.sk\/#website","url":"https:\/\/hlinar.sk\/","name":"HLIN\u00c1R Stano Prorok","description":"Stavebniny od pr\u00edrody.","publisher":{"@id":"https:\/\/hlinar.sk\/#organization"},"potentialAction":[{"@type":"SearchAction","target":{"@type":"EntryPoint","urlTemplate":"https:\/\/hlinar.sk\/?s={search_term_string}"},"query-input":{"@type":"PropertyValueSpecification","valueRequired":true,"valueName":"search_term_string"}}],"inLanguage":"en-GB"},{"@type":"Organization","@id":"https:\/\/hlinar.sk\/#organization","name":"HLIN\u00c1R Stano Prorok","url":"https:\/\/hlinar.sk\/","logo":{"@type":"ImageObject","inLanguage":"en-GB","@id":"https:\/\/hlinar.sk\/#\/schema\/logo\/image\/","url":"https:\/\/hlinar.sk\/sk\/wp-content\/uploads\/2020\/11\/logo-na-stranku-s-nazvom-priesvit-biele.png","contentUrl":"https:\/\/hlinar.sk\/sk\/wp-content\/uploads\/2020\/11\/logo-na-stranku-s-nazvom-priesvit-biele.png","width":8048,"height":1432,"caption":"HLIN\u00c1R Stano Prorok"},"image":{"@id":"https:\/\/hlinar.sk\/#\/schema\/logo\/image\/"}}]}},"_links":{"self":[{"href":"https:\/\/hlinar.sk\/en\/wp-json\/wp\/v2\/pages\/17","targetHints":{"allow":["GET"]}}],"collection":[{"href":"https:\/\/hlinar.sk\/en\/wp-json\/wp\/v2\/pages"}],"about":[{"href":"https:\/\/hlinar.sk\/en\/wp-json\/wp\/v2\/types\/page"}],"author":[{"embeddable":true,"href":"https:\/\/hlinar.sk\/en\/wp-json\/wp\/v2\/users\/2"}],"replies":[{"embeddable":true,"href":"https:\/\/hlinar.sk\/en\/wp-json\/wp\/v2\/comments?post=17"}],"version-history":[{"count":15,"href":"https:\/\/hlinar.sk\/en\/wp-json\/wp\/v2\/pages\/17\/revisions"}],"predecessor-version":[{"id":2389,"href":"https:\/\/hlinar.sk\/en\/wp-json\/wp\/v2\/pages\/17\/revisions\/2389"}],"wp:attachment":[{"href":"https:\/\/hlinar.sk\/en\/wp-json\/wp\/v2\/media?parent=17"}],"curies":[{"name":"wp","href":"https:\/\/api.w.org\/{rel}","templated":true}]}}